{"id":1515,"date":"2019-09-20T11:43:02","date_gmt":"2019-09-20T09:43:02","guid":{"rendered":"https:\/\/help.mediaboard.com\/?page_id=1515"},"modified":"2023-09-25T16:43:38","modified_gmt":"2023-09-25T14:43:38","slug":"kos","status":"publish","type":"page","link":"https:\/\/help.mediaboard.com\/cs\/mediaboard\/jak-mediaboard-pouzivat\/kos\/","title":{"rendered":"Ko\u0161"},"content":{"rendered":"\n<p>V sekci Ko\u0161 m\u00e1te mo\u017enost obnovit \u010dl\u00e1nky, kter\u00e9 jste si smazali. <\/p>\n\n\n\n<figure class=\"wp-block-image size-large\"><img loading=\"lazy\" width=\"1024\" height=\"290\" src=\"https:\/\/help.mediaboard.com\/wp-content\/uploads\/2023\/09\/Screeny-podpora-MB-2900-x-820-px-1024x290.png\" alt=\"\" class=\"wp-image-3074\" srcset=\"https:\/\/help.mediaboard.com\/wp-content\/uploads\/2023\/09\/Screeny-podpora-MB-2900-x-820-px-1024x290.png 1024w, https:\/\/help.mediaboard.com\/wp-content\/uploads\/2023\/09\/Screeny-podpora-MB-2900-x-820-px-300x85.png 300w, https:\/\/help.mediaboard.com\/wp-content\/uploads\/2023\/09\/Screeny-podpora-MB-2900-x-820-px-768x217.png 768w, https:\/\/help.mediaboard.com\/wp-content\/uploads\/2023\/09\/Screeny-podpora-MB-2900-x-820-px-1536x434.png 1536w, https:\/\/help.mediaboard.com\/wp-content\/uploads\/2023\/09\/Screeny-podpora-MB-2900-x-820-px-2048x579.png 2048w\" sizes=\"(max-width: 1024px) 100vw, 1024px\" \/><\/figure>\n\n\n\n<p><\/p>\n","protected":false},"excerpt":{"rendered":"<p>V sekci Ko\u0161 m\u00e1te mo\u017enost obnovit \u010dl\u00e1nky, kter\u00e9 jste si smazali.<\/p>\n","protected":false},"author":1,"featured_media":0,"parent":547,"menu_order":0,"comment_status":"closed","ping_status":"closed","template":"","meta":[],"_links":{"self":[{"href":"https:\/\/help.mediaboard.com\/cs\/wp-json\/wp\/v2\/pages\/1515\/"}],"collection":[{"href":"https:\/\/help.mediaboard.com\/cs\/wp-json\/wp\/v2\/pages\/"}],"about":[{"href":"https:\/\/help.mediaboard.com\/cs\/wp-json\/wp\/v2\/types\/page\/"}],"author":[{"embeddable":true,"href":"https:\/\/help.mediaboard.com\/cs\/wp-json\/wp\/v2\/users\/1\/"}],"replies":[{"embeddable":true,"href":"https:\/\/help.mediaboard.com\/cs\/wp-json\/wp\/v2\/comments\/?post=1515"}],"version-history":[{"count":3,"href":"https:\/\/help.mediaboard.com\/cs\/wp-json\/wp\/v2\/pages\/1515\/revisions\/"}],"predecessor-version":[{"id":3077,"href":"https:\/\/help.mediaboard.com\/cs\/wp-json\/wp\/v2\/pages\/1515\/revisions\/3077\/"}],"up":[{"embeddable":true,"href":"https:\/\/help.mediaboard.com\/cs\/wp-json\/wp\/v2\/pages\/547\/"}],"wp:attachment":[{"href":"https:\/\/help.mediaboard.com\/cs\/wp-json\/wp\/v2\/media\/?parent=1515"}],"curies":[{"name":"wp","href":"https:\/\/api.w.org\/{rel}","templated":true}]}}