{"id":1806,"date":"2021-09-23T10:53:45","date_gmt":"2021-09-23T08:53:45","guid":{"rendered":"https:\/\/help.mediaboard.com\/?page_id=1806"},"modified":"2023-10-02T10:29:18","modified_gmt":"2023-10-02T08:29:18","slug":"jak-socialni-media-aktivovat","status":"publish","type":"page","link":"https:\/\/help.mediaboard.com\/cs\/monitoring-socialnich-siti-2\/jak-to-funguje\/jak-socialni-media-aktivovat\/","title":{"rendered":"Aktivace soci\u00e1ln\u00edch m\u00e9di\u00ed"},"content":{"rendered":"\n<p>Pokud u\u017e u n\u00e1s m\u00e1te \u00fa\u010det, m\u016f\u017eete po\u017e\u00e1dat sv\u00e9ho Key Account mana\u017eera o vyzkou\u0161en\u00ed monitoringu soci\u00e1ln\u00edch m\u00e9di\u00ed. Mediatyp si m\u016f\u017eete nastavit bu\u010f dodate\u010dn\u011b u ji\u017e sledovan\u00fdch t\u00e9mat, nebo vytvo\u0159it nov\u00e1 t\u00e9mata pro sledov\u00e1n\u00ed pouze soci\u00e1ln\u00edch s\u00edt\u00ed.\u00a0<\/p>\n\n\n\n<div class=\"wp-block-image\"><figure class=\"aligncenter size-full is-resized\"><img loading=\"lazy\" src=\"https:\/\/help.mediaboard.com\/wp-content\/uploads\/2023\/10\/Sni\u0301mek-obrazovky-2023-10-02-v-10.26.57.png\" alt=\"\" class=\"wp-image-3149\" width=\"307\" height=\"349\" srcset=\"https:\/\/help.mediaboard.com\/wp-content\/uploads\/2023\/10\/Sni\u0301mek-obrazovky-2023-10-02-v-10.26.57.png 614w, https:\/\/help.mediaboard.com\/wp-content\/uploads\/2023\/10\/Sni\u0301mek-obrazovky-2023-10-02-v-10.26.57-264x300.png 264w\" sizes=\"(max-width: 307px) 100vw, 307px\" \/><\/figure><\/div>\n\n\n\n<p>Vyhled\u00e1v\u00e1n\u00ed pak funguje obdobn\u011b jako u tradi\u010dn\u00edch m\u00e9di\u00ed \u2013 pomoc\u00ed kl\u00ed\u010dov\u00fdch slov.\u00a0U soci\u00e1ln\u00edch s\u00edt\u00ed je specifikem, \u017ee  d\u00edky tomu m\u016f\u017eete sledovat konkr\u00e9tn\u00ed firemn\u00ed profily. Jako kl\u00ed\u010dov\u00e9 slovo m\u016f\u017eete pou\u017e\u00edt u\u017eivatelsk\u00e9 jm\u00e9no ze soci\u00e1ln\u00edch s\u00edt\u00ed <meta charset=\"utf-8\">ve form\u00e1tu se zavin\u00e1\u010dem, jako byste cht\u011bli danou firmu ozna\u010dit v koment\u00e1\u0159i nebo u p\u0159\u00edsp\u011bvku.<\/p>\n","protected":false},"excerpt":{"rendered":"<p>Pokud u\u017e u n\u00e1s m\u00e1te \u00fa\u010det, m\u016f\u017eete po\u017e\u00e1dat sv\u00e9ho Key Account mana\u017eera o vyzkou\u0161en\u00ed monitoringu soci\u00e1ln\u00edch m\u00e9di\u00ed. Mediatyp si m\u016f\u017eete nastavit bu\u010f dodate\u010dn\u011b u ji\u017e&#8230;<\/p>\n","protected":false},"author":1,"featured_media":0,"parent":887,"menu_order":0,"comment_status":"closed","ping_status":"closed","template":"","meta":[],"_links":{"self":[{"href":"https:\/\/help.mediaboard.com\/cs\/wp-json\/wp\/v2\/pages\/1806\/"}],"collection":[{"href":"https:\/\/help.mediaboard.com\/cs\/wp-json\/wp\/v2\/pages\/"}],"about":[{"href":"https:\/\/help.mediaboard.com\/cs\/wp-json\/wp\/v2\/types\/page\/"}],"author":[{"embeddable":true,"href":"https:\/\/help.mediaboard.com\/cs\/wp-json\/wp\/v2\/users\/1\/"}],"replies":[{"embeddable":true,"href":"https:\/\/help.mediaboard.com\/cs\/wp-json\/wp\/v2\/comments\/?post=1806"}],"version-history":[{"count":12,"href":"https:\/\/help.mediaboard.com\/cs\/wp-json\/wp\/v2\/pages\/1806\/revisions\/"}],"predecessor-version":[{"id":3154,"href":"https:\/\/help.mediaboard.com\/cs\/wp-json\/wp\/v2\/pages\/1806\/revisions\/3154\/"}],"up":[{"embeddable":true,"href":"https:\/\/help.mediaboard.com\/cs\/wp-json\/wp\/v2\/pages\/887\/"}],"wp:attachment":[{"href":"https:\/\/help.mediaboard.com\/cs\/wp-json\/wp\/v2\/media\/?parent=1806"}],"curies":[{"name":"wp","href":"https:\/\/api.w.org\/{rel}","templated":true}]}}