{"id":1921,"date":"2021-10-06T12:24:45","date_gmt":"2021-10-06T10:24:45","guid":{"rendered":"https:\/\/help.mediaboard.com\/?page_id=1921"},"modified":"2023-08-24T10:02:37","modified_gmt":"2023-08-24T08:02:37","slug":"dashboardy","status":"publish","type":"page","link":"https:\/\/help.mediaboard.com\/cs\/monitoring-socialnich-siti-2\/jak-to-funguje\/dashboardy\/","title":{"rendered":"Dashboardy"},"content":{"rendered":"\n<p><strong>V t\u00e9to \u010d\u00e1sti aplikace m\u016f\u017eete snadno vytvo\u0159it vlastn\u00ed analytick\u00e9 dashboardy dle parametr\u016f, kter\u00e9 pot\u0159ebujete.&nbsp;<\/strong>Sestavte si p\u0159ehledn\u00e9 a vizu\u00e1ln\u011b zaj\u00edmav\u00e9 prezentace, kter\u00e9 pak jednodu\u0161e nasd\u00edl\u00edte koleg\u016fm nebo odprezentujete na porad\u011b. Mediaboard se v\u00e1m p\u0159izp\u016fsob\u00ed a Vy m\u016f\u017eete krom\u011b graf\u016f, kter\u00e9 zn\u00e1te z Analytiky, do dashboard\u016f p\u0159id\u00e1vat&nbsp;<strong>i vlastn\u00ed pozn\u00e1mky, obr\u00e1zky nebo konkr\u00e9tn\u00ed \u010dl\u00e1nky z monitoringu.<\/strong><\/p>\n\n\n\n<p>Ka\u017edou \u010d\u00e1st dashboardu lze upravit tak, aby odpov\u00eddala Va\u0161im pot\u0159eb\u00e1m. Jednotliv\u00e9 \u010d\u00e1sti, neboli widgety, lze mezi sebou p\u0159esouvat, zv\u011bt\u0161ovat nebo zmen\u0161ovat tak, aby sed\u011bly p\u0159esn\u011b do Va\u0161eho dashboardu.&nbsp;<\/p>\n\n\n\n<p><strong>V modulu &#8222;dashboardy&#8220; p\u0159id\u00e1te widgety z r\u016fzn\u00fdch kategori\u00ed &#8211; z analytiky, statistik, p\u0159\u00edsp\u011bvk\u016f, TVR alert\u016f nebo z medialistu. <\/strong><\/p>\n\n\n\n<p>Pro p\u0159\u00edd\u00e1n\u00ed prvn\u00edho widgetu klikn\u011bte na jednu z kategori\u00ed, vyberte t\u00e9mata a n\u00e1sledn\u011b typ grafu. Nakonec klikn\u011bte na &#8222;p\u0159idat&#8220;.<\/p>\n\n\n\n<figure class=\"wp-block-image size-large\"><img loading=\"lazy\" width=\"1024\" height=\"500\" src=\"https:\/\/help.mediaboard.com\/wp-content\/uploads\/2023\/08\/1-1024x500.png\" alt=\"\" class=\"wp-image-2886\" srcset=\"https:\/\/help.mediaboard.com\/wp-content\/uploads\/2023\/08\/1-1024x500.png 1024w, https:\/\/help.mediaboard.com\/wp-content\/uploads\/2023\/08\/1-300x146.png 300w, https:\/\/help.mediaboard.com\/wp-content\/uploads\/2023\/08\/1-768x375.png 768w, https:\/\/help.mediaboard.com\/wp-content\/uploads\/2023\/08\/1-1536x750.png 1536w, https:\/\/help.mediaboard.com\/wp-content\/uploads\/2023\/08\/1-2048x1000.png 2048w\" sizes=\"(max-width: 1024px) 100vw, 1024px\" \/><\/figure>\n\n\n\n<p>Dal\u0161\u00ed widgety pak m\u016f\u017eete p\u0159id\u00e1vat kliknut\u00edm na tla\u010d\u00edtko &#8222;p\u0159idat widget&#8220;. V dashboardu m\u016f\u017eete d\u00e1le nastavit datum, kter\u00e9mu se n\u00e1sledn\u011b p\u0159izp\u016fsob\u00ed v\u0161echny grafy.  <\/p>\n\n\n\n<figure class=\"wp-block-image size-large\"><img loading=\"lazy\" width=\"1024\" height=\"500\" src=\"https:\/\/help.mediaboard.com\/wp-content\/uploads\/2023\/08\/2-1024x500.png\" alt=\"\" class=\"wp-image-2889\" srcset=\"https:\/\/help.mediaboard.com\/wp-content\/uploads\/2023\/08\/2-1024x500.png 1024w, https:\/\/help.mediaboard.com\/wp-content\/uploads\/2023\/08\/2-300x146.png 300w, https:\/\/help.mediaboard.com\/wp-content\/uploads\/2023\/08\/2-768x375.png 768w, https:\/\/help.mediaboard.com\/wp-content\/uploads\/2023\/08\/2-1536x750.png 1536w, https:\/\/help.mediaboard.com\/wp-content\/uploads\/2023\/08\/2-2048x1000.png 2048w\" sizes=\"(max-width: 1024px) 100vw, 1024px\" \/><\/figure>\n","protected":false},"excerpt":{"rendered":"<p>V t\u00e9to \u010d\u00e1sti aplikace m\u016f\u017eete snadno vytvo\u0159it vlastn\u00ed analytick\u00e9 dashboardy dle parametr\u016f, kter\u00e9 pot\u0159ebujete.&nbsp;Sestavte si p\u0159ehledn\u00e9 a vizu\u00e1ln\u011b zaj\u00edmav\u00e9 prezentace, kter\u00e9 pak jednodu\u0161e nasd\u00edl\u00edte koleg\u016fm&#8230;<\/p>\n","protected":false},"author":1,"featured_media":0,"parent":887,"menu_order":0,"comment_status":"closed","ping_status":"closed","template":"","meta":[],"_links":{"self":[{"href":"https:\/\/help.mediaboard.com\/cs\/wp-json\/wp\/v2\/pages\/1921\/"}],"collection":[{"href":"https:\/\/help.mediaboard.com\/cs\/wp-json\/wp\/v2\/pages\/"}],"about":[{"href":"https:\/\/help.mediaboard.com\/cs\/wp-json\/wp\/v2\/types\/page\/"}],"author":[{"embeddable":true,"href":"https:\/\/help.mediaboard.com\/cs\/wp-json\/wp\/v2\/users\/1\/"}],"replies":[{"embeddable":true,"href":"https:\/\/help.mediaboard.com\/cs\/wp-json\/wp\/v2\/comments\/?post=1921"}],"version-history":[{"count":9,"href":"https:\/\/help.mediaboard.com\/cs\/wp-json\/wp\/v2\/pages\/1921\/revisions\/"}],"predecessor-version":[{"id":2892,"href":"https:\/\/help.mediaboard.com\/cs\/wp-json\/wp\/v2\/pages\/1921\/revisions\/2892\/"}],"up":[{"embeddable":true,"href":"https:\/\/help.mediaboard.com\/cs\/wp-json\/wp\/v2\/pages\/887\/"}],"wp:attachment":[{"href":"https:\/\/help.mediaboard.com\/cs\/wp-json\/wp\/v2\/media\/?parent=1921"}],"curies":[{"name":"wp","href":"https:\/\/api.w.org\/{rel}","templated":true}]}}