{"id":1976,"date":"2021-10-07T10:22:01","date_gmt":"2021-10-07T08:22:01","guid":{"rendered":"https:\/\/help.mediaboard.com\/?page_id=1976"},"modified":"2023-10-01T19:39:41","modified_gmt":"2023-10-01T17:39:41","slug":"medialist","status":"publish","type":"page","link":"https:\/\/help.mediaboard.com\/cs\/mediaboard\/jak-mediaboard-pouzivat\/medialist\/","title":{"rendered":"Medialist"},"content":{"rendered":"\n<p><strong>S Medialistem nepos\u00edl\u00e1te sv\u00e9 medi\u00e1ln\u00ed v\u00fdstupy n\u00e1hodn\u011b vybran\u00fdm novin\u00e1\u0159\u016fm, ale oslov\u00edte jen ty, kte\u0159\u00ed v\u00e1m zpr\u00e1vu s velkou pravd\u011bpodobnost\u00ed vydaj\u00ed.<\/strong> Datab\u00e1ze obsahuje <strong>desetitis\u00edce kontakt\u016f na novin\u00e1\u0159e z \u010cesk\u00e9 republiky a Slovenska. <\/strong>D\u00edky pokro\u010dil\u00e9 filtraci, podrobn\u00fdm profil\u016fm a p\u0159ehledn\u011b se\u0159azen\u00fdm v\u00fdstup\u016fm snadno najdete ty novin\u00e1\u0159e, kter\u00e9 pot\u0159ebujete.<\/p>\n\n\n\n<p>Medialist najdete mezi funkcemi v lev\u00e9m menu. Hled\u00e1n\u00ed novin\u00e1\u0159\u016f je v Medialistu neuv\u011b\u0159iteln\u011b jednoduch\u00e9. Bu\u010f zad\u00e1te kl\u00ed\u010dov\u00e9 slovo v medi\u00e1ln\u00edm archivu, nebo filtrujete podle t\u00e9mat. Do minuty m\u00e1te v\u0161echny novin\u00e1\u0159e jako na dlani, se\u0159azen\u00e9 od nejv\u00edce po ty nejm\u00e9n\u011b aktivn\u00ed. <\/p>\n\n\n\n<p>Mimo jin\u00e9 si m\u016f\u017eete zvolit jak\u00e9koli dal\u0161\u00ed filtry, kter\u00e9 vid\u00edte v horn\u00edm menu (datum, jazyk, sentiment atd.), nebo si m\u016f\u017eete zobrazit aktivitu novin\u00e1\u0159\u016f jen u konkr\u00e9tn\u00edch t\u00e9mat a za ur\u010dit\u00e9 obdob\u00ed.<\/p>\n\n\n\n<figure class=\"wp-block-image size-large\"><img loading=\"lazy\" width=\"2175\" height=\"615\" src=\"https:\/\/help.mediaboard.com\/wp-content\/uploads\/2023\/10\/Screeny-podpora-MB-2900-x-820-px-1.svg\" alt=\"\" class=\"wp-image-3086\"\/><\/figure>\n\n\n\n<figure class=\"wp-block-image size-large\"><img loading=\"lazy\" width=\"1402\" height=\"1034\" src=\"https:\/\/help.mediaboard.com\/wp-content\/uploads\/2023\/10\/Filtrace-dle-data.svg\" alt=\"\" class=\"wp-image-3102\"\/><\/figure>\n\n\n\n<p><strong>Profil autora zobraz\u00edte kliknut\u00edm na p\u0159\u00edslu\u0161n\u00fd \u0159\u00e1dek.<\/strong> V p\u0159ehledu vlevo uvid\u00edte odkazy na soci\u00e1ln\u00ed s\u00edt\u011b a web autora, kontakt na n\u011bj, m\u00e9dia do kter\u00fdch p\u0159isp\u00edv\u00e1 a stru\u010dn\u00e9 p\u0159edstaven\u00ed. <strong>Na hlavn\u00ed str\u00e1nce se zobraz\u00ed p\u0159ehled vydan\u00fdch \u010dl\u00e1nk\u016f za vybran\u00e9 obdob\u00ed. <\/strong><\/p>\n\n\n\n<figure class=\"wp-block-image size-large\"><img loading=\"lazy\" width=\"2175\" height=\"958\" src=\"https:\/\/help.mediaboard.com\/wp-content\/uploads\/2023\/10\/Untitled-design.svg\" alt=\"\" class=\"wp-image-3089\"\/><\/figure>\n\n\n\n<p>Data o novin\u00e1\u0159\u00edch si m\u016f\u017eete <strong>exportovat do excelov\u00e9ho souboru<\/strong>. Pot\u00e9, co ozna\u010d\u00edte konkr\u00e9tn\u00ed autory, objev\u00ed se v\u00e1m mo\u017enost &#8222;export&#8220; spolu s informacemi o exportn\u00edm limitu. Tento limit lze samoz\u0159ejm\u011b nav\u00fd\u0161it, sta\u010d\u00ed kontaktovat va\u0161eho Key account mana\u017eera. <\/p>\n\n\n\n<figure class=\"wp-block-image size-large\"><img loading=\"lazy\" width=\"2175\" height=\"615\" src=\"https:\/\/help.mediaboard.com\/wp-content\/uploads\/2023\/10\/Screeny-podpora-MB-2900-x-820-px.svg\" alt=\"\" class=\"wp-image-3092\"\/><\/figure>\n","protected":false},"excerpt":{"rendered":"<p>S Medialistem nepos\u00edl\u00e1te sv\u00e9 medi\u00e1ln\u00ed v\u00fdstupy n\u00e1hodn\u011b vybran\u00fdm novin\u00e1\u0159\u016fm, ale oslov\u00edte jen ty, kte\u0159\u00ed v\u00e1m zpr\u00e1vu s velkou pravd\u011bpodobnost\u00ed vydaj\u00ed. Datab\u00e1ze obsahuje desetitis\u00edce kontakt\u016f na&#8230;<\/p>\n","protected":false},"author":1,"featured_media":0,"parent":547,"menu_order":0,"comment_status":"closed","ping_status":"closed","template":"","meta":[],"_links":{"self":[{"href":"https:\/\/help.mediaboard.com\/cs\/wp-json\/wp\/v2\/pages\/1976\/"}],"collection":[{"href":"https:\/\/help.mediaboard.com\/cs\/wp-json\/wp\/v2\/pages\/"}],"about":[{"href":"https:\/\/help.mediaboard.com\/cs\/wp-json\/wp\/v2\/types\/page\/"}],"author":[{"embeddable":true,"href":"https:\/\/help.mediaboard.com\/cs\/wp-json\/wp\/v2\/users\/1\/"}],"replies":[{"embeddable":true,"href":"https:\/\/help.mediaboard.com\/cs\/wp-json\/wp\/v2\/comments\/?post=1976"}],"version-history":[{"count":11,"href":"https:\/\/help.mediaboard.com\/cs\/wp-json\/wp\/v2\/pages\/1976\/revisions\/"}],"predecessor-version":[{"id":3105,"href":"https:\/\/help.mediaboard.com\/cs\/wp-json\/wp\/v2\/pages\/1976\/revisions\/3105\/"}],"up":[{"embeddable":true,"href":"https:\/\/help.mediaboard.com\/cs\/wp-json\/wp\/v2\/pages\/547\/"}],"wp:attachment":[{"href":"https:\/\/help.mediaboard.com\/cs\/wp-json\/wp\/v2\/media\/?parent=1976"}],"curies":[{"name":"wp","href":"https:\/\/api.w.org\/{rel}","templated":true}]}}