{"id":23,"date":"2019-03-25T22:36:30","date_gmt":"2019-03-25T21:36:30","guid":{"rendered":"http:\/\/podpora.imper.cz\/?page_id=23"},"modified":"2023-08-24T09:06:09","modified_gmt":"2023-08-24T07:06:09","slug":"mediaboard","status":"publish","type":"page","link":"https:\/\/help.mediaboard.com\/cs\/mediaboard\/","title":{"rendered":"Mediaboard"},"content":{"rendered":"\n<p>Za\u010d\u00edn\u00e1te s Mediaboardem a nev\u00edte jak a kde a co? To nevad\u00ed. V na\u0161em manu\u00e1lu najdete odpov\u011bdi na v\u011bt\u0161inu z\u00e1kladn\u00edch ot\u00e1zek. V\u0161echno ostatn\u00ed v\u00e1m r\u00e1di vysv\u011btl\u00ed na\u0161i obchodn\u00edci nebo na\u0161e podpora na chatu.&nbsp;<\/p>\n\n\n\n<p><\/p>\n\n\n\n<h2><strong>Co je syst\u00e9m Mediaboard?<\/strong><\/h2>\n\n\n\n<p>Aplikace Mediaboard v\u00e1m umo\u017en\u00ed m\u00e9dia nejen monitorovat, ale i m\u011b\u0159it a analyzovat. Nesleduje pouze po\u010dty \u010dl\u00e1nk\u016f a zm\u00ednek, ale m\u011b\u0159\u00ed jejich medi\u00e1ln\u00ed z\u00e1sah. Ten pak syst\u00e9m um\u00ed vyhodnocovat a porovnat nap\u0159\u00edklad s konkurenc\u00ed. Mediaboard spojuje zpr\u00e1vy do ud\u00e1lost\u00ed a sleduje, jak se vyv\u00edj\u00ed v \u010dase.<\/p>\n\n\n\n<h2 class=\"has-text-align-center\"><strong>R\u00e1di byste Mediaboard vyzkou\u0161eli?<\/strong><\/h2>\n\n\n\n<div style=\"height:18px\" aria-hidden=\"true\" class=\"wp-block-spacer\"><\/div>\n\n\n\n<div style=\"height:15px\" aria-hidden=\"true\" class=\"wp-block-spacer\"><\/div>\n\n\n\n<div class=\"wp-block-buttons is-content-justification-center\">\n<div class=\"wp-block-button is-style-fill\"><a class=\"wp-block-button__link has-white-color has-vivid-green-cyan-background-color has-text-color has-background\" href=\"https:\/\/app.mediaboard.cz\/\" target=\"_blank\" rel=\"noreferrer noopener\">Vyzkou\u0161et zdarma<\/a><\/div>\n<\/div>\n\n\n\n<div style=\"height:15px\" aria-hidden=\"true\" class=\"wp-block-spacer\"><\/div>\n\n\n\n<p><\/p>\n\n\n\n<figure class=\"wp-block-image size-large\"><img loading=\"lazy\" width=\"1024\" height=\"651\" src=\"https:\/\/help.mediaboard.com\/wp-content\/uploads\/2023\/08\/Hlavni\u0301-strana-1-1024x651.png\" alt=\"\" class=\"wp-image-2873\" srcset=\"https:\/\/help.mediaboard.com\/wp-content\/uploads\/2023\/08\/Hlavni\u0301-strana-1-1024x651.png 1024w, https:\/\/help.mediaboard.com\/wp-content\/uploads\/2023\/08\/Hlavni\u0301-strana-1-300x191.png 300w, https:\/\/help.mediaboard.com\/wp-content\/uploads\/2023\/08\/Hlavni\u0301-strana-1-768x488.png 768w, https:\/\/help.mediaboard.com\/wp-content\/uploads\/2023\/08\/Hlavni\u0301-strana-1-1536x976.png 1536w, https:\/\/help.mediaboard.com\/wp-content\/uploads\/2023\/08\/Hlavni\u0301-strana-1-2048x1301.png 2048w\" sizes=\"(max-width: 1024px) 100vw, 1024px\" \/><\/figure>\n","protected":false},"excerpt":{"rendered":"<p>Za\u010d\u00edn\u00e1te s Mediaboardem a nev\u00edte jak a kde a co? To nevad\u00ed. V na\u0161em manu\u00e1lu najdete odpov\u011bdi na v\u011bt\u0161inu z\u00e1kladn\u00edch ot\u00e1zek. V\u0161echno ostatn\u00ed v\u00e1m r\u00e1di&#8230;<\/p>\n","protected":false},"author":1,"featured_media":0,"parent":0,"menu_order":7,"comment_status":"closed","ping_status":"closed","template":"","meta":[],"_links":{"self":[{"href":"https:\/\/help.mediaboard.com\/cs\/wp-json\/wp\/v2\/pages\/23\/"}],"collection":[{"href":"https:\/\/help.mediaboard.com\/cs\/wp-json\/wp\/v2\/pages\/"}],"about":[{"href":"https:\/\/help.mediaboard.com\/cs\/wp-json\/wp\/v2\/types\/page\/"}],"author":[{"embeddable":true,"href":"https:\/\/help.mediaboard.com\/cs\/wp-json\/wp\/v2\/users\/1\/"}],"replies":[{"embeddable":true,"href":"https:\/\/help.mediaboard.com\/cs\/wp-json\/wp\/v2\/comments\/?post=23"}],"version-history":[{"count":25,"href":"https:\/\/help.mediaboard.com\/cs\/wp-json\/wp\/v2\/pages\/23\/revisions\/"}],"predecessor-version":[{"id":2878,"href":"https:\/\/help.mediaboard.com\/cs\/wp-json\/wp\/v2\/pages\/23\/revisions\/2878\/"}],"wp:attachment":[{"href":"https:\/\/help.mediaboard.com\/cs\/wp-json\/wp\/v2\/media\/?parent=23"}],"curies":[{"name":"wp","href":"https:\/\/api.w.org\/{rel}","templated":true}]}}