{"id":2305,"date":"2022-01-06T13:27:07","date_gmt":"2022-01-06T12:27:07","guid":{"rendered":"https:\/\/help.mediaboard.com\/?page_id=2305"},"modified":"2023-11-27T13:44:18","modified_gmt":"2023-11-27T12:44:18","slug":"vytvareni-vlastnich-clanku","status":"publish","type":"page","link":"https:\/\/help.mediaboard.com\/cs\/mediaboard\/jak-mediaboard-pouzivat\/vytvareni-vlastnich-clanku\/","title":{"rendered":"Vytv\u00e1\u0159en\u00ed vlastn\u00edch \u010dl\u00e1nk\u016f"},"content":{"rendered":"\n<p>U\u017eivatel m\u016f\u017ee v aplikace Mediaboard vytvo\u0159it vlastn\u00ed \u010dl\u00e1nek. Tento \u010dl\u00e1nek bude dostupn\u00fd pouze u\u017eivatel\u016fm veden\u00fdm pod stejn\u00fdm \u00fa\u010dtem.<\/p>\n\n\n\n<p><\/p>\n\n\n\n<h2>Tvorba \u010dl\u00e1nku<\/h2>\n\n\n\n<p>\u010cl\u00e1nek lze vytvo\u0159it pomoc\u00ed tla\u010d\u00edtka um\u00edst\u011bn\u00e9ho nad \u010dl\u00e1nky v sekci P\u0159\u00edsp\u011bvky nebo pomoc\u00ed tla\u010d\u00edtka v sekci Moje \u010dl\u00e1nky. V sekci Moje \u010dl\u00e1nky jsou zobrazeny v\u0161echny u\u017eivatelem vytvo\u0159en\u00e9 \u010dl\u00e1nky. P\u0159i tvorb\u011b m\u016f\u017ee u\u017eivatel nastavit n\u011bkolik parametr\u016f, z nich\u017e nekter\u00e9 jsou povinn\u00e9:<\/p>\n\n\n\n<p><strong>\u2013 nadpis,<\/strong><br><strong>\u2013 mediatyp,<\/strong><br><strong>\u2013 datum publikace,<\/strong><br>\u2013 <strong>jazyk,<\/strong><br><strong>\u2013 \u010das (nepovinn\u00fd),<\/strong><br>\u2013 <strong>text \u010dl\u00e1nku (nepovinn\u00fd).<\/strong><\/p>\n\n\n\n<p>K \u010dl\u00e1nku lze p\u0159ipojit i zdrojov\u00fd soubor (nap\u0159. obr\u00e1zek, video, zvuk, atd.). Podporovan\u00e9 form\u00e1ty se li\u0161\u00ed dle zvolen\u00e9ho mediatypu. Maxim\u00e1ln\u00ed velikost zdrojov\u00e9ho souboru je 500 MB. U zdrojov\u00e9ho souboru lze n\u00e1sledovn\u011b vyu\u017e\u00edt zpracov\u00e1n\u00ed pomoc\u00ed Mediaboard AI technologi\u00ed pro OCR (optick\u00e9 rozpozn\u00e1n\u00ed znak\u016f) nebo Voice-to-Text p\u0159epis. Tyto technologie maj\u00ed 30 denn\u00ed limit uveden\u00fd v sekci Moje \u010dl\u00e1nky. Pro nav\u00fd\u0161en\u00ed limit\u016f je t\u0159eba kontaktovat va\u0161eho obchodn\u00edho z\u00e1stupce.<\/p>\n\n\n\n<p>Po vytvo\u0159en\u00ed \u010dl\u00e1nku dojde k jeho automatick\u00e9mu zpracov\u00e1n\u00ed, jeho\u017e sou\u010d\u00e1st\u00ed je i anal\u00fdza kl\u00ed\u010dov\u00fdch slov. Doba zpracov\u00e1n\u00ed z\u00e1le\u017e\u00ed nap\u0159. na velikosti zdrojov\u00e9ho souboru. Pr\u016fb\u011bh zpracov\u00e1n\u00ed m\u016f\u017ee u\u017eivatel sledovat v sekci Moje \u010dl\u00e1nky. Po zpracov\u00e1n\u00ed se \u010dl\u00e1nek zobraz\u00ed i v sekci P\u0159\u00edsp\u011bvky a dle kl\u00ed\u010dov\u00fdch slov, kter\u00e1 obsahuje, se za\u0159\u00e1d\u00ed pod t\u00e9ma.<\/p>\n\n\n\n<p><\/p>\n\n\n\n<h2>Editace<\/h2>\n\n\n\n<p>\u010cl\u00e1nek lze editovat v sekci Moje \u010dl\u00e1nky, nelze v\u0161ak ji\u017e m\u011bnit zdrojov\u00fd soubor. Pro zm\u011bnu zdrojov\u00e9ho \u010dl\u00e1nku je pot\u0159eba \u010dl\u00e1nek smazat a vytvo\u0159it znovu s nov\u00fdm zdrojov\u00fdm souborem.<\/p>\n\n\n\n<p><\/p>\n\n\n\n<h2>Analytika<\/h2>\n\n\n\n<p>U\u017eivatelem vytvo\u0159en\u00e9 \u010dl\u00e1nky se do analytiky propisuj\u00ed pouze v sekci Po\u010det \u010dl\u00e1nk\u016f, kde jsou za\u0159azeny pod zvolen\u00fd mediatyp.<\/p>\n\n\n\n<p><\/p>\n\n\n\n<h2>Uk\u00e1zka<\/h2>\n\n\n\n<div style=\"padding:45.31% 0 0 0;position:relative;\"><iframe src=\"https:\/\/player.vimeo.com\/video\/888663221?badge=0&amp;autopause=0&amp;quality_selector=1&amp;player_id=0&amp;app_id=58479\" frameborder=\"0\" allow=\"autoplay; fullscreen; picture-in-picture\" style=\"position:absolute;top:0;left:0;width:100%;height:100%;\" title=\"Vytv\u00e1\u0159en\u00ed vlastn\u00edch \u010dl\u00e1nk\u016f v Mediaboardu\"><\/iframe><\/div><script src=\"https:\/\/player.vimeo.com\/api\/player.js\"><\/script>\n","protected":false},"excerpt":{"rendered":"<p>U\u017eivatel m\u016f\u017ee v aplikace Mediaboard vytvo\u0159it vlastn\u00ed \u010dl\u00e1nek. Tento \u010dl\u00e1nek bude dostupn\u00fd pouze u\u017eivatel\u016fm veden\u00fdm pod stejn\u00fdm \u00fa\u010dtem. Tvorba \u010dl\u00e1nku \u010cl\u00e1nek lze vytvo\u0159it pomoc\u00ed tla\u010d\u00edtka&#8230;<\/p>\n","protected":false},"author":1,"featured_media":0,"parent":547,"menu_order":0,"comment_status":"closed","ping_status":"closed","template":"","meta":[],"_links":{"self":[{"href":"https:\/\/help.mediaboard.com\/cs\/wp-json\/wp\/v2\/pages\/2305\/"}],"collection":[{"href":"https:\/\/help.mediaboard.com\/cs\/wp-json\/wp\/v2\/pages\/"}],"about":[{"href":"https:\/\/help.mediaboard.com\/cs\/wp-json\/wp\/v2\/types\/page\/"}],"author":[{"embeddable":true,"href":"https:\/\/help.mediaboard.com\/cs\/wp-json\/wp\/v2\/users\/1\/"}],"replies":[{"embeddable":true,"href":"https:\/\/help.mediaboard.com\/cs\/wp-json\/wp\/v2\/comments\/?post=2305"}],"version-history":[{"count":14,"href":"https:\/\/help.mediaboard.com\/cs\/wp-json\/wp\/v2\/pages\/2305\/revisions\/"}],"predecessor-version":[{"id":3626,"href":"https:\/\/help.mediaboard.com\/cs\/wp-json\/wp\/v2\/pages\/2305\/revisions\/3626\/"}],"up":[{"embeddable":true,"href":"https:\/\/help.mediaboard.com\/cs\/wp-json\/wp\/v2\/pages\/547\/"}],"wp:attachment":[{"href":"https:\/\/help.mediaboard.com\/cs\/wp-json\/wp\/v2\/media\/?parent=2305"}],"curies":[{"name":"wp","href":"https:\/\/api.w.org\/{rel}","templated":true}]}}