{"id":2334,"date":"2022-02-14T10:32:25","date_gmt":"2022-02-14T09:32:25","guid":{"rendered":"https:\/\/help.mediaboard.com\/?page_id=2334"},"modified":"2023-11-27T14:55:06","modified_gmt":"2023-11-27T13:55:06","slug":"nedohledany-clanek","status":"publish","type":"page","link":"https:\/\/help.mediaboard.com\/cs\/mediaboard\/jak-mediaboard-pouzivat\/nedohledany-clanek\/","title":{"rendered":"Nedohledan\u00fd \u010dl\u00e1nek"},"content":{"rendered":"\n<p>Nedohledan\u00fd \u010dl\u00e1nek si nyn\u00ed m\u016f\u017eete v aplikaci Mediaboard jednodu\u0161e dohledat. Pro dohled\u00e1n\u00ed pot\u0159ebujete m\u00edt odkaz na \u010dl\u00e1nek a zn\u00e1t t\u00e9ma, pod kter\u00fdm \u010dl\u00e1nek chyb\u00ed. Odkaz m\u016f\u017eete pou\u017e\u00edt bu\u010f extern\u00ed, nebo m\u016f\u017eete vyu\u017e\u00edt odkaz na \u010dl\u00e1nek p\u0159\u00edmo v Mediaboardu (tzv. Mediaboard odkaz).<\/p>\n\n\n\n<p>Funkci \u201cNedohledan\u00fd \u010dl\u00e1nek\u201d naleznete v sekci P\u0159\u00edsp\u011bvky, skrytou pod ikonou \u201cV\u00edce\u201d (t\u0159i te\u010dky) v prav\u00e9 horn\u00ed \u010d\u00e1sti.<\/p>\n\n\n\n<p>Funkce V\u00e1s tak\u00e9 upozorn\u00ed na d\u016fvody, pro\u010d nebyl dan\u00fd \u010dl\u00e1nek pod t\u00e9matem za\u0159azen.<\/p>\n\n\n\n<p>Jak p\u0159esn\u011b funkci \u201cNedohledan\u00fd \u010dl\u00e1nek\u201d pou\u017e\u00edt, si m\u016f\u017eete prohl\u00e9dnout ve videu n\u00ed\u017ee.<\/p>\n\n\n\n<div style=\"padding:75% 0 0 0;position:relative;\"><iframe src=\"https:\/\/player.vimeo.com\/video\/888699516?h=6b6e89c103&amp;badge=0&amp;autopause=0&amp;quality_selector=1&amp;player_id=0&amp;app_id=58479\" frameborder=\"0\" allow=\"autoplay; fullscreen; picture-in-picture\" style=\"position:absolute;top:0;left:0;width:100%;height:100%;\" title=\"New Recording - 27. 11. 2023 14:35:26\"><\/iframe><\/div><script src=\"https:\/\/player.vimeo.com\/api\/player.js\"><\/script>\n\n\n\n<p><\/p>\n","protected":false},"excerpt":{"rendered":"<p>Nedohledan\u00fd \u010dl\u00e1nek si nyn\u00ed m\u016f\u017eete v aplikaci Mediaboard jednodu\u0161e dohledat. Pro dohled\u00e1n\u00ed pot\u0159ebujete m\u00edt odkaz na \u010dl\u00e1nek a zn\u00e1t t\u00e9ma, pod kter\u00fdm \u010dl\u00e1nek chyb\u00ed. Odkaz&#8230;<\/p>\n","protected":false},"author":1,"featured_media":0,"parent":547,"menu_order":0,"comment_status":"closed","ping_status":"closed","template":"","meta":[],"_links":{"self":[{"href":"https:\/\/help.mediaboard.com\/cs\/wp-json\/wp\/v2\/pages\/2334\/"}],"collection":[{"href":"https:\/\/help.mediaboard.com\/cs\/wp-json\/wp\/v2\/pages\/"}],"about":[{"href":"https:\/\/help.mediaboard.com\/cs\/wp-json\/wp\/v2\/types\/page\/"}],"author":[{"embeddable":true,"href":"https:\/\/help.mediaboard.com\/cs\/wp-json\/wp\/v2\/users\/1\/"}],"replies":[{"embeddable":true,"href":"https:\/\/help.mediaboard.com\/cs\/wp-json\/wp\/v2\/comments\/?post=2334"}],"version-history":[{"count":7,"href":"https:\/\/help.mediaboard.com\/cs\/wp-json\/wp\/v2\/pages\/2334\/revisions\/"}],"predecessor-version":[{"id":3630,"href":"https:\/\/help.mediaboard.com\/cs\/wp-json\/wp\/v2\/pages\/2334\/revisions\/3630\/"}],"up":[{"embeddable":true,"href":"https:\/\/help.mediaboard.com\/cs\/wp-json\/wp\/v2\/pages\/547\/"}],"wp:attachment":[{"href":"https:\/\/help.mediaboard.com\/cs\/wp-json\/wp\/v2\/media\/?parent=2334"}],"curies":[{"name":"wp","href":"https:\/\/api.w.org\/{rel}","templated":true}]}}