{"id":2348,"date":"2022-06-08T14:22:30","date_gmt":"2022-06-08T12:22:30","guid":{"rendered":"https:\/\/help.mediaboard.com\/?page_id=2348"},"modified":"2025-12-04T09:53:22","modified_gmt":"2025-12-04T08:53:22","slug":"webinare","status":"publish","type":"page","link":"https:\/\/help.mediaboard.com\/cs\/mediaboard\/webinare\/","title":{"rendered":"Webin\u00e1\u0159e"},"content":{"rendered":"\n<p>Pravideln\u011b pro v\u00e1s p\u0159ipravujeme webin\u00e1\u0159e pln\u00e9 u\u017eite\u010dn\u00fdch tip\u016f a trik\u016f pro pr\u00e1ci s aplikac\u00ed. V t\u00e9to sekci najdete z\u00e1znamy v\u0161ech na\u0161ich aktu\u00e1ln\u00edch webin\u00e1\u0159\u016f, kter\u00e9 si m\u016f\u017eete p\u0159ehr\u00e1t. <\/p>\n\n\n\n<div style=\"height:57px\" aria-hidden=\"true\" class=\"wp-block-spacer\"><\/div>\n\n\n\n<h3><a href=\"https:\/\/vimeo.com\/882443387?share=copy\">Z\u00e1klady pr\u00e1ce s Mediaboardem<\/a><\/h3>\n\n\n\n<p>Webin\u00e1\u0159 <strong>Z\u00e1klady pr\u00e1ce s Mediaboardem<\/strong> je ur\u010den\u00fd v\u0161em, kte\u0159\u00ed cht\u011bj\u00ed rychle a p\u0159ehledn\u011b proniknout do pr\u00e1ce s na\u0161\u00edm n\u00e1strojem a nau\u010dit se efektivn\u011b vyu\u017e\u00edvat monitoring, anal\u00fdzu i reporting. V kr\u00e1tk\u00e9m \u010dase z\u00edsk\u00e1te praktick\u00e9 tipy, jak si usnadnit ka\u017edodenn\u00ed pr\u00e1ci s aplikac\u00ed.<\/p>\n\n\n\n<figure class=\"wp-block-embed is-type-video is-provider-vimeo wp-block-embed-vimeo wp-embed-aspect-16-9 wp-has-aspect-ratio\"><div class=\"wp-block-embed__wrapper\">\n<iframe loading=\"lazy\" title=\"Mediaboard \u2013 jak za\u010d\u00edt?\" src=\"https:\/\/player.vimeo.com\/video\/882443387?dnt=1&amp;app_id=122963\" width=\"500\" height=\"281\" frameborder=\"0\" allow=\"autoplay; fullscreen; picture-in-picture; clipboard-write; encrypted-media; web-share\" referrerpolicy=\"strict-origin-when-cross-origin\"><\/iframe>\n<\/div><\/figure>\n\n\n\n<div style=\"height:57px\" aria-hidden=\"true\" class=\"wp-block-spacer\"><\/div>\n\n\n\n<h3><strong><a rel=\"noreferrer noopener\" href=\"https:\/\/my.demio.com\/recording\/YcZiDMKO\" target=\"_blank\">Tipy a triky pro pr\u00e1ci v Mediaboardu<\/a><\/strong><\/h3>\n\n\n\n<p>V\u00edte, jak dohledat chyb\u011bj\u00edc\u00ed \u010dl\u00e1nek? Jak p\u0159idat nov\u00fd zdroj do monitoringu? Nebo co d\u011blat, kdy\u017e dojdou kredity? Na tomto webin\u00e1\u0159i jsme si zodpov\u011bd\u011bli va\u0161e nej\u010dast\u011bj\u0161\u00ed ot\u00e1zky a uk\u00e1zali si n\u011bkolik u\u017eite\u010dn\u00fdch trik\u016f pro pr\u00e1ci s Mediaboardem.<\/p>\n\n\n\n<figure class=\"wp-block-embed is-type-video is-provider-vimeo wp-block-embed-vimeo wp-embed-aspect-16-9 wp-has-aspect-ratio\"><div class=\"wp-block-embed__wrapper\">\n<iframe loading=\"lazy\" title=\"Tipy a triky pro pr\u00e1ci v Mediaboardu\" src=\"https:\/\/player.vimeo.com\/video\/982553707?dnt=1&amp;app_id=122963\" width=\"500\" height=\"281\" frameborder=\"0\" allow=\"autoplay; fullscreen; picture-in-picture; clipboard-write; encrypted-media; web-share\" referrerpolicy=\"strict-origin-when-cross-origin\"><\/iframe>\n<\/div><\/figure>\n\n\n\n<div style=\"height:58px\" aria-hidden=\"true\" class=\"wp-block-spacer\"><\/div>\n\n\n\n<h3><meta charset=\"utf-8\"><strong><a rel=\"noreferrer noopener\" href=\"https:\/\/my.demio.com\/recording\/cbuKIlR4\" target=\"_blank\">Kl\u00ed\u010dov\u00e1 slova v Mediaboardu<\/a><\/strong><\/h3>\n\n\n\n<div class=\"wp-block-group\"><div class=\"wp-block-group__inner-container\">\n<div class=\"wp-block-columns\">\n<div class=\"wp-block-column\" style=\"flex-basis:100%\">\n<p><strong>Jak doc\u00edlit toho, abyste zachytili skute\u010dn\u011b v\u0161echny d\u016fle\u017eit\u00e9 medi\u00e1ln\u00ed zm\u00ednky?<\/strong><\/p>\n\n\n\n<p>Na webin\u00e1\u0159i Kl\u00ed\u010dov\u00e1 slova v Mediaboardu se zam\u011b\u0159\u00edme na efektivn\u00ed pr\u00e1ci s kl\u00ed\u010dov\u00fdmi slovy, jejich spr\u00e1vn\u00e9 zad\u00e1v\u00e1n\u00ed a vyhled\u00e1v\u00e1n\u00ed v archivu.<\/p>\n\n\n\n<p><strong>Dozv\u00edte se:<\/strong><br>\u21fe Jak doc\u00edlit toho, abyste zachytili skute\u010dn\u011b v\u0161echny d\u016fle\u017eit\u00e9 medi\u00e1ln\u00ed zm\u00ednky?<br><meta charset=\"utf-8\">\u21fe Jak p\u0159esn\u011b a efektivn\u011b vyhled\u00e1vat v archivu Mediaboardu?<br><meta charset=\"utf-8\">\u21fe Jak se vyhnout nep\u0159esnostem a nespr\u00e1vn\u00fdm \u010dl\u00e1nk\u016fm v reportingu?<\/p>\n<\/div>\n<\/div>\n<\/div><\/div>\n\n\n\n<figure class=\"wp-block-embed aligncenter is-type-video is-provider-vimeo wp-block-embed-vimeo wp-embed-aspect-16-9 wp-has-aspect-ratio\"><div class=\"wp-block-embed__wrapper\">\n<iframe loading=\"lazy\" title=\"Zad\u00e1v\u00e1n\u00ed kl\u00ed\u010dov\u00fdch slov v Mediaboardu\" src=\"https:\/\/player.vimeo.com\/video\/925038887?dnt=1&amp;app_id=122963\" width=\"500\" height=\"281\" frameborder=\"0\" allow=\"autoplay; fullscreen; picture-in-picture; clipboard-write; encrypted-media; web-share\" referrerpolicy=\"strict-origin-when-cross-origin\"><\/iframe>\n<\/div><\/figure>\n\n\n\n<div style=\"height:58px\" aria-hidden=\"true\" class=\"wp-block-spacer\"><\/div>\n\n\n\n<h3><strong><a href=\"https:\/\/vimeo.com\/1070270531?share=copy\">Mediaboard Connect \u2013 prvn\u00ed PR platforma s AI v \u010cR<\/a><\/strong><\/h3>\n\n\n\n<p>Prvn\u00ed PR platforma v \u010cR s AI, kter\u00e1 automatizuje a vylep\u0161uje PR workflow. Kombinuje&nbsp;<strong>Medialist<\/strong>,&nbsp;<strong>Newsroom<\/strong>&nbsp;pro tvorbu tiskov\u00fdch zpr\u00e1v a napojen\u00fd&nbsp;<strong>E-mailing<\/strong>&nbsp;pro maxim\u00e1ln\u00ed podporu&nbsp;<strong>PR profesion\u00e1l\u016f<\/strong>&nbsp;v ka\u017ed\u00e9m kroku.<\/p>\n\n\n\n<p>U n\u00e1s m\u00e1te v\u0161e na jednom m\u00edst\u011b.&nbsp;<\/p>\n\n\n\n<figure class=\"wp-block-embed is-type-video is-provider-vimeo wp-block-embed-vimeo wp-embed-aspect-16-9 wp-has-aspect-ratio\"><div class=\"wp-block-embed__wrapper\">\n<iframe loading=\"lazy\" title=\"Mediaboard Connect \u2013 prvn\u00ed PR platforma s AI agentem v \u010cR\" src=\"https:\/\/player.vimeo.com\/video\/1070270531?dnt=1&amp;app_id=122963\" width=\"500\" height=\"281\" frameborder=\"0\" allow=\"autoplay; fullscreen; picture-in-picture; clipboard-write; encrypted-media; web-share\" referrerpolicy=\"strict-origin-when-cross-origin\"><\/iframe>\n<\/div><\/figure>\n\n\n\n<div style=\"height:58px\" aria-hidden=\"true\" class=\"wp-block-spacer\"><\/div>\n\n\n\n<h3><strong><a href=\"https:\/\/vimeo.com\/1143132834\" target=\"_blank\" rel=\"noreferrer noopener\">Efektivn\u00ed anal\u00fdza &amp; dashboardy v Mediaboardu<\/a><\/strong><\/h3>\n\n\n\n<p>Objevte, jak naplno vyu\u017e\u00edt Mediaboard pro efektivn\u00ed anal\u00fdzu a prezentaci dat.&nbsp;Nau\u010d\u00edme v\u00e1s, jak analyzovat t\u00e9mata, porovn\u00e1vat v\u00fdsledky meziro\u010dn\u011b a uk\u00e1\u017eeme v\u00e1m, jak si p\u0159izp\u016fsobit dashboardy pro p\u0159ehledn\u00e9 prezentace v\u00fdsledk\u016f. \ud83e\uddda\u200d\u2640\ufe0f<\/p>\n\n\n\n<figure class=\"wp-block-embed is-type-video is-provider-vimeo wp-block-embed-vimeo wp-embed-aspect-16-9 wp-has-aspect-ratio\"><div class=\"wp-block-embed__wrapper\">\n<iframe loading=\"lazy\" title=\"Webin\u00e1\u0159: Efektivn\u00ed anal\u00fdza m\u00e9di\u00ed\" src=\"https:\/\/player.vimeo.com\/video\/1143132834?dnt=1&amp;app_id=122963\" width=\"500\" height=\"281\" frameborder=\"0\" allow=\"autoplay; fullscreen; picture-in-picture; clipboard-write; encrypted-media; web-share\" referrerpolicy=\"strict-origin-when-cross-origin\"><\/iframe>\n<\/div><\/figure>\n\n\n\n<div style=\"height:58px\" aria-hidden=\"true\" class=\"wp-block-spacer\"><\/div>\n\n\n\n<h3><a href=\"https:\/\/vimeo.com\/1107015711?share=copy\">Konec AVE. P\u0159ich\u00e1z\u00ed PRIMe!<\/a><\/h3>\n\n\n\n<p>Na webin\u00e1\u0159i p\u0159edstav\u00edme PRIMe \u2013 prvn\u00ed metriku v \u010cesku, kter\u00e1 hodnot\u00ed efektivitu a kvalitu PR komunikace na z\u00e1klad\u011b relevance, sentimentu, dosahu a obsahu. Uk\u00e1\u017eeme, pro\u010d AVE a GRP nesta\u010d\u00ed, jak PRIMe funguje a jak ho vyu\u017e\u00edt pro reporting, obhajobu v\u00fdsledk\u016f i strategick\u00e1 rozhodnut\u00ed. Webin\u00e1\u0159 je ur\u010den\u00fd PR t\u00fdm\u016fm, agentur\u00e1m, market\u00e9r\u016fm i veden\u00ed firem, kter\u00e9 chce m\u00edt v\u00fdsledky komunikace jasn\u011b vyj\u00e1d\u0159en\u00e9 v datech.<\/p>\n\n\n\n<p> <\/p>\n\n\n\n<figure class=\"wp-block-embed is-type-video is-provider-vimeo wp-block-embed-vimeo wp-embed-aspect-16-9 wp-has-aspect-ratio\"><div class=\"wp-block-embed__wrapper\">\n<iframe loading=\"lazy\" title=\"Webin\u00e1\u0159: Konec AVE. P\u0159ich\u00e1z\u00ed PRIMe!\" src=\"https:\/\/player.vimeo.com\/video\/1107015711?dnt=1&amp;app_id=122963\" width=\"500\" height=\"281\" frameborder=\"0\" allow=\"autoplay; fullscreen; picture-in-picture; clipboard-write; encrypted-media; web-share\" referrerpolicy=\"strict-origin-when-cross-origin\"><\/iframe>\n<\/div><\/figure>\n\n\n\n<p><\/p>\n","protected":false},"excerpt":{"rendered":"<p>Pravideln\u011b pro v\u00e1s p\u0159ipravujeme webin\u00e1\u0159e pln\u00e9 u\u017eite\u010dn\u00fdch tip\u016f a trik\u016f pro pr\u00e1ci s aplikac\u00ed. V t\u00e9to sekci najdete z\u00e1znamy v\u0161ech na\u0161ich aktu\u00e1ln\u00edch webin\u00e1\u0159\u016f, kter\u00e9 si&#8230;<\/p>\n","protected":false},"author":1,"featured_media":3795,"parent":23,"menu_order":0,"comment_status":"closed","ping_status":"closed","template":"","meta":[],"_links":{"self":[{"href":"https:\/\/help.mediaboard.com\/cs\/wp-json\/wp\/v2\/pages\/2348\/"}],"collection":[{"href":"https:\/\/help.mediaboard.com\/cs\/wp-json\/wp\/v2\/pages\/"}],"about":[{"href":"https:\/\/help.mediaboard.com\/cs\/wp-json\/wp\/v2\/types\/page\/"}],"author":[{"embeddable":true,"href":"https:\/\/help.mediaboard.com\/cs\/wp-json\/wp\/v2\/users\/1\/"}],"replies":[{"embeddable":true,"href":"https:\/\/help.mediaboard.com\/cs\/wp-json\/wp\/v2\/comments\/?post=2348"}],"version-history":[{"count":47,"href":"https:\/\/help.mediaboard.com\/cs\/wp-json\/wp\/v2\/pages\/2348\/revisions\/"}],"predecessor-version":[{"id":4422,"href":"https:\/\/help.mediaboard.com\/cs\/wp-json\/wp\/v2\/pages\/2348\/revisions\/4422\/"}],"up":[{"embeddable":true,"href":"https:\/\/help.mediaboard.com\/cs\/wp-json\/wp\/v2\/pages\/23\/"}],"wp:featuredmedia":[{"embeddable":true,"href":"https:\/\/help.mediaboard.com\/cs\/wp-json\/wp\/v2\/media\/3795\/"}],"wp:attachment":[{"href":"https:\/\/help.mediaboard.com\/cs\/wp-json\/wp\/v2\/media\/?parent=2348"}],"curies":[{"name":"wp","href":"https:\/\/api.w.org\/{rel}","templated":true}]}}