{"id":3642,"date":"2024-02-27T13:25:49","date_gmt":"2024-02-27T12:25:49","guid":{"rendered":"https:\/\/help.mediaboard.com\/?page_id=3642"},"modified":"2025-11-26T09:25:40","modified_gmt":"2025-11-26T08:25:40","slug":"e-mailing","status":"publish","type":"page","link":"https:\/\/help.mediaboard.com\/cs\/mediaboard\/jak-mediaboard-pouzivat\/e-mailing\/","title":{"rendered":"E-mailing"},"content":{"rendered":"\n<p>Vizu\u00e1ln\u011b poutav\u00e9 tiskov\u00e9 zpr\u00e1vy, snadn\u00e1 rozes\u00edlka a vy\u0161\u0161\u00ed dosah \u2013 to v\u0161e vede k lep\u0161\u00ed viditelnosti va\u0161\u00ed zna\u010dky v&nbsp;m\u00e9di\u00edch. Publika\u010dn\u00ed platforma Mediaboard nab\u00edz\u00ed intuitivn\u00ed rozhran\u00ed, integrovanou rozes\u00edlku e-mail\u016f a Newsroom na m\u00edru. Usnadn\u011bte si pr\u00e1ci!<\/p>\n\n\n\n<p><br>N\u00ed\u017ee naleznete n\u00e1vod, jak si jednodu\u0161e nastavit e-mailing v Mediaboardu.<\/p>\n\n\n\n<div class=\"wp-block-file aligncenter\"><object class=\"wp-block-file__embed\" data=\"https:\/\/help.mediaboard.com\/wp-content\/uploads\/2025\/11\/U\u0301vodni\u0301-nastaveni\u0301-e-mailingu-v-Mediaboardu-\u2013-na\u0301vod.pdf\" type=\"application\/pdf\" style=\"width:100%;height:600px\" aria-label=\"Embed of U\u0301vodni\u0301 nastaveni\u0301 E-mailingu v Mediaboardu.\"><\/object><a href=\"https:\/\/help.mediaboard.com\/wp-content\/uploads\/2025\/11\/U\u0301vodni\u0301-nastaveni\u0301-e-mailingu-v-Mediaboardu-\u2013-na\u0301vod.pdf\">U\u0301vodni\u0301 nastaveni\u0301 E-mailingu v Mediaboardu<\/a><a href=\"https:\/\/help.mediaboard.com\/wp-content\/uploads\/2025\/11\/U\u0301vodni\u0301-nastaveni\u0301-e-mailingu-v-Mediaboardu-\u2013-na\u0301vod.pdf\" class=\"wp-block-file__button\" download>Download<\/a><\/div>\n\n\n\n<p><meta charset=\"utf-8\">Komunikujte efektivn\u011b s m\u00e9dii a sledujte jejich odezvu d\u00edky na\u0161\u00ed <strong><a href=\"https:\/\/mediaboard.com\/cs\/publikacni-platforma\/\"><span class=\"has-inline-color has-vivid-cyan-blue-color\">publika\u010dn\u00ed platform\u011b<\/span><\/a> <\/strong>v r\u00e1mci Mediaboardu. Na\u0161e publika\u010dn\u00ed platforma kombinuje&nbsp;<a href=\"https:\/\/mediaboard.com\/cs\/newsroom\"><strong><span class=\"has-inline-color has-vivid-cyan-blue-color\">Newsroom&nbsp;<\/span><\/strong><\/a>pro vizu\u00e1ln\u011b poutav\u00e9 tiskov\u00e9 zpr\u00e1vy s&nbsp;<a href=\"https:\/\/mediaboard.com\/cs\/medialist\/\"><strong><span class=\"has-inline-color has-vivid-cyan-blue-color\">Medialistem<\/span><\/strong><\/a>&nbsp;a n\u00e1strojem pro&nbsp;<a href=\"https:\/\/mediaboard.com\/cs\/publikace-emailing-tiskovych-zprav\/\"><strong><span class=\"has-inline-color has-vivid-cyan-blue-color\">rozes\u00edl\u00e1n\u00ed e-mail\u016f<\/span><\/strong><\/a>. U n\u00e1s m\u00e1te v\u0161e na jedn\u00e9 platform\u011b. <\/p>\n","protected":false},"excerpt":{"rendered":"<p>Vizu\u00e1ln\u011b poutav\u00e9 tiskov\u00e9 zpr\u00e1vy, snadn\u00e1 rozes\u00edlka a vy\u0161\u0161\u00ed dosah \u2013 to v\u0161e vede k lep\u0161\u00ed viditelnosti va\u0161\u00ed zna\u010dky v&nbsp;m\u00e9di\u00edch. Publika\u010dn\u00ed platforma Mediaboard nab\u00edz\u00ed intuitivn\u00ed rozhran\u00ed,&#8230;<\/p>\n","protected":false},"author":1,"featured_media":0,"parent":547,"menu_order":3,"comment_status":"closed","ping_status":"closed","template":"","meta":[],"_links":{"self":[{"href":"https:\/\/help.mediaboard.com\/cs\/wp-json\/wp\/v2\/pages\/3642\/"}],"collection":[{"href":"https:\/\/help.mediaboard.com\/cs\/wp-json\/wp\/v2\/pages\/"}],"about":[{"href":"https:\/\/help.mediaboard.com\/cs\/wp-json\/wp\/v2\/types\/page\/"}],"author":[{"embeddable":true,"href":"https:\/\/help.mediaboard.com\/cs\/wp-json\/wp\/v2\/users\/1\/"}],"replies":[{"embeddable":true,"href":"https:\/\/help.mediaboard.com\/cs\/wp-json\/wp\/v2\/comments\/?post=3642"}],"version-history":[{"count":7,"href":"https:\/\/help.mediaboard.com\/cs\/wp-json\/wp\/v2\/pages\/3642\/revisions\/"}],"predecessor-version":[{"id":4421,"href":"https:\/\/help.mediaboard.com\/cs\/wp-json\/wp\/v2\/pages\/3642\/revisions\/4421\/"}],"up":[{"embeddable":true,"href":"https:\/\/help.mediaboard.com\/cs\/wp-json\/wp\/v2\/pages\/547\/"}],"wp:attachment":[{"href":"https:\/\/help.mediaboard.com\/cs\/wp-json\/wp\/v2\/media\/?parent=3642"}],"curies":[{"name":"wp","href":"https:\/\/api.w.org\/{rel}","templated":true}]}}