{"id":549,"date":"2019-05-28T12:49:01","date_gmt":"2019-05-28T10:49:01","guid":{"rendered":"https:\/\/help.mediaboard.com\/?page_id=549"},"modified":"2024-03-18T11:29:13","modified_gmt":"2024-03-18T10:29:13","slug":"medialni-sluzby","status":"publish","type":"page","link":"https:\/\/help.mediaboard.com\/cs\/mediaboard\/medialni-sluzby\/","title":{"rendered":"Medi\u00e1ln\u00ed slu\u017eby"},"content":{"rendered":"","protected":false},"excerpt":{"rendered":"","protected":false},"author":1,"featured_media":3780,"parent":23,"menu_order":0,"comment_status":"closed","ping_status":"closed","template":"","meta":[],"_links":{"self":[{"href":"https:\/\/help.mediaboard.com\/cs\/wp-json\/wp\/v2\/pages\/549\/"}],"collection":[{"href":"https:\/\/help.mediaboard.com\/cs\/wp-json\/wp\/v2\/pages\/"}],"about":[{"href":"https:\/\/help.mediaboard.com\/cs\/wp-json\/wp\/v2\/types\/page\/"}],"author":[{"embeddable":true,"href":"https:\/\/help.mediaboard.com\/cs\/wp-json\/wp\/v2\/users\/1\/"}],"replies":[{"embeddable":true,"href":"https:\/\/help.mediaboard.com\/cs\/wp-json\/wp\/v2\/comments\/?post=549"}],"version-history":[{"count":19,"href":"https:\/\/help.mediaboard.com\/cs\/wp-json\/wp\/v2\/pages\/549\/revisions\/"}],"predecessor-version":[{"id":2791,"href":"https:\/\/help.mediaboard.com\/cs\/wp-json\/wp\/v2\/pages\/549\/revisions\/2791\/"}],"up":[{"embeddable":true,"href":"https:\/\/help.mediaboard.com\/cs\/wp-json\/wp\/v2\/pages\/23\/"}],"wp:featuredmedia":[{"embeddable":true,"href":"https:\/\/help.mediaboard.com\/cs\/wp-json\/wp\/v2\/media\/3780\/"}],"wp:attachment":[{"href":"https:\/\/help.mediaboard.com\/cs\/wp-json\/wp\/v2\/media\/?parent=549"}],"curies":[{"name":"wp","href":"https:\/\/api.w.org\/{rel}","templated":true}]}}