{"id":551,"date":"2019-05-28T12:49:14","date_gmt":"2019-05-28T10:49:14","guid":{"rendered":"https:\/\/help.mediaboard.com\/?page_id=551"},"modified":"2024-03-18T11:28:28","modified_gmt":"2024-03-18T10:28:28","slug":"novinky","status":"publish","type":"page","link":"https:\/\/help.mediaboard.com\/cs\/mediaboard\/novinky\/","title":{"rendered":"Novinky"},"content":{"rendered":"\n<p class=\"has-text-align-center\"><strong>Ve\u0161ker\u00e9 novinky, pl\u00e1nov\u00e9 zm\u011bny a vylep\u0161en\u00ed si m\u016f\u017eete proj\u00edt po p\u0159ihl\u00e1\u0161en\u00ed v na\u0161\u00ed Roadmap\u011b.<\/strong><\/p>\n\n\n\n<div class=\"wp-block-buttons is-content-justification-center\">\n<div class=\"wp-block-button is-style-fill\"><a class=\"wp-block-button__link has-white-color has-text-color has-background\" href=\"https:\/\/produkt.mediaboard.com\/\" style=\"background-color:#0d61ff\"><strong>PROJ\u00cdT ROADMAPU<\/strong><\/a><\/div>\n<\/div>\n\n\n\n<p><\/p>\n","protected":false},"excerpt":{"rendered":"<p>Ve\u0161ker\u00e9 novinky, pl\u00e1nov\u00e9 zm\u011bny a vylep\u0161en\u00ed si m\u016f\u017eete proj\u00edt po p\u0159ihl\u00e1\u0161en\u00ed v na\u0161\u00ed Roadmap\u011b.<\/p>\n","protected":false},"author":1,"featured_media":3786,"parent":23,"menu_order":0,"comment_status":"closed","ping_status":"closed","template":"","meta":[],"_links":{"self":[{"href":"https:\/\/help.mediaboard.com\/cs\/wp-json\/wp\/v2\/pages\/551\/"}],"collection":[{"href":"https:\/\/help.mediaboard.com\/cs\/wp-json\/wp\/v2\/pages\/"}],"about":[{"href":"https:\/\/help.mediaboard.com\/cs\/wp-json\/wp\/v2\/types\/page\/"}],"author":[{"embeddable":true,"href":"https:\/\/help.mediaboard.com\/cs\/wp-json\/wp\/v2\/users\/1\/"}],"replies":[{"embeddable":true,"href":"https:\/\/help.mediaboard.com\/cs\/wp-json\/wp\/v2\/comments\/?post=551"}],"version-history":[{"count":14,"href":"https:\/\/help.mediaboard.com\/cs\/wp-json\/wp\/v2\/pages\/551\/revisions\/"}],"predecessor-version":[{"id":3760,"href":"https:\/\/help.mediaboard.com\/cs\/wp-json\/wp\/v2\/pages\/551\/revisions\/3760\/"}],"up":[{"embeddable":true,"href":"https:\/\/help.mediaboard.com\/cs\/wp-json\/wp\/v2\/pages\/23\/"}],"wp:featuredmedia":[{"embeddable":true,"href":"https:\/\/help.mediaboard.com\/cs\/wp-json\/wp\/v2\/media\/3786\/"}],"wp:attachment":[{"href":"https:\/\/help.mediaboard.com\/cs\/wp-json\/wp\/v2\/media\/?parent=551"}],"curies":[{"name":"wp","href":"https:\/\/api.w.org\/{rel}","templated":true}]}}