{"id":554,"date":"2019-05-28T12:59:10","date_gmt":"2019-05-28T10:59:10","guid":{"rendered":"https:\/\/help.mediaboard.com\/?page_id=554"},"modified":"2024-03-18T11:27:56","modified_gmt":"2024-03-18T10:27:56","slug":"zkusebni-rezim","status":"publish","type":"page","link":"https:\/\/help.mediaboard.com\/cs\/mediaboard\/zkusebni-rezim\/","title":{"rendered":"Vyzkou\u0161et zdarma"},"content":{"rendered":"\n<p>Pro nez\u00e1vazn\u00e9 vyzkou\u0161en\u00ed aplikace Mediaboard nab\u00edz\u00edme zku\u0161ebn\u00ed p\u0159\u00edstup. <\/p>\n\n\n\n<p>Testovac\u00ed re\u017eim je na <strong>14 dn\u00ed a je zcela zdarma<\/strong>. V r\u00e1mci tohoto obdob\u00ed m\u016f\u017eete pln\u011b vyzkou\u0161et syst\u00e9m Mediaboard, ov\u011b\u0159it si v\u00fdsledky a zjistit, zda by se Mediaboard hodil pr\u00e1v\u011b v\u00e1m.<br> <br>V pr\u016fb\u011bhu tohoto obdob\u00ed je tak\u00e9 k dispozici n\u00e1\u0161 obchodn\u00edk\/specialista, kter\u00fd r\u00e1d pom\u016f\u017ee a porad\u00ed.<\/p>\n\n\n\n<div class=\"wp-block-buttons is-content-justification-center\">\n<div class=\"wp-block-button\"><a class=\"wp-block-button__link has-vivid-green-cyan-background-color has-background\" href=\"https:\/\/app.mediaboard.com\/\"><strong>Vyzkou\u0161et zdarma<\/strong><\/a><\/div>\n<\/div>\n","protected":false},"excerpt":{"rendered":"<p>Pro nez\u00e1vazn\u00e9 vyzkou\u0161en\u00ed aplikace Mediaboard nab\u00edz\u00edme zku\u0161ebn\u00ed p\u0159\u00edstup. Testovac\u00ed re\u017eim je na 14 dn\u00ed a je zcela zdarma. V r\u00e1mci tohoto obdob\u00ed m\u016f\u017eete pln\u011b vyzkou\u0161et&#8230;<\/p>\n","protected":false},"author":1,"featured_media":3789,"parent":23,"menu_order":0,"comment_status":"closed","ping_status":"closed","template":"","meta":[],"_links":{"self":[{"href":"https:\/\/help.mediaboard.com\/cs\/wp-json\/wp\/v2\/pages\/554\/"}],"collection":[{"href":"https:\/\/help.mediaboard.com\/cs\/wp-json\/wp\/v2\/pages\/"}],"about":[{"href":"https:\/\/help.mediaboard.com\/cs\/wp-json\/wp\/v2\/types\/page\/"}],"author":[{"embeddable":true,"href":"https:\/\/help.mediaboard.com\/cs\/wp-json\/wp\/v2\/users\/1\/"}],"replies":[{"embeddable":true,"href":"https:\/\/help.mediaboard.com\/cs\/wp-json\/wp\/v2\/comments\/?post=554"}],"version-history":[{"count":9,"href":"https:\/\/help.mediaboard.com\/cs\/wp-json\/wp\/v2\/pages\/554\/revisions\/"}],"predecessor-version":[{"id":3759,"href":"https:\/\/help.mediaboard.com\/cs\/wp-json\/wp\/v2\/pages\/554\/revisions\/3759\/"}],"up":[{"embeddable":true,"href":"https:\/\/help.mediaboard.com\/cs\/wp-json\/wp\/v2\/pages\/23\/"}],"wp:featuredmedia":[{"embeddable":true,"href":"https:\/\/help.mediaboard.com\/cs\/wp-json\/wp\/v2\/media\/3789\/"}],"wp:attachment":[{"href":"https:\/\/help.mediaboard.com\/cs\/wp-json\/wp\/v2\/media\/?parent=554"}],"curies":[{"name":"wp","href":"https:\/\/api.w.org\/{rel}","templated":true}]}}