{"id":601,"date":"2019-05-28T14:30:43","date_gmt":"2019-05-28T12:30:43","guid":{"rendered":"https:\/\/help.mediaboard.com\/?page_id=601"},"modified":"2023-09-12T17:05:19","modified_gmt":"2023-09-12T15:05:19","slug":"e-mailove-reporty","status":"publish","type":"page","link":"https:\/\/help.mediaboard.com\/cs\/mediaboard\/jak-mediaboard-pouzivat\/e-mailove-reporty\/","title":{"rendered":"E-mailov\u00e9 reporty"},"content":{"rendered":"\n<p>E-mailov\u00e9 reporty lze nastavit pro jednotliv\u00e9 osoby nebo skupiny osob. Je mo\u017en\u00e9 na n\u011bkter\u00e9 pracovn\u00edky pos\u00edlat nap\u0159\u00edklad jen nejd\u016fle\u017eit\u011bj\u0161\u00ed informace a na jin\u00e9 u\u017eivatele informace kompletn\u00ed na v\u0161echna zadan\u00e1 t\u00e9mata. <br>N\u011bkter\u00e9 ud\u00e1losti pot\u0159ebujete v\u011bd\u011bt okam\u017eit\u011b, n\u011bkter\u00e9 sta\u010d\u00ed jako t\u00fddenn\u00ed \u010di m\u011bs\u00ed\u010dn\u00ed souhrn nebo infografika. Syst\u00e9m se v\u00e1m i koleg\u016fm p\u0159izp\u016fsob\u00ed tak, aby reportoval jen spr\u00e1vn\u00e9 informace ve spr\u00e1vn\u00fd \u010das.<\/p>\n\n\n\n<div class=\"wp-block-image\"><figure class=\"aligncenter size-large\"><img loading=\"lazy\" width=\"1024\" height=\"500\" src=\"https:\/\/help.mediaboard.com\/wp-content\/uploads\/2023\/09\/Screeny-podpora-MB-3-2-1024x500.png\" alt=\"\" class=\"wp-image-2982\" srcset=\"https:\/\/help.mediaboard.com\/wp-content\/uploads\/2023\/09\/Screeny-podpora-MB-3-2-1024x500.png 1024w, https:\/\/help.mediaboard.com\/wp-content\/uploads\/2023\/09\/Screeny-podpora-MB-3-2-300x146.png 300w, https:\/\/help.mediaboard.com\/wp-content\/uploads\/2023\/09\/Screeny-podpora-MB-3-2-768x375.png 768w, https:\/\/help.mediaboard.com\/wp-content\/uploads\/2023\/09\/Screeny-podpora-MB-3-2-1536x750.png 1536w, https:\/\/help.mediaboard.com\/wp-content\/uploads\/2023\/09\/Screeny-podpora-MB-3-2-2048x1000.png 2048w\" sizes=\"(max-width: 1024px) 100vw, 1024px\" \/><\/figure><\/div>\n\n\n\n<p>Report\u016fm jsme v\u011bnovali zvl\u00e1\u0161tn\u00ed p\u00e9\u010di. Upravili jsme je tak, aby tvo\u0159ily ucelen\u00fd zdroj informac\u00ed o va\u0161\u00ed firm\u011b, zna\u010dce \u010di konkurenci. Reporty jsou automaticky pos\u00edl\u00e1ny na zadan\u00fd e-mail nebo e-maily, do RSS \u010dte\u010dky nebo p\u0159\u00edmo do Intranetu.&nbsp; <\/p>\n\n\n\n<p class=\"has-text-color\" style=\"color:#0ca8d0\"><strong>PRAVIDELN\u00c9 REPORTY<\/strong><\/p>\n\n\n\n<p>Automatick\u00e9 reporty lze nastavit v sekci <strong>Reporty<\/strong>. Pro ka\u017ed\u00e9 t\u00e9ma nebo skupinu t\u00e9mat m\u016f\u017eete nastavit libovoln\u00e9 reporty, u ka\u017ed\u00e9ho reportu mohou b\u00fdt jin\u00ed adres\u00e1ti a z\u00e1rove\u0148 jin\u00e9 frekvence odes\u00edl\u00e1n\u00ed. Reporty mohou obsahovat jedno \u010di v\u00edce t\u00e9mat. <br><\/p>\n\n\n\n<p class=\"has-text-color\" style=\"color:#0ca8d0\"><strong>ADHOC REPORTY<\/strong><\/p>\n\n\n\n<p>Krom\u011b automatizovan\u00fdch pravideln\u00fdch report\u016f <strong>m\u00e1te mo\u017enost vytv\u00e1\u0159et a pos\u00edlat i vlastn\u00ed reporty<\/strong>. Do t\u011bchto \u201eadhoc\u201c report\u016f lze p\u0159id\u00e1vat \u010dl\u00e1nky jak z&nbsp;monitoringu, tak z&nbsp;archivu. Takto ru\u010dn\u011b vytvo\u0159en\u00e9 reporty m\u016f\u017eete pos\u00edlat na libovoln\u00e9 adres\u00e1ty a dle nastaven\u00ed, kter\u00e9 si m\u016f\u017eete sami navolit. <br><br><strong>Jak na to?<\/strong><br><strong>A) P\u0159eposlat z Exportu<\/strong> \u2013 vybran\u00e9 \u010dl\u00e1nky vlo\u017ete do Exportu pomoc\u00ed ikonky pod \u00favodn\u00edm grafem. Do exportu m\u016f\u017eete vkl\u00e1dat \u010dl\u00e1nky jak z monitoringu, tak z archivu. V Exportu pak m\u016f\u017eete \u010dl\u00e1nky ODESLAT.<\/p>\n\n\n\n<div class=\"wp-block-image\"><figure class=\"aligncenter size-large\"><img loading=\"lazy\" width=\"1024\" height=\"500\" src=\"https:\/\/help.mediaboard.com\/wp-content\/uploads\/2023\/09\/Screeny-podpora-MB-1-2-1024x500.png\" alt=\"\" class=\"wp-image-2974\" srcset=\"https:\/\/help.mediaboard.com\/wp-content\/uploads\/2023\/09\/Screeny-podpora-MB-1-2-1024x500.png 1024w, https:\/\/help.mediaboard.com\/wp-content\/uploads\/2023\/09\/Screeny-podpora-MB-1-2-300x146.png 300w, https:\/\/help.mediaboard.com\/wp-content\/uploads\/2023\/09\/Screeny-podpora-MB-1-2-768x375.png 768w, https:\/\/help.mediaboard.com\/wp-content\/uploads\/2023\/09\/Screeny-podpora-MB-1-2-1536x750.png 1536w, https:\/\/help.mediaboard.com\/wp-content\/uploads\/2023\/09\/Screeny-podpora-MB-1-2-2048x1000.png 2048w\" sizes=\"(max-width: 1024px) 100vw, 1024px\" \/><\/figure><\/div>\n\n\n\n<p><strong>B) P\u0159eposlat z Monitoringu<\/strong> \u2013 vybran\u00e9 \u010dl\u00e1nky m\u016f\u017eete rychle p\u0159eposlat pomoc\u00ed ikonky \u0161ipky pod \u00favodn\u00edm grafem. <\/p>\n\n\n\n<div class=\"wp-block-image\"><figure class=\"aligncenter size-large\"><img loading=\"lazy\" width=\"1024\" height=\"500\" src=\"https:\/\/help.mediaboard.com\/wp-content\/uploads\/2023\/09\/Screeny-podpora-MB-2-2-1024x500.png\" alt=\"\" class=\"wp-image-2978\" srcset=\"https:\/\/help.mediaboard.com\/wp-content\/uploads\/2023\/09\/Screeny-podpora-MB-2-2-1024x500.png 1024w, https:\/\/help.mediaboard.com\/wp-content\/uploads\/2023\/09\/Screeny-podpora-MB-2-2-300x146.png 300w, https:\/\/help.mediaboard.com\/wp-content\/uploads\/2023\/09\/Screeny-podpora-MB-2-2-768x375.png 768w, https:\/\/help.mediaboard.com\/wp-content\/uploads\/2023\/09\/Screeny-podpora-MB-2-2-1536x750.png 1536w, https:\/\/help.mediaboard.com\/wp-content\/uploads\/2023\/09\/Screeny-podpora-MB-2-2-2048x1000.png 2048w\" sizes=\"(max-width: 1024px) 100vw, 1024px\" \/><\/figure><\/div>\n\n\n\n<p class=\"has-text-color\" style=\"color:#0ca8d0\">A to v\u0161e v u\u017eivatelsky p\u0159\u00edjemn\u00e9m prost\u0159ed\u00ed, kter\u00e9 zn\u00e1te nap\u0159\u00edklad z Gmailu.<\/p>\n\n\n\n<div class=\"wp-block-image\"><figure class=\"aligncenter size-large is-resized\"><img loading=\"lazy\" src=\"https:\/\/help.mediaboard.com\/wp-content\/uploads\/2023\/09\/Sni\u0301mek-obrazovky-2023-09-12-v-16.59.48-801x1024.png\" alt=\"\" class=\"wp-image-2985\" width=\"488\" height=\"622\"\/><\/figure><\/div>\n\n\n\n<p> <\/p>\n","protected":false},"excerpt":{"rendered":"<p>E-mailov\u00e9 reporty lze nastavit pro jednotliv\u00e9 osoby nebo skupiny osob. Je mo\u017en\u00e9 na n\u011bkter\u00e9 pracovn\u00edky pos\u00edlat nap\u0159\u00edklad jen nejd\u016fle\u017eit\u011bj\u0161\u00ed informace a na jin\u00e9 u\u017eivatele informace&#8230;<\/p>\n","protected":false},"author":1,"featured_media":0,"parent":547,"menu_order":0,"comment_status":"closed","ping_status":"closed","template":"","meta":[],"_links":{"self":[{"href":"https:\/\/help.mediaboard.com\/cs\/wp-json\/wp\/v2\/pages\/601\/"}],"collection":[{"href":"https:\/\/help.mediaboard.com\/cs\/wp-json\/wp\/v2\/pages\/"}],"about":[{"href":"https:\/\/help.mediaboard.com\/cs\/wp-json\/wp\/v2\/types\/page\/"}],"author":[{"embeddable":true,"href":"https:\/\/help.mediaboard.com\/cs\/wp-json\/wp\/v2\/users\/1\/"}],"replies":[{"embeddable":true,"href":"https:\/\/help.mediaboard.com\/cs\/wp-json\/wp\/v2\/comments\/?post=601"}],"version-history":[{"count":16,"href":"https:\/\/help.mediaboard.com\/cs\/wp-json\/wp\/v2\/pages\/601\/revisions\/"}],"predecessor-version":[{"id":2989,"href":"https:\/\/help.mediaboard.com\/cs\/wp-json\/wp\/v2\/pages\/601\/revisions\/2989\/"}],"up":[{"embeddable":true,"href":"https:\/\/help.mediaboard.com\/cs\/wp-json\/wp\/v2\/pages\/547\/"}],"wp:attachment":[{"href":"https:\/\/help.mediaboard.com\/cs\/wp-json\/wp\/v2\/media\/?parent=601"}],"curies":[{"name":"wp","href":"https:\/\/api.w.org\/{rel}","templated":true}]}}