{"id":690,"date":"2019-05-28T16:29:38","date_gmt":"2019-05-28T14:29:38","guid":{"rendered":"https:\/\/help.mediaboard.com\/?page_id=690"},"modified":"2023-09-12T17:31:50","modified_gmt":"2023-09-12T15:31:50","slug":"filtrace-clanku","status":"publish","type":"page","link":"https:\/\/help.mediaboard.com\/cs\/mediaboard\/jak-mediaboard-pouzivat\/filtrace-clanku\/","title":{"rendered":"Filtrace \u010dl\u00e1nk\u016f"},"content":{"rendered":"\n<p class=\"has-text-color\" style=\"color:#0ca8d0;font-size:25px\"><strong>Filtrovac\u00ed li\u0161ta<\/strong><\/p>\n\n\n\n<div class=\"wp-block-image\"><figure class=\"aligncenter size-large\"><img loading=\"lazy\" width=\"1024\" height=\"259\" src=\"https:\/\/help.mediaboard.com\/wp-content\/uploads\/2023\/09\/Untitled-design-2-1024x259.png\" alt=\"\" class=\"wp-image-3005\" srcset=\"https:\/\/help.mediaboard.com\/wp-content\/uploads\/2023\/09\/Untitled-design-2-1024x259.png 1024w, https:\/\/help.mediaboard.com\/wp-content\/uploads\/2023\/09\/Untitled-design-2-300x76.png 300w, https:\/\/help.mediaboard.com\/wp-content\/uploads\/2023\/09\/Untitled-design-2-768x194.png 768w, https:\/\/help.mediaboard.com\/wp-content\/uploads\/2023\/09\/Untitled-design-2-1536x389.png 1536w, https:\/\/help.mediaboard.com\/wp-content\/uploads\/2023\/09\/Untitled-design-2-2048x518.png 2048w\" sizes=\"(max-width: 1024px) 100vw, 1024px\" \/><\/figure><\/div>\n\n\n\n<p>Na li\u0161t\u011b filtr\u016f naleznete n\u011bkolik mo\u017enost\u00ed, jak si \u010dl\u00e1nky t\u0159\u00eddit a filtrovat. <\/p>\n\n\n\n<div class=\"wp-block-image\"><figure class=\"aligncenter size-large\"><img loading=\"lazy\" width=\"1024\" height=\"264\" src=\"https:\/\/help.mediaboard.com\/wp-content\/uploads\/2023\/09\/Untitled-design-3-1024x264.png\" alt=\"\" class=\"wp-image-3008\" srcset=\"https:\/\/help.mediaboard.com\/wp-content\/uploads\/2023\/09\/Untitled-design-3-1024x264.png 1024w, https:\/\/help.mediaboard.com\/wp-content\/uploads\/2023\/09\/Untitled-design-3-300x77.png 300w, https:\/\/help.mediaboard.com\/wp-content\/uploads\/2023\/09\/Untitled-design-3-768x198.png 768w, https:\/\/help.mediaboard.com\/wp-content\/uploads\/2023\/09\/Untitled-design-3-1536x396.png 1536w, https:\/\/help.mediaboard.com\/wp-content\/uploads\/2023\/09\/Untitled-design-3-2048x529.png 2048w\" sizes=\"(max-width: 1024px) 100vw, 1024px\" \/><\/figure><\/div>\n\n\n\n<p><strong>DATUM<\/strong> \u2013 \u010dl\u00e1nky m\u016f\u017eete t\u0159\u00eddit dle data vyd\u00e1n\u00ed\/zve\u0159ejn\u011bn\u00ed. Bu\u010f m\u016f\u017eete pou\u017e\u00edt rychl\u00e9 p\u0159edvolby, anebo zvolit konkr\u00e9tn\u00ed data.   <\/p>\n\n\n\n<div class=\"wp-block-image\"><figure class=\"aligncenter size-full is-resized\"><img loading=\"lazy\" src=\"https:\/\/help.mediaboard.com\/wp-content\/uploads\/2023\/09\/Sni\u0301mek-obrazovky-2023-09-12-v-17.20.14.png\" alt=\"\" class=\"wp-image-3011\" width=\"434\" height=\"383\" srcset=\"https:\/\/help.mediaboard.com\/wp-content\/uploads\/2023\/09\/Sni\u0301mek-obrazovky-2023-09-12-v-17.20.14.png 868w, https:\/\/help.mediaboard.com\/wp-content\/uploads\/2023\/09\/Sni\u0301mek-obrazovky-2023-09-12-v-17.20.14-300x265.png 300w, https:\/\/help.mediaboard.com\/wp-content\/uploads\/2023\/09\/Sni\u0301mek-obrazovky-2023-09-12-v-17.20.14-768x678.png 768w\" sizes=\"(max-width: 434px) 100vw, 434px\" \/><\/figure><\/div>\n\n\n\n<p><strong>ZDROJ<\/strong> \u2013 pomoc\u00ed filtru Zdroj lze \u010dl\u00e1nky filtrovat dle typu m\u00e9dia \u2013 online\/tisk\/TV\/rozhlas\/Podcasty, anebo dle konkr\u00e9tn\u00edho zdroje \u010di vydavatelstv\u00ed. Konkr\u00e9tn\u00ed zdroj m\u016f\u017eete vyhledat (ZDROJ -&gt; pol\u00ed\u010dko hled\u00e1n\u00ed) nebo si vybrat v\u00edce zdroj\u016f v nab\u00eddce (ZDROJ -&gt; Vybrat zdroje).  <\/p>\n\n\n\n<div class=\"wp-block-image\"><figure class=\"aligncenter size-full is-resized\"><img loading=\"lazy\" src=\"https:\/\/help.mediaboard.com\/wp-content\/uploads\/2023\/09\/Sni\u0301mek-obrazovky-2023-09-12-v-17.20.45.png\" alt=\"\" class=\"wp-image-3014\" width=\"461\" height=\"239\" srcset=\"https:\/\/help.mediaboard.com\/wp-content\/uploads\/2023\/09\/Sni\u0301mek-obrazovky-2023-09-12-v-17.20.45.png 922w, https:\/\/help.mediaboard.com\/wp-content\/uploads\/2023\/09\/Sni\u0301mek-obrazovky-2023-09-12-v-17.20.45-300x156.png 300w, https:\/\/help.mediaboard.com\/wp-content\/uploads\/2023\/09\/Sni\u0301mek-obrazovky-2023-09-12-v-17.20.45-768x398.png 768w\" sizes=\"(max-width: 461px) 100vw, 461px\" \/><\/figure><\/div>\n\n\n\n<p><strong>AUTOR<\/strong> \u2013 vyhled\u00e1vat lze tak\u00e9 dle konkr\u00e9tn\u00edho autora a to jednodu\u0161e, sta\u010d\u00ed zadat jeho jm\u00e9no do hled\u00e1n\u00ed ve filtru Autor a Mediaboard vyhled\u00e1 \u010dl\u00e1nky pouze od tohoto autora.   <\/p>\n\n\n\n<div class=\"wp-block-image\"><figure class=\"aligncenter size-large is-resized\"><img loading=\"lazy\" src=\"https:\/\/help.mediaboard.com\/wp-content\/uploads\/2023\/09\/Sni\u0301mek-obrazovky-2023-09-12-v-17.21.03-1024x583.png\" alt=\"\" class=\"wp-image-3017\" width=\"512\" height=\"292\" srcset=\"https:\/\/help.mediaboard.com\/wp-content\/uploads\/2023\/09\/Sni\u0301mek-obrazovky-2023-09-12-v-17.21.03-1024x583.png 1024w, https:\/\/help.mediaboard.com\/wp-content\/uploads\/2023\/09\/Sni\u0301mek-obrazovky-2023-09-12-v-17.21.03-300x171.png 300w, https:\/\/help.mediaboard.com\/wp-content\/uploads\/2023\/09\/Sni\u0301mek-obrazovky-2023-09-12-v-17.21.03-768x437.png 768w, https:\/\/help.mediaboard.com\/wp-content\/uploads\/2023\/09\/Sni\u0301mek-obrazovky-2023-09-12-v-17.21.03.png 1092w\" sizes=\"(max-width: 512px) 100vw, 512px\" \/><\/figure><\/div>\n\n\n\n<p><strong>JAZYK <\/strong>\u2013 podle jazyka m\u016f\u017eete filtrovat dv\u011bma zp\u016fsoby. Bu\u010f filtrovat dle zem\u011b p\u016fvodu zdroje, anebo dle jazyka dan\u00e9ho zdroje. <\/p>\n\n\n\n<div class=\"wp-block-image\"><figure class=\"aligncenter size-large\"><img loading=\"lazy\" width=\"1024\" height=\"372\" src=\"https:\/\/help.mediaboard.com\/wp-content\/uploads\/2023\/09\/Sni\u0301mek-obrazovky-2023-09-12-v-17.21.37-1024x372.png\" alt=\"\" class=\"wp-image-3020\" srcset=\"https:\/\/help.mediaboard.com\/wp-content\/uploads\/2023\/09\/Sni\u0301mek-obrazovky-2023-09-12-v-17.21.37-1024x372.png 1024w, https:\/\/help.mediaboard.com\/wp-content\/uploads\/2023\/09\/Sni\u0301mek-obrazovky-2023-09-12-v-17.21.37-300x109.png 300w, https:\/\/help.mediaboard.com\/wp-content\/uploads\/2023\/09\/Sni\u0301mek-obrazovky-2023-09-12-v-17.21.37-768x279.png 768w, https:\/\/help.mediaboard.com\/wp-content\/uploads\/2023\/09\/Sni\u0301mek-obrazovky-2023-09-12-v-17.21.37-1536x559.png 1536w, https:\/\/help.mediaboard.com\/wp-content\/uploads\/2023\/09\/Sni\u0301mek-obrazovky-2023-09-12-v-17.21.37.png 1578w\" sizes=\"(max-width: 1024px) 100vw, 1024px\" \/><\/figure><\/div>\n\n\n\n<p><strong>SENTIMENT<\/strong> \u2013 filtrovat m\u016f\u017eete tak\u00e9 dle sentimentu, tedy hodnotov\u00e9ho vyzn\u011bn\u00ed \u010dl\u00e1nk\u016f. <\/p>\n\n\n\n<div class=\"wp-block-image\"><figure class=\"aligncenter size-large is-resized\"><img loading=\"lazy\" src=\"https:\/\/help.mediaboard.com\/wp-content\/uploads\/2023\/09\/Sni\u0301mek-obrazovky-2023-09-12-v-17.21.26-1024x617.png\" alt=\"\" class=\"wp-image-3047\" width=\"512\" height=\"309\" srcset=\"https:\/\/help.mediaboard.com\/wp-content\/uploads\/2023\/09\/Sni\u0301mek-obrazovky-2023-09-12-v-17.21.26-1024x617.png 1024w, https:\/\/help.mediaboard.com\/wp-content\/uploads\/2023\/09\/Sni\u0301mek-obrazovky-2023-09-12-v-17.21.26-300x181.png 300w, https:\/\/help.mediaboard.com\/wp-content\/uploads\/2023\/09\/Sni\u0301mek-obrazovky-2023-09-12-v-17.21.26-768x462.png 768w, https:\/\/help.mediaboard.com\/wp-content\/uploads\/2023\/09\/Sni\u0301mek-obrazovky-2023-09-12-v-17.21.26.png 1312w\" sizes=\"(max-width: 512px) 100vw, 512px\" \/><\/figure><\/div>\n\n\n\n<p>  <\/p>\n\n\n\n<p><strong>ZEM\u011a<\/strong> \u2013 nyn\u00ed lze filtrovat i dle konkr\u00e9tn\u00ed zem\u011b.<\/p>\n\n\n\n<div class=\"wp-block-image\"><figure class=\"aligncenter size-large\"><img loading=\"lazy\" width=\"1024\" height=\"377\" src=\"https:\/\/help.mediaboard.com\/wp-content\/uploads\/2023\/09\/Sni\u0301mek-obrazovky-2023-09-12-v-17.21.49-1024x377.png\" alt=\"\" class=\"wp-image-3026\" srcset=\"https:\/\/help.mediaboard.com\/wp-content\/uploads\/2023\/09\/Sni\u0301mek-obrazovky-2023-09-12-v-17.21.49-1024x377.png 1024w, https:\/\/help.mediaboard.com\/wp-content\/uploads\/2023\/09\/Sni\u0301mek-obrazovky-2023-09-12-v-17.21.49-300x110.png 300w, https:\/\/help.mediaboard.com\/wp-content\/uploads\/2023\/09\/Sni\u0301mek-obrazovky-2023-09-12-v-17.21.49-768x283.png 768w, https:\/\/help.mediaboard.com\/wp-content\/uploads\/2023\/09\/Sni\u0301mek-obrazovky-2023-09-12-v-17.21.49-1536x565.png 1536w, https:\/\/help.mediaboard.com\/wp-content\/uploads\/2023\/09\/Sni\u0301mek-obrazovky-2023-09-12-v-17.21.49.png 1608w\" sizes=\"(max-width: 1024px) 100vw, 1024px\" \/><\/figure><\/div>\n\n\n\n<p><strong>POZN\u00c1MKY<\/strong> \u2013 ke ka\u017ed\u00e9mu \u010dl\u00e1nku lze p\u0159ipojit libovolnou pozn\u00e1mku. Dle p\u0159ipojen\u00fdch pozn\u00e1mek pot\u00e9 lze filtrovat \u010dl\u00e1nky. Vyhledat si tak m\u016f\u017eete v\u0161echny \u010dl\u00e1nky, kter\u00e9 obsahuj\u00ed jakoukoliv pozn\u00e1mku, nebo vyhledat konkr\u00e9tn\u00ed pozn\u00e1mku.<\/p>\n\n\n\n<div class=\"wp-block-image\"><figure class=\"aligncenter size-large\"><img loading=\"lazy\" width=\"1024\" height=\"323\" src=\"https:\/\/help.mediaboard.com\/wp-content\/uploads\/2023\/09\/Sni\u0301mek-obrazovky-2023-09-12-v-17.22.02-2-1024x323.png\" alt=\"\" class=\"wp-image-3059\" srcset=\"https:\/\/help.mediaboard.com\/wp-content\/uploads\/2023\/09\/Sni\u0301mek-obrazovky-2023-09-12-v-17.22.02-2-1024x323.png 1024w, https:\/\/help.mediaboard.com\/wp-content\/uploads\/2023\/09\/Sni\u0301mek-obrazovky-2023-09-12-v-17.22.02-2-300x95.png 300w, https:\/\/help.mediaboard.com\/wp-content\/uploads\/2023\/09\/Sni\u0301mek-obrazovky-2023-09-12-v-17.22.02-2-768x242.png 768w, https:\/\/help.mediaboard.com\/wp-content\/uploads\/2023\/09\/Sni\u0301mek-obrazovky-2023-09-12-v-17.22.02-2-1536x484.png 1536w, https:\/\/help.mediaboard.com\/wp-content\/uploads\/2023\/09\/Sni\u0301mek-obrazovky-2023-09-12-v-17.22.02-2.png 1846w\" sizes=\"(max-width: 1024px) 100vw, 1024px\" \/><\/figure><\/div>\n\n\n\n<p><strong>TYP \u010cL\u00c1NKU<\/strong> \u2013  m\u016f\u017eete si tak\u00e9 vyfiltrovat r\u016fzn\u00e9 typy \u010dl\u00e1nku dle va\u0161ich pot\u0159eb.<\/p>\n\n\n\n<p class=\"has-text-color\" style=\"color:#0ca8d0;font-size:25px\"><strong>Filtrace dle t\u00e9matu <\/strong><\/p>\n\n\n\n<p>\u010cl\u00e1nky lze filtrovat dle nastaven\u00fdch t\u00e9mat. P\u0159ehled nastaven\u00fdch t\u00e9mat je zobrazen v lev\u00e9m bo\u010dn\u00edm menu. Pro vygenerov\u00e1n\u00ed \u010dl\u00e1nk\u016f pouze z jednoho t\u00e9matu, sta\u010d\u00ed dan\u00e9 t\u00e9ma zakliknout v tomto menu. Vybrat m\u016f\u017eete i n\u011bkolik t\u00e9mat najednou. <\/p>\n\n\n\n<p class=\"has-text-color\" style=\"color:#0ca8d0;font-size:25px\"><strong>Filtrace dle \u0161t\u00edtk\u016f<\/strong><\/p>\n\n\n\n<p>Krom\u011b pozn\u00e1mek lze k \u010dl\u00e1nk\u016fm tak\u00e9 p\u0159ipojit \u0161t\u00edtky. P\u0159ehled \u0161t\u00edtk\u016f je zobrazen v lev\u00e9m bo\u010dn\u00edm menu. \u010cl\u00e1nky, kter\u00e9 maj\u00ed u sebe p\u0159ipojen \u0161t\u00edtek, lze vyfiltrovat jednodu\u0161e v bo\u010dn\u00edm menu, a to t\u00edm, \u017ee klikneme na dan\u00fd \u0161t\u00edtek. T\u00edm se vygeneruj\u00ed pouze \u010dl\u00e1nky s t\u00edmto \u0161t\u00edtkem.<\/p>\n\n\n\n<p><\/p>\n","protected":false},"excerpt":{"rendered":"<p>Filtrovac\u00ed li\u0161ta Na li\u0161t\u011b filtr\u016f naleznete n\u011bkolik mo\u017enost\u00ed, jak si \u010dl\u00e1nky t\u0159\u00eddit a filtrovat. DATUM \u2013 \u010dl\u00e1nky m\u016f\u017eete t\u0159\u00eddit dle data vyd\u00e1n\u00ed\/zve\u0159ejn\u011bn\u00ed. Bu\u010f m\u016f\u017eete pou\u017e\u00edt&#8230;<\/p>\n","protected":false},"author":1,"featured_media":0,"parent":547,"menu_order":0,"comment_status":"closed","ping_status":"closed","template":"","meta":[],"_links":{"self":[{"href":"https:\/\/help.mediaboard.com\/cs\/wp-json\/wp\/v2\/pages\/690\/"}],"collection":[{"href":"https:\/\/help.mediaboard.com\/cs\/wp-json\/wp\/v2\/pages\/"}],"about":[{"href":"https:\/\/help.mediaboard.com\/cs\/wp-json\/wp\/v2\/types\/page\/"}],"author":[{"embeddable":true,"href":"https:\/\/help.mediaboard.com\/cs\/wp-json\/wp\/v2\/users\/1\/"}],"replies":[{"embeddable":true,"href":"https:\/\/help.mediaboard.com\/cs\/wp-json\/wp\/v2\/comments\/?post=690"}],"version-history":[{"count":32,"href":"https:\/\/help.mediaboard.com\/cs\/wp-json\/wp\/v2\/pages\/690\/revisions\/"}],"predecessor-version":[{"id":3067,"href":"https:\/\/help.mediaboard.com\/cs\/wp-json\/wp\/v2\/pages\/690\/revisions\/3067\/"}],"up":[{"embeddable":true,"href":"https:\/\/help.mediaboard.com\/cs\/wp-json\/wp\/v2\/pages\/547\/"}],"wp:attachment":[{"href":"https:\/\/help.mediaboard.com\/cs\/wp-json\/wp\/v2\/media\/?parent=690"}],"curies":[{"name":"wp","href":"https:\/\/api.w.org\/{rel}","templated":true}]}}