{"id":734,"date":"2019-05-29T13:17:12","date_gmt":"2019-05-29T11:17:12","guid":{"rendered":"https:\/\/help.mediaboard.com\/?page_id=734"},"modified":"2023-10-01T19:51:47","modified_gmt":"2023-10-01T17:51:47","slug":"komentare-stitky-sentiment","status":"publish","type":"page","link":"https:\/\/help.mediaboard.com\/cs\/mediaboard\/jak-mediaboard-pouzivat\/komentare-stitky-sentiment\/","title":{"rendered":"Pozn\u00e1mky, \u0161t\u00edtky, sentiment"},"content":{"rendered":"\n<p class=\"has-text-color has-large-font-size\" style=\"color:#0ca8d0\"><strong>Pozn\u00e1mky<\/strong><\/p>\n\n\n\n<div class=\"wp-block-image\"><figure class=\"aligncenter size-large\"><img loading=\"lazy\" width=\"2175\" height=\"1030\" src=\"https:\/\/help.mediaboard.com\/wp-content\/uploads\/2023\/10\/httpsapp.mediaboard.comhelpsearch.svg\" alt=\"\" class=\"wp-image-3106\"\/><\/figure><\/div>\n\n\n\n<p>Ke ka\u017ed\u00e9mu \u010dl\u00e1nku m\u016f\u017eete p\u0159id\u00e1vat libovoln\u00e9 pozn\u00e1mky. Podle pozn\u00e1mek pak m\u016f\u017eete \u010dl\u00e1nky <strong>filtrovat (filtrovac\u00ed li\u0161ta)<\/strong>. <\/p>\n\n\n\n<div class=\"wp-block-image\"><figure class=\"aligncenter size-large\"><img loading=\"lazy\" width=\"1555\" height=\"553\" src=\"https:\/\/help.mediaboard.com\/wp-content\/uploads\/2023\/10\/Untitled-design-1.svg\" alt=\"\" class=\"wp-image-3109\"\/><\/figure><\/div>\n\n\n\n<p class=\"has-text-color has-large-font-size\" style=\"color:#0ca8d0\"><strong>\u0160t\u00edtky<\/strong><\/p>\n\n\n\n<div class=\"wp-block-image\"><figure class=\"aligncenter size-medium\"><img loading=\"lazy\" width=\"870\" height=\"823\" src=\"https:\/\/help.mediaboard.com\/wp-content\/uploads\/2023\/10\/Untitled-design-2.svg\" alt=\"\" class=\"wp-image-3112\"\/><\/figure><\/div>\n\n\n\n<p>Krom\u011b koment\u00e1\u0159\u016f m\u016f\u017eete tak\u00e9 \u010dl\u00e1nky \u0161t\u00edtkovat. \u0160t\u00edtek lze vytvo\u0159it bu\u010f <strong>p\u0159\u00edmo u \u010dl\u00e1nku<\/strong> nebo na lev\u00e9 stran\u011b u <strong>p\u0159ehledu \u0161t\u00edtk\u016f<\/strong>. <br>Pomoc\u00ed \u0161t\u00edtk\u016f lze \u010dl\u00e1nky tak\u00e9 filtrovat. Pokud na dan\u00fd \u0161t\u00edtek kliknete, vygeneruj\u00ed se pouze \u010dl\u00e1nky s t\u00edmto \u0161t\u00edtkem. <\/p>\n\n\n\n<p class=\"has-text-color has-large-font-size\" style=\"color:#0ca8d0\"><strong>Sentiment<\/strong><\/p>\n\n\n\n<div class=\"wp-block-image\"><figure class=\"aligncenter size-large\"><img loading=\"lazy\" width=\"1024\" height=\"226\" src=\"https:\/\/help.mediaboard.com\/wp-content\/uploads\/2023\/10\/Sni\u0301mek-obrazovky-2023-10-01-v-19.50.32-1024x226.png\" alt=\"\" class=\"wp-image-3117\" srcset=\"https:\/\/help.mediaboard.com\/wp-content\/uploads\/2023\/10\/Sni\u0301mek-obrazovky-2023-10-01-v-19.50.32-1024x226.png 1024w, https:\/\/help.mediaboard.com\/wp-content\/uploads\/2023\/10\/Sni\u0301mek-obrazovky-2023-10-01-v-19.50.32-300x66.png 300w, https:\/\/help.mediaboard.com\/wp-content\/uploads\/2023\/10\/Sni\u0301mek-obrazovky-2023-10-01-v-19.50.32-768x170.png 768w, https:\/\/help.mediaboard.com\/wp-content\/uploads\/2023\/10\/Sni\u0301mek-obrazovky-2023-10-01-v-19.50.32-1536x339.png 1536w, https:\/\/help.mediaboard.com\/wp-content\/uploads\/2023\/10\/Sni\u0301mek-obrazovky-2023-10-01-v-19.50.32-2048x453.png 2048w\" sizes=\"(max-width: 1024px) 100vw, 1024px\" \/><\/figure><\/div>\n\n\n\n<p>K \u010dl\u00e1nku m\u016f\u017eete p\u0159ipojit i sentiment.  Sentiment vypov\u00edd\u00e1 o tom, zda zpr\u00e1va vyzn\u00edv\u00e1 pozitivn\u011b, negativn\u011b, neutr\u00e1ln\u011b nebo ambivalentn\u011b. Na z\u00e1klad\u011b takov\u00e9ho posouzen\u00ed jednotliv\u00fdch zpr\u00e1v z m\u00e9di\u00ed lze zhodnotit, jak\u00e9 je hodnotov\u00e9 vyzn\u011bn\u00ed celkov\u00e9ho medi\u00e1ln\u00edho obrazu subjektu. <\/p>\n\n\n\n<p><strong>Automatick\u00fd sentiment<\/strong><br>Sentiment je automaticky p\u0159i\u0159azov\u00e1n k \u010dl\u00e1nk\u016fm na z\u00e1klad\u011b strojov\u00e9ho u\u010den\u00ed a na z\u00e1klad\u011b datab\u00e1ze slovn\u00edch v\u00fdraz\u016f. <br><br><strong>Automatick\u00fd sentiment pat\u0159\u00ed mezi n\u00e1stavbov\u00e9 slu\u017eby. V p\u0159\u00edpad\u011b z\u00e1jmu o automatick\u00fd sentiment n\u00e1s pros\u00edm kontaktujte. <\/strong><\/p>\n","protected":false},"excerpt":{"rendered":"<p>Pozn\u00e1mky Ke ka\u017ed\u00e9mu \u010dl\u00e1nku m\u016f\u017eete p\u0159id\u00e1vat libovoln\u00e9 pozn\u00e1mky. Podle pozn\u00e1mek pak m\u016f\u017eete \u010dl\u00e1nky filtrovat (filtrovac\u00ed li\u0161ta). \u0160t\u00edtky Krom\u011b koment\u00e1\u0159\u016f m\u016f\u017eete tak\u00e9 \u010dl\u00e1nky \u0161t\u00edtkovat. \u0160t\u00edtek lze&#8230;<\/p>\n","protected":false},"author":1,"featured_media":0,"parent":547,"menu_order":0,"comment_status":"closed","ping_status":"closed","template":"","meta":[],"_links":{"self":[{"href":"https:\/\/help.mediaboard.com\/cs\/wp-json\/wp\/v2\/pages\/734\/"}],"collection":[{"href":"https:\/\/help.mediaboard.com\/cs\/wp-json\/wp\/v2\/pages\/"}],"about":[{"href":"https:\/\/help.mediaboard.com\/cs\/wp-json\/wp\/v2\/types\/page\/"}],"author":[{"embeddable":true,"href":"https:\/\/help.mediaboard.com\/cs\/wp-json\/wp\/v2\/users\/1\/"}],"replies":[{"embeddable":true,"href":"https:\/\/help.mediaboard.com\/cs\/wp-json\/wp\/v2\/comments\/?post=734"}],"version-history":[{"count":11,"href":"https:\/\/help.mediaboard.com\/cs\/wp-json\/wp\/v2\/pages\/734\/revisions\/"}],"predecessor-version":[{"id":3120,"href":"https:\/\/help.mediaboard.com\/cs\/wp-json\/wp\/v2\/pages\/734\/revisions\/3120\/"}],"up":[{"embeddable":true,"href":"https:\/\/help.mediaboard.com\/cs\/wp-json\/wp\/v2\/pages\/547\/"}],"wp:attachment":[{"href":"https:\/\/help.mediaboard.com\/cs\/wp-json\/wp\/v2\/media\/?parent=734"}],"curies":[{"name":"wp","href":"https:\/\/api.w.org\/{rel}","templated":true}]}}