{"id":751,"date":"2019-05-29T13:45:26","date_gmt":"2019-05-29T11:45:26","guid":{"rendered":"https:\/\/help.mediaboard.com\/?page_id=751"},"modified":"2023-11-02T14:21:59","modified_gmt":"2023-11-02T13:21:59","slug":"export-clanku","status":"publish","type":"page","link":"https:\/\/help.mediaboard.com\/cs\/mediaboard\/jak-mediaboard-pouzivat\/export-clanku\/","title":{"rendered":"Export \u010dl\u00e1nk\u016f"},"content":{"rendered":"\n<p>\u010cl\u00e1nky si m\u016f\u017eete exportovat, nebo je poslat v&nbsp;e-mailov\u00e9m reportu na vybran\u00e9 adres\u00e1ty p\u0159\u00edmo z&nbsp;aplikace. <br><br>V\u00fdb\u011br \u010dl\u00e1nk\u016f m\u016f\u017eete prov\u00e9st hromadn\u011b prost\u0159ednictv\u00edm ikonky <strong>Vybrat<\/strong>, kterou naleznete pod \u00favodn\u00edm grafem. T\u00edmto zp\u016fsobem m\u016f\u017eete automaticky vybrat v\u0161echny vyfiltrovan\u00e9 \u010dl\u00e1nky (Vybrat -&gt; V\u0161e) nebo pouze ty, kter\u00e9 jsou zobrazen\u00e9 aktu\u00e1ln\u011b ve feedu (Vybrat -&gt; Zobrazen\u00e9). <\/p>\n\n\n\n<figure class=\"wp-block-image size-large\"><img loading=\"lazy\" width=\"1024\" height=\"259\" src=\"https:\/\/help.mediaboard.com\/wp-content\/uploads\/2023\/09\/Untitled-design-1024x259.png\" alt=\"\" class=\"wp-image-2990\" srcset=\"https:\/\/help.mediaboard.com\/wp-content\/uploads\/2023\/09\/Untitled-design-1024x259.png 1024w, https:\/\/help.mediaboard.com\/wp-content\/uploads\/2023\/09\/Untitled-design-300x76.png 300w, https:\/\/help.mediaboard.com\/wp-content\/uploads\/2023\/09\/Untitled-design-768x194.png 768w, https:\/\/help.mediaboard.com\/wp-content\/uploads\/2023\/09\/Untitled-design-1536x389.png 1536w, https:\/\/help.mediaboard.com\/wp-content\/uploads\/2023\/09\/Untitled-design-2048x518.png 2048w\" sizes=\"(max-width: 1024px) 100vw, 1024px\" \/><\/figure>\n\n\n\n<p>M\u016f\u017eete tak\u00e9 \u010dl\u00e1nky vybrat ru\u010dn\u011b. U ka\u017ed\u00e9ho \u010dl\u00e1nku naleznete v lev\u00e9m horn\u00edm rohu za\u0161krt\u00e1vac\u00ed pol\u00ed\u010dko. T\u00edmto zp\u016fsobem m\u016f\u017eete vybrat \u010dl\u00e1nky k exportu \u010di k reportu. <br><br>Jakmile za\u0161krtnete \u010dl\u00e1nek, zobraz\u00ed se v\u00e1m pod hlavn\u00edm grafem nov\u00e9 ikonky:<\/p>\n\n\n\n<div class=\"wp-block-image\"><figure class=\"aligncenter size-medium\"><img loading=\"lazy\" width=\"300\" height=\"76\" src=\"https:\/\/help.mediaboard.com\/wp-content\/uploads\/2023\/09\/Untitled-design-1-300x76.png\" alt=\"\" class=\"wp-image-2997\" srcset=\"https:\/\/help.mediaboard.com\/wp-content\/uploads\/2023\/09\/Untitled-design-1-300x76.png 300w, https:\/\/help.mediaboard.com\/wp-content\/uploads\/2023\/09\/Untitled-design-1-1024x259.png 1024w, https:\/\/help.mediaboard.com\/wp-content\/uploads\/2023\/09\/Untitled-design-1-768x194.png 768w, https:\/\/help.mediaboard.com\/wp-content\/uploads\/2023\/09\/Untitled-design-1-1536x389.png 1536w, https:\/\/help.mediaboard.com\/wp-content\/uploads\/2023\/09\/Untitled-design-1-2048x518.png 2048w\" sizes=\"(max-width: 300px) 100vw, 300px\" \/><\/figure><\/div>\n\n\n\n<p class=\"has-text-color\" style=\"color:#077d53\">St\u00e1hnout \u2013 rychl\u00fd export<\/p>\n\n\n\n<p class=\"has-luminous-vivid-orange-color has-text-color\">P\u0159eposlat \u2013 rychl\u00fd report<\/p>\n\n\n\n<p class=\"has-vivid-cyan-blue-color has-text-color\">P\u0159idat do exportu \u2013 \u010dl\u00e1nek se ulo\u017e\u00ed do sekce Export. V\u00a0t\u00e9to sekci si m\u016f\u017eete vytv\u00e1\u0159et seznam \u010dl\u00e1nk\u016f, kter\u00fd pak m\u016f\u017eete st\u00e1hnout nebo p\u0159eposlat na e-mailov\u00e9 adres\u00e1ty. V\u00a0sekci Export z\u016fstane, dokud ho nesma\u017eete.<\/p>\n\n\n\n<p class=\"has-light-green-cyan-color has-text-color\">Nastavit sentiment \u2013 M\u00e1te mo\u017enost nastavit sentiment jednotliv\u00fdch \u010dl\u00e1nk\u016f i ru\u010dn\u011b.<\/p>\n\n\n\n<p class=\"has-pale-cyan-blue-color has-text-color\">P\u0159i\u0159adit \u0161t\u00edtek \u2013 M\u016f\u017eete \u010dl\u00e1nek p\u0159i\u0159adit k va\u0161im \u0161t\u00edtk\u016fm.<\/p>\n\n\n\n<p class=\"has-vivid-red-color has-text-color\">Odstranit \u0161t\u00edtek \u2013 Stejn\u011b tak jako m\u016f\u017eete \u0161t\u00edtek z \u010dl\u00e1nk\u016f i odebrat.<\/p>\n\n\n\n<p class=\"has-vivid-red-color has-text-color\">Odstranit \u010dl\u00e1nek \u2013 \u010dl\u00e1nek se nen\u00e1vratn\u011b sma\u017ee<\/p>\n\n\n\n<p>Pokud zvol\u00edte mo\u017enost P\u0159idat do exportu, v\u00fdb\u011br \u010dl\u00e1nk\u016f se v\u00e1m ulo\u017e\u00ed do sekce Export. Zde s \u010dl\u00e1nky m\u016f\u017eete nad\u00e1le pracovat, p\u0159eposlat je, nebo si je st\u00e1hnout. <\/p>\n\n\n\n<div class=\"wp-block-image\"><figure class=\"aligncenter size-large\"><img loading=\"lazy\" width=\"1024\" height=\"500\" src=\"https:\/\/help.mediaboard.com\/wp-content\/uploads\/2023\/09\/Screeny-podpora-MB-4-1-1024x500.png\" alt=\"\" class=\"wp-image-2993\" srcset=\"https:\/\/help.mediaboard.com\/wp-content\/uploads\/2023\/09\/Screeny-podpora-MB-4-1-1024x500.png 1024w, https:\/\/help.mediaboard.com\/wp-content\/uploads\/2023\/09\/Screeny-podpora-MB-4-1-300x146.png 300w, https:\/\/help.mediaboard.com\/wp-content\/uploads\/2023\/09\/Screeny-podpora-MB-4-1-768x375.png 768w, https:\/\/help.mediaboard.com\/wp-content\/uploads\/2023\/09\/Screeny-podpora-MB-4-1-1536x750.png 1536w, https:\/\/help.mediaboard.com\/wp-content\/uploads\/2023\/09\/Screeny-podpora-MB-4-1-2048x1000.png 2048w\" sizes=\"(max-width: 1024px) 100vw, 1024px\" \/><\/figure><\/div>\n","protected":false},"excerpt":{"rendered":"<p>\u010cl\u00e1nky si m\u016f\u017eete exportovat, nebo je poslat v&nbsp;e-mailov\u00e9m reportu na vybran\u00e9 adres\u00e1ty p\u0159\u00edmo z&nbsp;aplikace. V\u00fdb\u011br \u010dl\u00e1nk\u016f m\u016f\u017eete prov\u00e9st hromadn\u011b prost\u0159ednictv\u00edm ikonky Vybrat, kterou naleznete pod&#8230;<\/p>\n","protected":false},"author":1,"featured_media":0,"parent":547,"menu_order":0,"comment_status":"closed","ping_status":"closed","template":"","meta":[],"_links":{"self":[{"href":"https:\/\/help.mediaboard.com\/cs\/wp-json\/wp\/v2\/pages\/751\/"}],"collection":[{"href":"https:\/\/help.mediaboard.com\/cs\/wp-json\/wp\/v2\/pages\/"}],"about":[{"href":"https:\/\/help.mediaboard.com\/cs\/wp-json\/wp\/v2\/types\/page\/"}],"author":[{"embeddable":true,"href":"https:\/\/help.mediaboard.com\/cs\/wp-json\/wp\/v2\/users\/1\/"}],"replies":[{"embeddable":true,"href":"https:\/\/help.mediaboard.com\/cs\/wp-json\/wp\/v2\/comments\/?post=751"}],"version-history":[{"count":9,"href":"https:\/\/help.mediaboard.com\/cs\/wp-json\/wp\/v2\/pages\/751\/revisions\/"}],"predecessor-version":[{"id":3545,"href":"https:\/\/help.mediaboard.com\/cs\/wp-json\/wp\/v2\/pages\/751\/revisions\/3545\/"}],"up":[{"embeddable":true,"href":"https:\/\/help.mediaboard.com\/cs\/wp-json\/wp\/v2\/pages\/547\/"}],"wp:attachment":[{"href":"https:\/\/help.mediaboard.com\/cs\/wp-json\/wp\/v2\/media\/?parent=751"}],"curies":[{"name":"wp","href":"https:\/\/api.w.org\/{rel}","templated":true}]}}