{"id":758,"date":"2019-05-29T16:13:07","date_gmt":"2019-05-29T14:13:07","guid":{"rendered":"https:\/\/help.mediaboard.com\/?page_id=758"},"modified":"2023-08-21T17:31:26","modified_gmt":"2023-08-21T15:31:26","slug":"analytika","status":"publish","type":"page","link":"https:\/\/help.mediaboard.com\/cs\/mediaboard\/jak-mediaboard-pouzivat\/analytika\/","title":{"rendered":"Analytika"},"content":{"rendered":"\n<p class=\"has-text-color\" style=\"color:#0ca8d0;font-size:25px\"><strong>Anal\u00fdza t\u00e9matu<\/strong><\/p>\n\n\n\n<p>Pokud chcete analyzovat pouze jedno t\u00e9ma, sta\u010d\u00ed p\u0159ej\u00edt do sekce Analytika a zvolit dan\u00e9 t\u00e9ma k anal\u00fdze. <\/p>\n\n\n\n<figure class=\"wp-block-image size-large\"><img src=\"https:\/\/help.mediaboard.com\/wp-content\/uploads\/2023\/08\/Sni\u0301mek-obrazovky-2023-08-21-v-11.55.43-1024x366.png\" alt=\"\" class=\"wp-image-2833\"\/><\/figure>\n\n\n\n<p>Jakmile se vygeneruje analytika pro zvolen\u00e9 t\u00e9ma, m\u016f\u017eete d\u00e1le <strong>nad v\u00fdstupy filtrovat pomoc\u00ed filtrovac\u00ed li\u0161ty<\/strong>. <br>M\u016f\u017eete si tak zvolit pro anal\u00fdzu obdob\u00ed (DATUM), konkr\u00e9tn\u00ed zdroje (ZDROJ), konkr\u00e9tn\u00ed autory (AUTOR) a nebo nap\u0159\u00edklad anal\u00fdzu pouze negativn\u00edch \u010dl\u00e1nk\u016f (SENTIMENT). <\/p>\n\n\n\n<p class=\"has-text-color\" style=\"color:#0ca8d0;font-size:25px\"><strong>Anal\u00fdza dvou a v\u00edce t\u00e9mat<\/strong><\/p>\n\n\n\n<p>Pokud chcete analyzovat v\u00edce jak jedno t\u00e9ma, zvolte rovnou v\u0161echna t\u00e9mata, kter\u00e1 chcete analyzovat. <strong>M\u016f\u017eete takto porovnat a\u017e 5 t\u00e9mat mezi sebou. <\/strong><br><\/p>\n\n\n\n<div class=\"wp-block-image\"><figure class=\"aligncenter size-large\"><img src=\"https:\/\/help.mediaboard.com\/wp-content\/uploads\/2023\/08\/Sni\u0301mek-obrazovky-2023-08-21-v-11.56.45-1024x363.png\" alt=\"\" class=\"wp-image-2837\"\/><\/figure><\/div>\n\n\n\n<p>Z\u00e1rove\u0148 m\u016f\u017eete nad v\u00fdsledky filtrovat pomoc\u00ed filtrovac\u00ed li\u0161ty. <br>Pokud chcete naopak z ji\u017e vytvo\u0159en\u00e9 analytiky n\u011bjak\u00e9 t\u00e9ma odebrat, m\u016f\u017eete tak ud\u011blat jednodu\u0161e pomoc\u00ed k\u0159\u00ed\u017eku u t\u00e9matu. <\/p>\n\n\n\n<div class=\"wp-block-image\"><figure class=\"aligncenter size-large\"><img src=\"https:\/\/help.mediaboard.com\/wp-content\/uploads\/2023\/08\/Untitled-design-1024x370.png\" alt=\"\" class=\"wp-image-2841\"\/><\/figure><\/div>\n\n\n\n<p>Pokud chcete naopak je\u0161t\u011b n\u011bjak\u00e9 t\u00e9ma p\u0159idat m\u016f\u017eete pomoc\u00ed te\u010dek:<\/p>\n\n\n\n<div class=\"wp-block-image\"><figure class=\"aligncenter size-large\"><img src=\"https:\/\/help.mediaboard.com\/wp-content\/uploads\/2023\/08\/Sni\u0301mek-obrazovky-2023-08-21-v-17.25.58-1024x455.png\" alt=\"\" class=\"wp-image-2846\"\/><\/figure><\/div>\n\n\n\n<p class=\"has-text-color\" style=\"color:#0ca8d0;font-size:25px\"><strong>Anal\u00fdza vyhledan\u00e9ho v\u00fdrazu p\u0159es archiv<\/strong><\/p>\n\n\n\n<p>Pokud pot\u0159ebujete analyzovat v\u00fdraz, kter\u00fd jste si vyhledali p\u0159es medi\u00e1ln\u00ed archiv, sta\u010d\u00ed p\u0159ej\u00edt do sekce Analytika a v horn\u00ed li\u0161t\u011b medi\u00e1ln\u00edho archivu vyhledat dan\u00fd v\u00fdraz. Analytika se okam\u017eit\u011b p\u0159izp\u016fsob\u00ed.<\/p>\n\n\n\n<p class=\"has-text-color\" style=\"color:#0ca8d0;font-size:25px\"><strong>Tipy na z\u00e1v\u011br:<\/strong><\/p>\n\n\n\n<p><strong>Anal\u00fdza \u0161t\u00edtku<\/strong> &#8211; pokud chcete anal\u00fdzu pouze \u010dl\u00e1nk\u016f se \u0161t\u00edtkem, sta\u010d\u00ed v sekci Analytika zvolit m\u00edsto t\u00e9matu rovnou dan\u00fd \u0161t\u00edtek. Analytika vygeneruje v\u00fdsledky pouze nad t\u011bmi \u010dl\u00e1nky, kter\u00e9 odpov\u00eddaj\u00ed dan\u00e9mu \u0161t\u00edtku.<br><br><strong>Anal\u00fdza konkr\u00e9tn\u00edho v\u00fdrazu v t\u00e9matu<\/strong> &#8211; pokud chcete analyzovat pouze konkr\u00e9tn\u00ed v\u00fdraz v ur\u010dit\u00e9m t\u00e9matu, sta\u010d\u00ed v Analytice nejd\u0159\u00edve v li\u0161t\u011b medi\u00e1ln\u00edho archivu vyhledat dan\u00fd v\u00fdraz a pot\u00e9 si zvolit t\u00e9ma, kter\u00fdm vyhled\u00e1v\u00e1n\u00ed zp\u0159esn\u00edme. <\/p>\n\n\n\n<div class=\"wp-block-image\"><figure class=\"aligncenter size-large\"><img src=\"https:\/\/help.mediaboard.com\/wp-content\/uploads\/2023\/08\/Sni\u0301mek-obrazovky-2023-08-21-v-17.31.06-1024x601.png\" alt=\"\" class=\"wp-image-2850\"\/><\/figure><\/div>\n","protected":false},"excerpt":{"rendered":"<p>Anal\u00fdza t\u00e9matu Pokud chcete analyzovat pouze jedno t\u00e9ma, sta\u010d\u00ed p\u0159ej\u00edt do sekce Analytika a zvolit dan\u00e9 t\u00e9ma k anal\u00fdze. Jakmile se vygeneruje analytika pro zvolen\u00e9&#8230;<\/p>\n","protected":false},"author":1,"featured_media":0,"parent":547,"menu_order":0,"comment_status":"closed","ping_status":"closed","template":"","meta":[],"_links":{"self":[{"href":"https:\/\/help.mediaboard.com\/cs\/wp-json\/wp\/v2\/pages\/758\/"}],"collection":[{"href":"https:\/\/help.mediaboard.com\/cs\/wp-json\/wp\/v2\/pages\/"}],"about":[{"href":"https:\/\/help.mediaboard.com\/cs\/wp-json\/wp\/v2\/types\/page\/"}],"author":[{"embeddable":true,"href":"https:\/\/help.mediaboard.com\/cs\/wp-json\/wp\/v2\/users\/1\/"}],"replies":[{"embeddable":true,"href":"https:\/\/help.mediaboard.com\/cs\/wp-json\/wp\/v2\/comments\/?post=758"}],"version-history":[{"count":16,"href":"https:\/\/help.mediaboard.com\/cs\/wp-json\/wp\/v2\/pages\/758\/revisions\/"}],"predecessor-version":[{"id":2854,"href":"https:\/\/help.mediaboard.com\/cs\/wp-json\/wp\/v2\/pages\/758\/revisions\/2854\/"}],"up":[{"embeddable":true,"href":"https:\/\/help.mediaboard.com\/cs\/wp-json\/wp\/v2\/pages\/547\/"}],"wp:attachment":[{"href":"https:\/\/help.mediaboard.com\/cs\/wp-json\/wp\/v2\/media\/?parent=758"}],"curies":[{"name":"wp","href":"https:\/\/api.w.org\/{rel}","templated":true}]}}