{"id":774,"date":"2019-05-29T16:21:41","date_gmt":"2019-05-29T14:21:41","guid":{"rendered":"https:\/\/help.mediaboard.com\/?page_id=774"},"modified":"2023-10-01T19:33:32","modified_gmt":"2023-10-01T17:33:32","slug":"medialni-archiv","status":"publish","type":"page","link":"https:\/\/help.mediaboard.com\/cs\/mediaboard\/jak-mediaboard-pouzivat\/medialni-archiv\/","title":{"rendered":"Medi\u00e1ln\u00ed archiv"},"content":{"rendered":"\n<p>V&nbsp;medi\u00e1ln\u00edm archivu m\u016f\u017eete vyhled\u00e1vat pomoc\u00ed <strong>horn\u00ed vyhled\u00e1vac\u00ed li\u0161ty<\/strong>. <\/p>\n\n\n\n<div class=\"wp-block-image\"><figure class=\"aligncenter size-large\"><img loading=\"lazy\" width=\"2175\" height=\"615\" src=\"https:\/\/help.mediaboard.com\/wp-content\/uploads\/2023\/10\/Screeny-podpora-MB-2900-x-820-px-2.svg\" alt=\"\" class=\"wp-image-3096\"\/><\/figure><\/div>\n\n\n\n<p><\/p>\n\n\n\n<p>Jakmile zad\u00e1te kl\u00ed\u010dov\u00e9 slovo do vyhled\u00e1v\u00e1n\u00ed, ve feedu se automaticky vygeneruj\u00ed zachycen\u00e9 \u010dl\u00e1nky a vy m\u016f\u017eete nad vygenerovan\u00fdmi \u010dl\u00e1nky pou\u017e\u00edt klasick\u00e9 filtrovac\u00ed mo\u017enosti v\u00a0li\u0161t\u011b filtr\u016f. P\u0159i zad\u00e1v\u00e1n\u00ed kl\u00ed\u010dov\u00fdch slov doporu\u010dujeme postupovat dle<a href=\"https:\/\/app.mediaboard.com\/help\/search\" target=\"_blank\" rel=\"noreferrer noopener\"> n\u00e1vodu<\/a>. <\/p>\n","protected":false},"excerpt":{"rendered":"<p>V&nbsp;medi\u00e1ln\u00edm archivu m\u016f\u017eete vyhled\u00e1vat pomoc\u00ed horn\u00ed vyhled\u00e1vac\u00ed li\u0161ty. Jakmile zad\u00e1te kl\u00ed\u010dov\u00e9 slovo do vyhled\u00e1v\u00e1n\u00ed, ve feedu se automaticky vygeneruj\u00ed zachycen\u00e9 \u010dl\u00e1nky a vy m\u016f\u017eete nad&#8230;<\/p>\n","protected":false},"author":1,"featured_media":0,"parent":547,"menu_order":0,"comment_status":"closed","ping_status":"closed","template":"","meta":[],"_links":{"self":[{"href":"https:\/\/help.mediaboard.com\/cs\/wp-json\/wp\/v2\/pages\/774\/"}],"collection":[{"href":"https:\/\/help.mediaboard.com\/cs\/wp-json\/wp\/v2\/pages\/"}],"about":[{"href":"https:\/\/help.mediaboard.com\/cs\/wp-json\/wp\/v2\/types\/page\/"}],"author":[{"embeddable":true,"href":"https:\/\/help.mediaboard.com\/cs\/wp-json\/wp\/v2\/users\/1\/"}],"replies":[{"embeddable":true,"href":"https:\/\/help.mediaboard.com\/cs\/wp-json\/wp\/v2\/comments\/?post=774"}],"version-history":[{"count":8,"href":"https:\/\/help.mediaboard.com\/cs\/wp-json\/wp\/v2\/pages\/774\/revisions\/"}],"predecessor-version":[{"id":3100,"href":"https:\/\/help.mediaboard.com\/cs\/wp-json\/wp\/v2\/pages\/774\/revisions\/3100\/"}],"up":[{"embeddable":true,"href":"https:\/\/help.mediaboard.com\/cs\/wp-json\/wp\/v2\/pages\/547\/"}],"wp:attachment":[{"href":"https:\/\/help.mediaboard.com\/cs\/wp-json\/wp\/v2\/media\/?parent=774"}],"curies":[{"name":"wp","href":"https:\/\/api.w.org\/{rel}","templated":true}]}}