{"id":791,"date":"2019-05-29T16:29:58","date_gmt":"2019-05-29T14:29:58","guid":{"rendered":"https:\/\/help.mediaboard.com\/?page_id=791"},"modified":"2025-06-13T11:21:05","modified_gmt":"2025-06-13T09:21:05","slug":"krizova-komunikace","status":"publish","type":"page","link":"https:\/\/help.mediaboard.com\/cs\/mediaboard\/jak-mediaboard-pouzivat\/krizova-komunikace\/","title":{"rendered":"Krizov\u00e1 komunikace"},"content":{"rendered":"\n<p><strong>Do 3 minut<\/strong>&nbsp;od zazn\u011bn\u00ed relevantn\u00edho kl\u00ed\u010dov\u00e9ho slova dostanete na&nbsp;<strong>e-mail nebo SMS<\/strong>&nbsp;upozorn\u011bn\u00ed spolu s <strong>t\u0159\u00edminutovou nahr\u00e1vkou<\/strong> relevantn\u00ed \u010d\u00e1sti&nbsp;<strong>televizn\u00edho nebo rozhlasov\u00e9ho vys\u00edl\u00e1n\u00ed<\/strong>. Nav\u00edc jako jedin\u00ed v \u010cR sledujeme a zachyt\u00e1v\u00e1me zm\u00ednky v textech, kter\u00e9 se objev\u00ed na obrazovce televizn\u00edho vys\u00edl\u00e1n\u00ed.<\/p>\n\n\n\n<h2>Vlastnosti slu\u017eby Krizov\u00e1 komunikace<\/h2>\n\n\n\n<p><\/p>\n\n\n\n<p>&#8211; rozpozn\u00e1v\u00e1n\u00ed mluven\u00e9ho slova v televizn\u00edm a rozhlasov\u00e9m vys\u00edl\u00e1n\u00ed<br>&#8211; rozpozn\u00e1v\u00e1n\u00ed textu na obrazovce televizn\u00edho vys\u00edl\u00e1n\u00ed<br>&#8211; monitoring vys\u00edl\u00e1n\u00ed 24\/7<br>&#8211; upozorn\u011bn\u00ed do 3 minut od odvys\u00edl\u00e1n\u00ed na e-mail nebo SMS<br>&#8211; t\u0159\u00edminutov\u00e1 video\/audio nahr\u00e1vka s mo\u017enost\u00ed st\u00e1hnut\u00ed<br>&#8211; automatick\u00fd p\u0159epis mluven\u00e9ho slova se zv\u00fdrazn\u011bn\u00fdmi kl\u00ed\u010dov\u00fdmi slovy<br>&#8211; v\u00fdstupy k dispozici v syst\u00e9mu po neomezenou dobu s mo\u017enost\u00ed filtrac\u00ed a hled\u00e1n\u00ed<\/p>\n\n\n\n<p><\/p>\n\n\n\n<h2><strong>Monitorovan\u00e9 zdroje<\/strong><\/h2>\n\n\n\n<p><\/p>\n\n\n\n<h3>Televize<\/h3>\n\n\n\n<p><strong>\u010cR<\/strong>: Barrandov TV, CNN Prima News, DVTV, Nova, Prima, TV Praha, TV Seznam, \u010cT1, \u010cT2, \u010cT24<br><strong>SR<\/strong>: JOJ, Mark\u00edza, STV1, STV2, TA3<\/p>\n\n\n\n<p><\/p>\n\n\n\n<h3>Rozhlas<\/h3>\n\n\n\n<p><strong>\u010cR<\/strong>: Blan\u00edk, Frekvence 1, Impuls, Radio City, R\u00e1dio Z, \u010cRo Brno, \u010cRo DAB Praha, \u010cRo Dvojka, \u010cRo Hradec Kr\u00e1lov\u00e9, \u010cRo Karlovy Vary, \u010cRo Liberec, \u010cRo Olomouc, \u010cRo Ostrava, \u010cRo Pardubice, \u010cRo Plus, \u010cRo Plze\u0148, \u010cRo Radio\u017eurn\u00e1l, \u010cRo Region, \u010cRo Region &#8211; St\u0159edo\u010desk\u00fd kraj, \u010cRo Sever, \u010cRo Vyso\u010dina, \u010cRo Zl\u00edn, \u010cRo \u010cesk\u00e9 Bud\u011bjovice<br><strong>SR<\/strong>: Fun r\u00e1dio, R\u00e1dio Expres, R\u00e1dio FM, R\u00e1dio Ko\u0161ice, R\u00e1dio Lumen, R\u00e1dio Regina (v\u00fdchod), R\u00e1dio Regina (z\u00e1pad), R\u00e1dio Regina (stred), R\u00e1dio Slovensko, R\u00e1dio \u0160\u00edrava, R\u00e1dio Vlna<\/p>\n\n\n\n<p><\/p>\n\n\n\n<p><strong>Pokud m\u00e1te z\u00e1jem o slu\u017ebu Krizov\u00e1 komunikace, pros\u00edm kontaktujte n\u00e1s na\u00a0<a rel=\"noreferrer noopener\" href=\"mailto:obchod@mediaboard.cz\" target=\"_blank\">obchod@mediaboard.com<\/a>\u00a0nebo dejte v\u011bd\u011bt Va\u0161emu accountovi.<\/strong><\/p>\n","protected":false},"excerpt":{"rendered":"<p>Do 3 minut&nbsp;od zazn\u011bn\u00ed relevantn\u00edho kl\u00ed\u010dov\u00e9ho slova dostanete na&nbsp;e-mail nebo SMS&nbsp;upozorn\u011bn\u00ed spolu s t\u0159\u00edminutovou nahr\u00e1vkou relevantn\u00ed \u010d\u00e1sti&nbsp;televizn\u00edho nebo rozhlasov\u00e9ho vys\u00edl\u00e1n\u00ed. Nav\u00edc jako jedin\u00ed v \u010cR&#8230;<\/p>\n","protected":false},"author":1,"featured_media":0,"parent":547,"menu_order":0,"comment_status":"closed","ping_status":"closed","template":"","meta":[],"_links":{"self":[{"href":"https:\/\/help.mediaboard.com\/cs\/wp-json\/wp\/v2\/pages\/791\/"}],"collection":[{"href":"https:\/\/help.mediaboard.com\/cs\/wp-json\/wp\/v2\/pages\/"}],"about":[{"href":"https:\/\/help.mediaboard.com\/cs\/wp-json\/wp\/v2\/types\/page\/"}],"author":[{"embeddable":true,"href":"https:\/\/help.mediaboard.com\/cs\/wp-json\/wp\/v2\/users\/1\/"}],"replies":[{"embeddable":true,"href":"https:\/\/help.mediaboard.com\/cs\/wp-json\/wp\/v2\/comments\/?post=791"}],"version-history":[{"count":26,"href":"https:\/\/help.mediaboard.com\/cs\/wp-json\/wp\/v2\/pages\/791\/revisions\/"}],"predecessor-version":[{"id":4393,"href":"https:\/\/help.mediaboard.com\/cs\/wp-json\/wp\/v2\/pages\/791\/revisions\/4393\/"}],"up":[{"embeddable":true,"href":"https:\/\/help.mediaboard.com\/cs\/wp-json\/wp\/v2\/pages\/547\/"}],"wp:attachment":[{"href":"https:\/\/help.mediaboard.com\/cs\/wp-json\/wp\/v2\/media\/?parent=791"}],"curies":[{"name":"wp","href":"https:\/\/api.w.org\/{rel}","templated":true}]}}