{"id":796,"date":"2019-05-29T16:35:08","date_gmt":"2019-05-29T14:35:08","guid":{"rendered":"https:\/\/help.mediaboard.com\/?page_id=796"},"modified":"2023-10-01T19:58:10","modified_gmt":"2023-10-01T17:58:10","slug":"uzivatelsky-ucet","status":"publish","type":"page","link":"https:\/\/help.mediaboard.com\/cs\/mediaboard\/jak-mediaboard-pouzivat\/uzivatelsky-ucet\/","title":{"rendered":"U\u017eivatelsk\u00fd \u00fa\u010det"},"content":{"rendered":"\n<div class=\"wp-block-image\"><figure class=\"aligncenter size-large\"><img loading=\"lazy\" width=\"2175\" height=\"615\" src=\"https:\/\/help.mediaboard.com\/wp-content\/uploads\/2023\/10\/Screeny-podpora-MB-2900-x-820-px-6.svg\" alt=\"\" class=\"wp-image-3128\"\/><figcaption><br><\/figcaption><\/figure><\/div>\n\n\n\n<p>V <strong>Nastaven\u00ed <\/strong>naleznete informace o va\u0161em \u00fa\u010dtu, o limitech, o monitorovan\u00fdch m\u00e9di\u00edch a kter\u00e9 funkcionality aplikace m\u00e1te k dispozici a kter\u00e9 nikoliv. <\/p>\n\n\n\n<p><strong>Informace o tarifu<\/strong> &#8211; v Nastaven\u00ed naleznete stav limit\u016f pro export \u010dl\u00e1nk\u016f a pro nalezen\u00e9 \u010dl\u00e1nky p\u0159es T\u00e9mata. Z\u00e1rove\u0148 zde m\u016f\u017eete za\u017e\u00e1dat o nav\u00fd\u0161en\u00ed.<br><br><strong>Logo<\/strong> &#8211; v Nastaven\u00ed m\u016f\u017eete nahr\u00e1t vlastn\u00ed logo, kter\u00e9 pak bude zobrazeno v reportech, exportech a v samotn\u00e9 aplikaci.<br><br><strong>M\u011bna<\/strong> &#8211; m\u016f\u017eete si tak\u00e9 zvolit, v jak\u00e9 m\u011bn\u011b se bude po\u010d\u00edtat AVE. <br><br><strong>Zm\u011bna hesla &#8211; <\/strong>v Nastaven\u00ed si m\u016f\u017eete tak\u00e9 zm\u011bnit sv\u00e9 st\u00e1vaj\u00edc\u00ed heslo.<\/p>\n","protected":false},"excerpt":{"rendered":"<p>V Nastaven\u00ed naleznete informace o va\u0161em \u00fa\u010dtu, o limitech, o monitorovan\u00fdch m\u00e9di\u00edch a kter\u00e9 funkcionality aplikace m\u00e1te k dispozici a kter\u00e9 nikoliv. Informace o tarifu&#8230;<\/p>\n","protected":false},"author":1,"featured_media":0,"parent":547,"menu_order":0,"comment_status":"closed","ping_status":"closed","template":"","meta":[],"_links":{"self":[{"href":"https:\/\/help.mediaboard.com\/cs\/wp-json\/wp\/v2\/pages\/796\/"}],"collection":[{"href":"https:\/\/help.mediaboard.com\/cs\/wp-json\/wp\/v2\/pages\/"}],"about":[{"href":"https:\/\/help.mediaboard.com\/cs\/wp-json\/wp\/v2\/types\/page\/"}],"author":[{"embeddable":true,"href":"https:\/\/help.mediaboard.com\/cs\/wp-json\/wp\/v2\/users\/1\/"}],"replies":[{"embeddable":true,"href":"https:\/\/help.mediaboard.com\/cs\/wp-json\/wp\/v2\/comments\/?post=796"}],"version-history":[{"count":7,"href":"https:\/\/help.mediaboard.com\/cs\/wp-json\/wp\/v2\/pages\/796\/revisions\/"}],"predecessor-version":[{"id":3132,"href":"https:\/\/help.mediaboard.com\/cs\/wp-json\/wp\/v2\/pages\/796\/revisions\/3132\/"}],"up":[{"embeddable":true,"href":"https:\/\/help.mediaboard.com\/cs\/wp-json\/wp\/v2\/pages\/547\/"}],"wp:attachment":[{"href":"https:\/\/help.mediaboard.com\/cs\/wp-json\/wp\/v2\/media\/?parent=796"}],"curies":[{"name":"wp","href":"https:\/\/api.w.org\/{rel}","templated":true}]}}