{"id":836,"date":"2019-05-30T15:56:30","date_gmt":"2019-05-30T13:56:30","guid":{"rendered":"https:\/\/help.mediaboard.com\/?page_id=836"},"modified":"2024-03-18T11:30:03","modified_gmt":"2024-03-18T10:30:03","slug":"monitoring-socialnich-siti","status":"publish","type":"page","link":"https:\/\/help.mediaboard.com\/cs\/monitoring-socialnich-siti-2\/monitoring-socialnich-siti\/","title":{"rendered":"Za\u010d\u00edn\u00e1me"},"content":{"rendered":"\n<p>Aplikace sb\u00edr\u00e1 a analyzuje ve\u0161ker\u00e9 zm\u00ednky, indexuje \u010dl\u00e1nky, p\u0159\u00edsp\u011bvky, koment\u00e1\u0159e, tweety, posty, statusy, blogy, video blogy, diskuzn\u00ed f\u00f3ra i diskuze pod \u010dl\u00e1nky na zpravodajsk\u00fdch port\u00e1lech. <strong>Zam\u011b\u0159ujeme se na dod\u00e1v\u00e1n\u00ed kvalitn\u00edho a komplexn\u00edho monitoringu soci\u00e1ln\u00edch s\u00edt\u00ed a sou\u010dasn\u011b poskytujeme na\u0161im klient\u016fm mo\u017enost pokro\u010dil\u00fdch anal\u00fdz a filtr\u016f nad monitorovan\u00fdmi v\u00fdstupy.<\/strong><br><\/p>\n\n\n\n<p class=\"has-text-align-center\"><strong>Mediaboard m\u016f\u017eete vyzkou\u0161et na t\u00fdden zdarma a nez\u00e1vazn\u011b. Sta\u010d\u00ed n\u00e1m d\u00e1t v\u011bd\u011bt!<\/strong><\/p>\n\n\n\n<div class=\"wp-block-buttons is-content-justification-center\">\n<div class=\"wp-block-button is-style-fill\"><a class=\"wp-block-button__link has-vivid-green-cyan-background-color has-background\" href=\"https:\/\/app.mediaboard.cz\/sign-up\"><strong>Vyzkou\u0161et zdarma<\/strong><\/a><\/div>\n<\/div>\n","protected":false},"excerpt":{"rendered":"<p>Aplikace sb\u00edr\u00e1 a analyzuje ve\u0161ker\u00e9 zm\u00ednky, indexuje \u010dl\u00e1nky, p\u0159\u00edsp\u011bvky, koment\u00e1\u0159e, tweety, posty, statusy, blogy, video blogy, diskuzn\u00ed f\u00f3ra i diskuze pod \u010dl\u00e1nky na zpravodajsk\u00fdch port\u00e1lech&#8230;.<\/p>\n","protected":false},"author":1,"featured_media":3774,"parent":893,"menu_order":1,"comment_status":"closed","ping_status":"closed","template":"","meta":[],"_links":{"self":[{"href":"https:\/\/help.mediaboard.com\/cs\/wp-json\/wp\/v2\/pages\/836\/"}],"collection":[{"href":"https:\/\/help.mediaboard.com\/cs\/wp-json\/wp\/v2\/pages\/"}],"about":[{"href":"https:\/\/help.mediaboard.com\/cs\/wp-json\/wp\/v2\/types\/page\/"}],"author":[{"embeddable":true,"href":"https:\/\/help.mediaboard.com\/cs\/wp-json\/wp\/v2\/users\/1\/"}],"replies":[{"embeddable":true,"href":"https:\/\/help.mediaboard.com\/cs\/wp-json\/wp\/v2\/comments\/?post=836"}],"version-history":[{"count":16,"href":"https:\/\/help.mediaboard.com\/cs\/wp-json\/wp\/v2\/pages\/836\/revisions\/"}],"predecessor-version":[{"id":3761,"href":"https:\/\/help.mediaboard.com\/cs\/wp-json\/wp\/v2\/pages\/836\/revisions\/3761\/"}],"up":[{"embeddable":true,"href":"https:\/\/help.mediaboard.com\/cs\/wp-json\/wp\/v2\/pages\/893\/"}],"wp:featuredmedia":[{"embeddable":true,"href":"https:\/\/help.mediaboard.com\/cs\/wp-json\/wp\/v2\/media\/3774\/"}],"wp:attachment":[{"href":"https:\/\/help.mediaboard.com\/cs\/wp-json\/wp\/v2\/media\/?parent=836"}],"curies":[{"name":"wp","href":"https:\/\/api.w.org\/{rel}","templated":true}]}}