{"id":842,"date":"2019-06-03T16:03:34","date_gmt":"2019-06-03T14:03:34","guid":{"rendered":"https:\/\/help.mediaboard.com\/?page_id=842"},"modified":"2021-08-20T11:43:17","modified_gmt":"2021-08-20T09:43:17","slug":"manazerska-shrnuti","status":"publish","type":"page","link":"https:\/\/help.mediaboard.com\/cs\/mediaboard\/medialni-sluzby\/manazerska-shrnuti\/","title":{"rendered":"Mana\u017eersk\u00e1 shrnut\u00ed"},"content":{"rendered":"\n<p class=\"has-text-align-left\"><strong>Pot\u0159ebujete sledovat hodn\u011b t\u00e9mat a m\u00e1te t\u00edm i hodn\u011b v\u00fdstup\u016f? St\u00e1v\u00e1 se z va\u0161eho reportu n\u011bco nep\u0159ehledn\u00e9ho a trv\u00e1 v\u00e1m dlouho, ne\u017e ho projdete? Proto nab\u00edz\u00edme mana\u017eersk\u00e1 shrnut\u00ed. <\/strong><\/p>\n\n\n\n<p>N\u00e1\u0161 medi\u00e1ln\u00ed analytik ka\u017ed\u00e9 r\u00e1no projde v\u00fdsledky a nap\u00ed\u0161e stru\u010dn\u00e9 shrnut\u00ed v \u010desk\u00e9m nebo anglick\u00e9m jazyce p\u0159\u00edmo do hlavi\u010dky va\u0161eho reportu. To je u\u017eite\u010dn\u00e9 zejm\u00e9na tehdy, kdy m\u00e1te denn\u011b mnoho v\u00fdstup\u016f a je obt\u00ed\u017en\u00e9 se v nich zorientovat a naj\u00edt to zaj\u00edmav\u00e9, \u010di pokud je t\u0159eba komunikovat ostatn\u00edm koleg\u016fm jen sum\u00e1\u0159 toho hlavn\u00edho a ne v\u0161echny v\u00fdsledky. <\/p>\n\n\n\n<p>Analytik tak\u00e9 m\u016f\u017ee v\u00fdsledky manu\u00e1ln\u011b vyt\u0159\u00eddit, kategorizovat, zkontrolovat, o\u0161t\u00edtkovat, ur\u010dit sentiment nebo v\u00fdstup d\u00e1le distribuovat na odpov\u011bdn\u00e9 kolegy.<\/p>\n\n\n\n<p><br><\/p>\n","protected":false},"excerpt":{"rendered":"<p>Pot\u0159ebujete sledovat hodn\u011b t\u00e9mat a m\u00e1te t\u00edm i hodn\u011b v\u00fdstup\u016f? St\u00e1v\u00e1 se z va\u0161eho reportu n\u011bco nep\u0159ehledn\u00e9ho a trv\u00e1 v\u00e1m dlouho, ne\u017e ho projdete? Proto&#8230;<\/p>\n","protected":false},"author":1,"featured_media":0,"parent":549,"menu_order":0,"comment_status":"closed","ping_status":"closed","template":"","meta":[],"_links":{"self":[{"href":"https:\/\/help.mediaboard.com\/cs\/wp-json\/wp\/v2\/pages\/842\/"}],"collection":[{"href":"https:\/\/help.mediaboard.com\/cs\/wp-json\/wp\/v2\/pages\/"}],"about":[{"href":"https:\/\/help.mediaboard.com\/cs\/wp-json\/wp\/v2\/types\/page\/"}],"author":[{"embeddable":true,"href":"https:\/\/help.mediaboard.com\/cs\/wp-json\/wp\/v2\/users\/1\/"}],"replies":[{"embeddable":true,"href":"https:\/\/help.mediaboard.com\/cs\/wp-json\/wp\/v2\/comments\/?post=842"}],"version-history":[{"count":5,"href":"https:\/\/help.mediaboard.com\/cs\/wp-json\/wp\/v2\/pages\/842\/revisions\/"}],"predecessor-version":[{"id":1733,"href":"https:\/\/help.mediaboard.com\/cs\/wp-json\/wp\/v2\/pages\/842\/revisions\/1733\/"}],"up":[{"embeddable":true,"href":"https:\/\/help.mediaboard.com\/cs\/wp-json\/wp\/v2\/pages\/549\/"}],"wp:attachment":[{"href":"https:\/\/help.mediaboard.com\/cs\/wp-json\/wp\/v2\/media\/?parent=842"}],"curies":[{"name":"wp","href":"https:\/\/api.w.org\/{rel}","templated":true}]}}