{"id":851,"date":"2019-06-03T16:15:55","date_gmt":"2019-06-03T14:15:55","guid":{"rendered":"https:\/\/help.mediaboard.com\/?page_id=851"},"modified":"2023-08-23T17:22:35","modified_gmt":"2023-08-23T15:22:35","slug":"preklady","status":"publish","type":"page","link":"https:\/\/help.mediaboard.com\/cs\/mediaboard\/medialni-sluzby\/preklady\/","title":{"rendered":"P\u0159eklady"},"content":{"rendered":"\n<p class=\"has-text-color\" style=\"color:#0ca8d0;font-size:25px\">Strojov\u00fd p\u0159eklad<\/p>\n\n\n\n<p>Pot\u0159ebujete p\u0159elo\u017eit reporty do angli\u010dtiny, n\u011bm\u010diny \u010di do jin\u00e9ho jazyka na klik? Nab\u00edz\u00edme strojov\u00fd p\u0159eklad, d\u00edky kter\u00e9mu v\u00e1m reporty p\u0159ijdou u\u017e automaticky p\u0159elo\u017een\u00e9. <br>Pro automaticky p\u0159elo\u017een\u00e9 reporty n\u00e1s pros\u00edm kontaktujte &#8211; obchod@mediaboard.cz. <\/p>\n\n\n\n<p>Konkr\u00e9tn\u00ed \u010dl\u00e1nek si pak m\u016f\u017eete p\u0159elo\u017eit na klik p\u0159\u00edmo v aplikaci. Sta\u010d\u00ed si otev\u0159\u00edt detail \u010dl\u00e1nku a v nab\u00eddce pod te\u010dkami d\u00e1t <strong>P\u0159elo\u017eit -&gt; vybran\u00fd jazyk<\/strong>. Pokud chcete \u010dl\u00e1nek zase zp\u00e1tky do origin\u00e1lu, stejnou cestou zvolte &#8222;Origin\u00e1l&#8220;.<\/p>\n\n\n\n<div class=\"wp-block-image\"><figure class=\"aligncenter size-large\"><img loading=\"lazy\" width=\"1024\" height=\"651\" src=\"https:\/\/help.mediaboard.com\/wp-content\/uploads\/2023\/08\/Pr\u030ceklady-1024x651.png\" alt=\"\" class=\"wp-image-2866\" srcset=\"https:\/\/help.mediaboard.com\/wp-content\/uploads\/2023\/08\/Pr\u030ceklady-1024x651.png 1024w, https:\/\/help.mediaboard.com\/wp-content\/uploads\/2023\/08\/Pr\u030ceklady-300x191.png 300w, https:\/\/help.mediaboard.com\/wp-content\/uploads\/2023\/08\/Pr\u030ceklady-768x488.png 768w, https:\/\/help.mediaboard.com\/wp-content\/uploads\/2023\/08\/Pr\u030ceklady-1536x976.png 1536w, https:\/\/help.mediaboard.com\/wp-content\/uploads\/2023\/08\/Pr\u030ceklady-2048x1301.png 2048w\" sizes=\"(max-width: 1024px) 100vw, 1024px\" \/><\/figure><\/div>\n\n\n\n<p><\/p>\n\n\n\n<p><\/p>\n\n\n\n<p class=\"has-text-color\" style=\"color:#0ca8d0;font-size:25px\">Ru\u010dn\u00ed p\u0159eklad do EN<\/p>\n\n\n\n<p>Nab\u00edz\u00edme manu\u00e1ln\u00ed p\u0159eklad v\u00fdstup\u016f, kdy analytik p\u0159elo\u017e\u00ed shrnut\u00ed medializace, jednotliv\u00e9 anotace \u010dl\u00e1nk\u016f \u010di cel\u00e9 \u010dl\u00e1nky a vy r\u00e1no dostanete ji\u017e p\u0159elo\u017een\u00fd report v anglick\u00e9m jazyce.<\/p>\n","protected":false},"excerpt":{"rendered":"<p>Strojov\u00fd p\u0159eklad Pot\u0159ebujete p\u0159elo\u017eit reporty do angli\u010dtiny, n\u011bm\u010diny \u010di do jin\u00e9ho jazyka na klik? Nab\u00edz\u00edme strojov\u00fd p\u0159eklad, d\u00edky kter\u00e9mu v\u00e1m reporty p\u0159ijdou u\u017e automaticky p\u0159elo\u017een\u00e9&#8230;.<\/p>\n","protected":false},"author":1,"featured_media":0,"parent":549,"menu_order":0,"comment_status":"closed","ping_status":"closed","template":"","meta":[],"_links":{"self":[{"href":"https:\/\/help.mediaboard.com\/cs\/wp-json\/wp\/v2\/pages\/851\/"}],"collection":[{"href":"https:\/\/help.mediaboard.com\/cs\/wp-json\/wp\/v2\/pages\/"}],"about":[{"href":"https:\/\/help.mediaboard.com\/cs\/wp-json\/wp\/v2\/types\/page\/"}],"author":[{"embeddable":true,"href":"https:\/\/help.mediaboard.com\/cs\/wp-json\/wp\/v2\/users\/1\/"}],"replies":[{"embeddable":true,"href":"https:\/\/help.mediaboard.com\/cs\/wp-json\/wp\/v2\/comments\/?post=851"}],"version-history":[{"count":11,"href":"https:\/\/help.mediaboard.com\/cs\/wp-json\/wp\/v2\/pages\/851\/revisions\/"}],"predecessor-version":[{"id":2869,"href":"https:\/\/help.mediaboard.com\/cs\/wp-json\/wp\/v2\/pages\/851\/revisions\/2869\/"}],"up":[{"embeddable":true,"href":"https:\/\/help.mediaboard.com\/cs\/wp-json\/wp\/v2\/pages\/549\/"}],"wp:attachment":[{"href":"https:\/\/help.mediaboard.com\/cs\/wp-json\/wp\/v2\/media\/?parent=851"}],"curies":[{"name":"wp","href":"https:\/\/api.w.org\/{rel}","templated":true}]}}