{"id":853,"date":"2019-06-03T16:18:46","date_gmt":"2019-06-03T14:18:46","guid":{"rendered":"https:\/\/help.mediaboard.com\/?page_id=853"},"modified":"2023-06-23T11:06:14","modified_gmt":"2023-06-23T09:06:14","slug":"sms-upozorneni","status":"publish","type":"page","link":"https:\/\/help.mediaboard.com\/cs\/mediaboard\/medialni-sluzby\/sms-upozorneni\/","title":{"rendered":"SMS upozorn\u011bn\u00ed"},"content":{"rendered":"\n<p>Mediaboard tak\u00e9 um\u00ed pos\u00edlat SMS notifikace, pokud \u010dl\u00e1nek vyjde na d\u016fle\u017eit\u00e9m zdroji, obsahuje nap\u0159\u00edklad jm\u00e9no exponovan\u00e9 osoby a podobn\u011b, po\u0161leme v\u00e1m SMS a v\u00edte o tom jako prvn\u00ed.<br><br>SMS notifikace lze nastavit na konkr\u00e9tn\u00ed typ zpr\u00e1v, nap\u0159\u00edklad pouze na negativn\u00ed \u010dl\u00e1nky. <\/p>\n\n\n\n<p><br><\/p>\n","protected":false},"excerpt":{"rendered":"<p>Mediaboard tak\u00e9 um\u00ed pos\u00edlat SMS notifikace, pokud \u010dl\u00e1nek vyjde na d\u016fle\u017eit\u00e9m zdroji, obsahuje nap\u0159\u00edklad jm\u00e9no exponovan\u00e9 osoby a podobn\u011b, po\u0161leme v\u00e1m SMS a v\u00edte o&#8230;<\/p>\n","protected":false},"author":1,"featured_media":0,"parent":549,"menu_order":0,"comment_status":"closed","ping_status":"closed","template":"","meta":[],"_links":{"self":[{"href":"https:\/\/help.mediaboard.com\/cs\/wp-json\/wp\/v2\/pages\/853\/"}],"collection":[{"href":"https:\/\/help.mediaboard.com\/cs\/wp-json\/wp\/v2\/pages\/"}],"about":[{"href":"https:\/\/help.mediaboard.com\/cs\/wp-json\/wp\/v2\/types\/page\/"}],"author":[{"embeddable":true,"href":"https:\/\/help.mediaboard.com\/cs\/wp-json\/wp\/v2\/users\/1\/"}],"replies":[{"embeddable":true,"href":"https:\/\/help.mediaboard.com\/cs\/wp-json\/wp\/v2\/comments\/?post=853"}],"version-history":[{"count":3,"href":"https:\/\/help.mediaboard.com\/cs\/wp-json\/wp\/v2\/pages\/853\/revisions\/"}],"predecessor-version":[{"id":2738,"href":"https:\/\/help.mediaboard.com\/cs\/wp-json\/wp\/v2\/pages\/853\/revisions\/2738\/"}],"up":[{"embeddable":true,"href":"https:\/\/help.mediaboard.com\/cs\/wp-json\/wp\/v2\/pages\/549\/"}],"wp:attachment":[{"href":"https:\/\/help.mediaboard.com\/cs\/wp-json\/wp\/v2\/media\/?parent=853"}],"curies":[{"name":"wp","href":"https:\/\/api.w.org\/{rel}","templated":true}]}}