{"id":855,"date":"2019-06-03T16:21:00","date_gmt":"2019-06-03T14:21:00","guid":{"rendered":"https:\/\/help.mediaboard.com\/?page_id=855"},"modified":"2023-06-30T13:01:29","modified_gmt":"2023-06-30T11:01:29","slug":"tvr-alerty","status":"publish","type":"page","link":"https:\/\/help.mediaboard.com\/cs\/mediaboard\/medialni-sluzby\/tvr-alerty\/","title":{"rendered":"TVR alerty"},"content":{"rendered":"\n<p>Slu\u017ebu TVR alerty nahradila Krizov\u00e1 komunikace &#8211; informace o t\u00e9to slu\u017eb\u011b najdete v sekci <a href=\"https:\/\/help.mediaboard.com\/cs\/mediaboard\/jak-mediaboard-pouzivat\/krizova-komunikace\/\" data-type=\"URL\">Krizov\u00e1 komunikace<\/a>.<\/p>\n","protected":false},"excerpt":{"rendered":"<p>Slu\u017ebu TVR alerty nahradila Krizov\u00e1 komunikace &#8211; informace o t\u00e9to slu\u017eb\u011b najdete v sekci Krizov\u00e1 komunikace.<\/p>\n","protected":false},"author":1,"featured_media":0,"parent":549,"menu_order":0,"comment_status":"closed","ping_status":"closed","template":"","meta":[],"_links":{"self":[{"href":"https:\/\/help.mediaboard.com\/cs\/wp-json\/wp\/v2\/pages\/855\/"}],"collection":[{"href":"https:\/\/help.mediaboard.com\/cs\/wp-json\/wp\/v2\/pages\/"}],"about":[{"href":"https:\/\/help.mediaboard.com\/cs\/wp-json\/wp\/v2\/types\/page\/"}],"author":[{"embeddable":true,"href":"https:\/\/help.mediaboard.com\/cs\/wp-json\/wp\/v2\/users\/1\/"}],"replies":[{"embeddable":true,"href":"https:\/\/help.mediaboard.com\/cs\/wp-json\/wp\/v2\/comments\/?post=855"}],"version-history":[{"count":4,"href":"https:\/\/help.mediaboard.com\/cs\/wp-json\/wp\/v2\/pages\/855\/revisions\/"}],"predecessor-version":[{"id":2797,"href":"https:\/\/help.mediaboard.com\/cs\/wp-json\/wp\/v2\/pages\/855\/revisions\/2797\/"}],"up":[{"embeddable":true,"href":"https:\/\/help.mediaboard.com\/cs\/wp-json\/wp\/v2\/pages\/549\/"}],"wp:attachment":[{"href":"https:\/\/help.mediaboard.com\/cs\/wp-json\/wp\/v2\/media\/?parent=855"}],"curies":[{"name":"wp","href":"https:\/\/api.w.org\/{rel}","templated":true}]}}