{"id":887,"date":"2019-06-11T15:05:15","date_gmt":"2019-06-11T13:05:15","guid":{"rendered":"https:\/\/help.mediaboard.com\/?page_id=887"},"modified":"2024-03-18T11:30:21","modified_gmt":"2024-03-18T10:30:21","slug":"jak-to-funguje","status":"publish","type":"page","link":"https:\/\/help.mediaboard.com\/cs\/monitoring-socialnich-siti-2\/jak-to-funguje\/","title":{"rendered":"Jak to funguje?"},"content":{"rendered":"\n<h2>Obsah v kontextu<\/h2>\n\n\n\n<p>Anal\u00fdzu a m\u011b\u0159en\u00ed chov\u00e1n\u00ed z\u00e1kazn\u00edk\u016f na soci\u00e1ln\u00edch s\u00edt\u00ed umo\u017e\u0148ujeme v re\u00e1ln\u00e9m \u010dase. Je mo\u017en\u00e9 sledovat n\u011bkolik t\u00e9mat a porovn\u00e1vat v\u00fdsledky na denn\u00ed b\u00e1zi.<\/p>\n\n\n\n<div class=\"wp-block-image\"><figure class=\"aligncenter size-large is-resized\"><img loading=\"lazy\" src=\"https:\/\/help.mediaboard.com\/wp-content\/uploads\/2023\/10\/Sni\u0301mek-obrazovky-2023-10-02-v-10.21.39-1024x893.png\" alt=\"\" class=\"wp-image-3135\" width=\"768\" height=\"670\" srcset=\"https:\/\/help.mediaboard.com\/wp-content\/uploads\/2023\/10\/Sni\u0301mek-obrazovky-2023-10-02-v-10.21.39-1024x893.png 1024w, https:\/\/help.mediaboard.com\/wp-content\/uploads\/2023\/10\/Sni\u0301mek-obrazovky-2023-10-02-v-10.21.39-300x262.png 300w, https:\/\/help.mediaboard.com\/wp-content\/uploads\/2023\/10\/Sni\u0301mek-obrazovky-2023-10-02-v-10.21.39-768x670.png 768w, https:\/\/help.mediaboard.com\/wp-content\/uploads\/2023\/10\/Sni\u0301mek-obrazovky-2023-10-02-v-10.21.39.png 1420w\" sizes=\"(max-width: 768px) 100vw, 768px\" \/><\/figure><\/div>\n\n\n\n<h2>Rychl\u00fd p\u0159ehled situace<\/h2>\n\n\n\n<p>Social Mediaboard sleduje a p\u0159ehledn\u011b vizualizuje jednotliv\u00e9 zm\u00ednky va\u0161ich st\u00e1vaj\u00edc\u00edch \u010di potencion\u00e1ln\u00edch z\u00e1kazn\u00edk\u016f. Zjist\u00edte okam\u017eit\u011b zp\u011btnou vazbu a m\u016f\u017eete na ni rychle reagovat.<\/p>\n\n\n\n<h2>Anal\u00fdza soci\u00e1ln\u00edch s\u00edt\u00ed<\/h2>\n\n\n\n<p>Nab\u00edz\u00edme pravideln\u00e9 anal\u00fdzy soci\u00e1ln\u00edch s\u00edt\u00ed, kter\u00e9 v\u00e1m daj\u00ed obr\u00e1zek o aktu\u00e1ln\u00edm d\u011bn\u00ed na bloz\u00edch, v diskuz\u00edch, Facebooku, Twitteru, Google+, internetov\u00fdch vide\u00edch, koment\u00e1\u0159ich, cenov\u00fdch porovn\u00e1va\u010d\u00edch a dal\u0161\u00edch zdroj\u00edch.<\/p>\n\n\n\n<div class=\"wp-block-image\"><figure class=\"aligncenter size-full is-resized\"><img loading=\"lazy\" src=\"https:\/\/help.mediaboard.com\/wp-content\/uploads\/2023\/10\/Sni\u0301mek-obrazovky-2023-10-02-v-10.24.11.png\" alt=\"\" class=\"wp-image-3143\" width=\"359\" height=\"302\" srcset=\"https:\/\/help.mediaboard.com\/wp-content\/uploads\/2023\/10\/Sni\u0301mek-obrazovky-2023-10-02-v-10.24.11.png 718w, https:\/\/help.mediaboard.com\/wp-content\/uploads\/2023\/10\/Sni\u0301mek-obrazovky-2023-10-02-v-10.24.11-300x252.png 300w\" sizes=\"(max-width: 359px) 100vw, 359px\" \/><\/figure><\/div>\n\n\n\n<h2>Reporting<\/h2>\n\n\n\n<p>Reporty, kter\u00e9 v\u00e1s bude bavit \u010d\u00edst. Reporty typicky b\u00fdvaj\u00ed nudn\u00e9 a pln\u00e9 neu\u017eite\u010dn\u00fdch informac\u00ed. U n\u00e1s je to jin\u00e9! Generujeme p\u0159ehledn\u00e9 reporty, kter\u00e9 v\u00e1m p\u0159inesou u\u017eite\u010dn\u00e9 informace, \u010dasto i strategick\u00e9ho charakteru. Um\u00edme pos\u00edlat reporty pravideln\u011b na denn\u00ed \u010di t\u00fddenn\u00ed b\u00e1zi. Report obsahuje detailn\u00ed informace, grafy a infografiky v p\u0159ehledn\u00e9 a jasn\u00e9 form\u011b.<\/p>\n\n\n\n<h2>Unik\u00e1tn\u00ed pokryt\u00ed s d\u016frazem na lok\u00e1ln\u00ed m\u00e9dia<\/h2>\n\n\n\n<p>Okam\u017eit\u011b vid\u00edte v\u00fdsledky z Facebooku, Instagramu, Twitteru, blog\u016f, diskuzn\u00edch f\u00f3r, online port\u00e1l\u016f nebo agreg\u00e1tor\u016f internetov\u00fdch recenz\u00ed, video port\u00e1l\u016f.<\/p>\n\n\n\n<div class=\"wp-block-image\"><figure class=\"aligncenter\"><img src=\"https:\/\/impr.cz\/cms\/media\/img\/social-media.jpg\" alt=\"\"\/><\/figure><\/div>\n\n\n\n<p>__<\/p>\n","protected":false},"excerpt":{"rendered":"<p>Obsah v kontextu Anal\u00fdzu a m\u011b\u0159en\u00ed chov\u00e1n\u00ed z\u00e1kazn\u00edk\u016f na soci\u00e1ln\u00edch s\u00edt\u00ed umo\u017e\u0148ujeme v re\u00e1ln\u00e9m \u010dase. Je mo\u017en\u00e9 sledovat n\u011bkolik t\u00e9mat a porovn\u00e1vat v\u00fdsledky na denn\u00ed&#8230;<\/p>\n","protected":false},"author":1,"featured_media":3777,"parent":893,"menu_order":2,"comment_status":"closed","ping_status":"closed","template":"","meta":[],"_links":{"self":[{"href":"https:\/\/help.mediaboard.com\/cs\/wp-json\/wp\/v2\/pages\/887\/"}],"collection":[{"href":"https:\/\/help.mediaboard.com\/cs\/wp-json\/wp\/v2\/pages\/"}],"about":[{"href":"https:\/\/help.mediaboard.com\/cs\/wp-json\/wp\/v2\/types\/page\/"}],"author":[{"embeddable":true,"href":"https:\/\/help.mediaboard.com\/cs\/wp-json\/wp\/v2\/users\/1\/"}],"replies":[{"embeddable":true,"href":"https:\/\/help.mediaboard.com\/cs\/wp-json\/wp\/v2\/comments\/?post=887"}],"version-history":[{"count":9,"href":"https:\/\/help.mediaboard.com\/cs\/wp-json\/wp\/v2\/pages\/887\/revisions\/"}],"predecessor-version":[{"id":3147,"href":"https:\/\/help.mediaboard.com\/cs\/wp-json\/wp\/v2\/pages\/887\/revisions\/3147\/"}],"up":[{"embeddable":true,"href":"https:\/\/help.mediaboard.com\/cs\/wp-json\/wp\/v2\/pages\/893\/"}],"wp:featuredmedia":[{"embeddable":true,"href":"https:\/\/help.mediaboard.com\/cs\/wp-json\/wp\/v2\/media\/3777\/"}],"wp:attachment":[{"href":"https:\/\/help.mediaboard.com\/cs\/wp-json\/wp\/v2\/media\/?parent=887"}],"curies":[{"name":"wp","href":"https:\/\/api.w.org\/{rel}","templated":true}]}}