{"id":893,"date":"2019-06-11T15:07:33","date_gmt":"2019-06-11T13:07:33","guid":{"rendered":"https:\/\/help.mediaboard.com\/?page_id=893"},"modified":"2024-04-08T09:55:12","modified_gmt":"2024-04-08T07:55:12","slug":"monitoring-socialnich-siti-2","status":"publish","type":"page","link":"https:\/\/help.mediaboard.com\/cs\/monitoring-socialnich-siti-2\/","title":{"rendered":"Monitoring soci\u00e1ln\u00edch s\u00edt\u00ed"},"content":{"rendered":"\n<p>Mediaboard pokryje v\u0161echny<strong> soci\u00e1ln\u00ed s\u00edt\u011b, diskuze, koment\u00e1\u0159e, srovn\u00e1va\u010de, blogy, vlogy, online videa<\/strong> a mnoho dal\u0161\u00edho. S p\u0159\u00edsp\u011bvky m\u016f\u017eete pracovat p\u0159\u00edmo v aplikaci stejn\u011b jako s v\u00fdstupy z tradi\u010dn\u00edch m\u00e9di\u00ed. M\u016f\u017eete je filtrovat podle data, zdroje, autora, jazyku, sentimentu, pozn\u00e1mky i typu \u010dl\u00e1nku. Do analytiky m\u016f\u017eete p\u0159idat grafy shrnuj\u00edc\u00ed v\u0161e, co se d\u011bje na soci\u00e1ln\u00edch s\u00edt\u00edch. <strong>Monitorujeme Facebook, Instagram, Twitter, Youtube a LinkedIn, a to jak v \u010cesk\u00e9 republice, tak na Slovensku a v dal\u0161\u00edch zem\u00edch. <\/strong><\/p>\n","protected":false},"excerpt":{"rendered":"<p>Mediaboard pokryje v\u0161echny soci\u00e1ln\u00ed s\u00edt\u011b, diskuze, koment\u00e1\u0159e, srovn\u00e1va\u010de, blogy, vlogy, online videa a mnoho dal\u0161\u00edho. S p\u0159\u00edsp\u011bvky m\u016f\u017eete pracovat p\u0159\u00edmo v aplikaci stejn\u011b jako s&#8230;<\/p>\n","protected":false},"author":1,"featured_media":0,"parent":0,"menu_order":0,"comment_status":"closed","ping_status":"closed","template":"","meta":[],"_links":{"self":[{"href":"https:\/\/help.mediaboard.com\/cs\/wp-json\/wp\/v2\/pages\/893\/"}],"collection":[{"href":"https:\/\/help.mediaboard.com\/cs\/wp-json\/wp\/v2\/pages\/"}],"about":[{"href":"https:\/\/help.mediaboard.com\/cs\/wp-json\/wp\/v2\/types\/page\/"}],"author":[{"embeddable":true,"href":"https:\/\/help.mediaboard.com\/cs\/wp-json\/wp\/v2\/users\/1\/"}],"replies":[{"embeddable":true,"href":"https:\/\/help.mediaboard.com\/cs\/wp-json\/wp\/v2\/comments\/?post=893"}],"version-history":[{"count":23,"href":"https:\/\/help.mediaboard.com\/cs\/wp-json\/wp\/v2\/pages\/893\/revisions\/"}],"predecessor-version":[{"id":3812,"href":"https:\/\/help.mediaboard.com\/cs\/wp-json\/wp\/v2\/pages\/893\/revisions\/3812\/"}],"wp:attachment":[{"href":"https:\/\/help.mediaboard.com\/cs\/wp-json\/wp\/v2\/media\/?parent=893"}],"curies":[{"name":"wp","href":"https:\/\/api.w.org\/{rel}","templated":true}]}}