{"id":905,"date":"2019-06-14T16:32:44","date_gmt":"2019-06-14T14:32:44","guid":{"rendered":"https:\/\/help.mediaboard.com\/?page_id=905"},"modified":"2023-09-04T17:29:58","modified_gmt":"2023-09-04T15:29:58","slug":"rozhrani","status":"publish","type":"page","link":"https:\/\/help.mediaboard.com\/cs\/monitoring-socialnich-siti-2\/jak-to-funguje\/rozhrani\/","title":{"rendered":"Rozhran\u00ed"},"content":{"rendered":"\n<p>Aplikace m\u00e1 3 \u010d\u00e1sti:<\/p>\n\n\n\n<ol><li>Horn\u00ed menu<\/li><li>Lev\u00e9 menu<\/li><li>Hlavn\u00ed str\u00e1nka<\/li><\/ol>\n\n\n\n<p class=\"has-medium-font-size\"><strong>Horn\u00ed menu<\/strong><\/p>\n\n\n\n<p>V horn\u00edm menu m\u016f\u017eete nastavovat filtry, podle kter\u00fdch p\u0159\u00edsp\u011bvky chcete zobrazit nebo analyzovat.<\/p>\n\n\n\n<figure class=\"wp-block-image size-large\"><img loading=\"lazy\" width=\"1024\" height=\"46\" src=\"https:\/\/help.mediaboard.com\/wp-content\/uploads\/2023\/09\/Sni\u0301mek-obrazovky-2023-09-04-v-17.28.32-1024x46.png\" alt=\"\" class=\"wp-image-2951\" srcset=\"https:\/\/help.mediaboard.com\/wp-content\/uploads\/2023\/09\/Sni\u0301mek-obrazovky-2023-09-04-v-17.28.32-1024x46.png 1024w, https:\/\/help.mediaboard.com\/wp-content\/uploads\/2023\/09\/Sni\u0301mek-obrazovky-2023-09-04-v-17.28.32-300x14.png 300w, https:\/\/help.mediaboard.com\/wp-content\/uploads\/2023\/09\/Sni\u0301mek-obrazovky-2023-09-04-v-17.28.32-768x35.png 768w, https:\/\/help.mediaboard.com\/wp-content\/uploads\/2023\/09\/Sni\u0301mek-obrazovky-2023-09-04-v-17.28.32-1536x69.png 1536w, https:\/\/help.mediaboard.com\/wp-content\/uploads\/2023\/09\/Sni\u0301mek-obrazovky-2023-09-04-v-17.28.32.png 1732w\" sizes=\"(max-width: 1024px) 100vw, 1024px\" \/><\/figure>\n\n\n\n<p class=\"has-medium-font-size\"><strong>Lev\u00e9 menu<\/strong><\/p>\n\n\n\n<p>Zde vid\u00edte funkce aplikace Mediaboard, p\u0159ehled t\u00e9mat a p\u0159ehled \u0161t\u00edtk\u016f.<\/p>\n\n\n\n<div class=\"wp-block-image\"><figure class=\"aligncenter size-large\"><img loading=\"lazy\" width=\"281\" height=\"1024\" src=\"https:\/\/help.mediaboard.com\/wp-content\/uploads\/2023\/09\/Sni\u0301mek-obrazovky-2023-09-04-v-17.23.03-281x1024.png\" alt=\"\" class=\"wp-image-2943\" srcset=\"https:\/\/help.mediaboard.com\/wp-content\/uploads\/2023\/09\/Sni\u0301mek-obrazovky-2023-09-04-v-17.23.03-281x1024.png 281w, https:\/\/help.mediaboard.com\/wp-content\/uploads\/2023\/09\/Sni\u0301mek-obrazovky-2023-09-04-v-17.23.03-82x300.png 82w, https:\/\/help.mediaboard.com\/wp-content\/uploads\/2023\/09\/Sni\u0301mek-obrazovky-2023-09-04-v-17.23.03.png 354w\" sizes=\"(max-width: 281px) 100vw, 281px\" \/><\/figure><\/div>\n\n\n\n<p><strong>P\u0159\u00edsp\u011bvky<\/strong> &#8211; na hlavn\u00ed str\u00e1nce se zobraz\u00ed p\u0159\u00edsp\u011bvky ve feedu se\u0159azen\u00e9 od nejnov\u011bj\u0161\u00edch<\/p>\n\n\n\n<p><strong>Analytika<\/strong> &#8211; zobrazuje grafy a vizualizace pro rychl\u00fd p\u0159ehled<\/p>\n\n\n\n<p><strong>Medialist<\/strong> &#8211; p\u0159ehled hlavn\u00edch autor\u016f ve vybran\u00fdch t\u00e9matech<\/p>\n\n\n\n<p><strong>Export<\/strong> &#8211; umo\u017e\u0148uje vytv\u00e1\u0159et reporty a stahovat \u010dl\u00e1nky v r\u016fzn\u00fdch form\u00e1tech<\/p>\n\n\n\n<p><strong>T\u00e9mata<\/strong> &#8211; nastaven\u00ed t\u00e9mat a kl\u00ed\u010dov\u00fdch slov<\/p>\n\n\n\n<p><strong>Reporty<\/strong> &#8211; nastaven\u00ed zas\u00edl\u00e1n\u00ed automatick\u00fdch report\u016f<\/p>\n\n\n\n<p><strong>Ko\u0161<\/strong> &#8211; zobrazuje v\u0161echny odstran\u011bn\u00e9 \u010dl\u00e1nky, umo\u017e\u0148uje je vr\u00e1tit<\/p>\n\n\n\n<p class=\"has-medium-font-size\"><strong>Hlavn\u00ed str\u00e1nka<\/strong><\/p>\n\n\n\n<p>Na hlavn\u00ed str\u00e1nce se zobrazuje ve\u0161ker\u00fd obsah podle zvolen\u00e9ho modulu a funkce. V lev\u00e9m tmav\u00e9m menu m\u016f\u017eete zvolit moduly monitoring, dashboardy, portfolio, TVR alerty a Google Analytics. <\/p>\n\n\n\n<div class=\"wp-block-image\"><figure class=\"aligncenter size-medium\"><img loading=\"lazy\" width=\"93\" height=\"300\" src=\"https:\/\/help.mediaboard.com\/wp-content\/uploads\/2023\/09\/Sni\u0301mek-obrazovky-2023-09-04-v-17.21.39-93x300.png\" alt=\"\" class=\"wp-image-2939\" srcset=\"https:\/\/help.mediaboard.com\/wp-content\/uploads\/2023\/09\/Sni\u0301mek-obrazovky-2023-09-04-v-17.21.39-93x300.png 93w, https:\/\/help.mediaboard.com\/wp-content\/uploads\/2023\/09\/Sni\u0301mek-obrazovky-2023-09-04-v-17.21.39.png 102w\" sizes=\"(max-width: 93px) 100vw, 93px\" \/><\/figure><\/div>\n","protected":false},"excerpt":{"rendered":"<p>Aplikace m\u00e1 3 \u010d\u00e1sti: Horn\u00ed menu Lev\u00e9 menu Hlavn\u00ed str\u00e1nka Horn\u00ed menu V horn\u00edm menu m\u016f\u017eete nastavovat filtry, podle kter\u00fdch p\u0159\u00edsp\u011bvky chcete zobrazit nebo analyzovat&#8230;.<\/p>\n","protected":false},"author":1,"featured_media":0,"parent":887,"menu_order":0,"comment_status":"closed","ping_status":"closed","template":"","meta":[],"_links":{"self":[{"href":"https:\/\/help.mediaboard.com\/cs\/wp-json\/wp\/v2\/pages\/905\/"}],"collection":[{"href":"https:\/\/help.mediaboard.com\/cs\/wp-json\/wp\/v2\/pages\/"}],"about":[{"href":"https:\/\/help.mediaboard.com\/cs\/wp-json\/wp\/v2\/types\/page\/"}],"author":[{"embeddable":true,"href":"https:\/\/help.mediaboard.com\/cs\/wp-json\/wp\/v2\/users\/1\/"}],"replies":[{"embeddable":true,"href":"https:\/\/help.mediaboard.com\/cs\/wp-json\/wp\/v2\/comments\/?post=905"}],"version-history":[{"count":13,"href":"https:\/\/help.mediaboard.com\/cs\/wp-json\/wp\/v2\/pages\/905\/revisions\/"}],"predecessor-version":[{"id":2954,"href":"https:\/\/help.mediaboard.com\/cs\/wp-json\/wp\/v2\/pages\/905\/revisions\/2954\/"}],"up":[{"embeddable":true,"href":"https:\/\/help.mediaboard.com\/cs\/wp-json\/wp\/v2\/pages\/887\/"}],"wp:attachment":[{"href":"https:\/\/help.mediaboard.com\/cs\/wp-json\/wp\/v2\/media\/?parent=905"}],"curies":[{"name":"wp","href":"https:\/\/api.w.org\/{rel}","templated":true}]}}