{"id":932,"date":"2019-06-17T16:48:17","date_gmt":"2019-06-17T14:48:17","guid":{"rendered":"https:\/\/help.mediaboard.com\/?page_id=932"},"modified":"2024-03-18T11:28:53","modified_gmt":"2024-03-18T10:28:53","slug":"mobilni-aplikace","status":"publish","type":"page","link":"https:\/\/help.mediaboard.com\/cs\/mediaboard\/mobilni-aplikace\/","title":{"rendered":"Mobiln\u00ed aplikace"},"content":{"rendered":"\n<p>I kdy\u017e je na\u0161e webov\u00e1 aplikace Mediaboard zcela responzivn\u00ed, v\u00edme, \u017ee mobiln\u00ed aplikaci se v jednoduch\u00e9m p\u0159\u00edstupu nic nevyrovn\u00e1. Proto jsme vynalo\u017eili v\u0161echny s\u00edly, abychom v\u00e1m mohli co nejd\u0159\u00edve poskytnout i aplikaci do mobilu.<\/p>\n\n\n\n<p><strong>D\u00edky aplikaci Mediaboard m\u00e1te monitoring m\u00e9di\u00ed ihned po ruce<\/strong> \u2013 r\u00e1no u k\u00e1vy, v tramvaji nebo p\u0159ed d\u016fle\u017eitou sch\u016fzkou. Aplikace umo\u017e\u0148uje jednoduch\u00e9 a rychl\u00e9 proch\u00e1zen\u00ed monitoringu m\u00e9di\u00ed p\u0159\u00edmo ve va\u0161em mobilu, bez zdlouhav\u00e9ho p\u0159ihla\u0161ov\u00e1n\u00ed. Obsahuje v\u0161echny funkcionality, kter\u00e9 zn\u00e1te z webov\u00e9 verze, v\u010detn\u011b Analytiky nebo medi\u00e1ln\u00edho archivu. Nav\u00edc si m\u016f\u017eete nastavit okam\u017eit\u00e1 upozorn\u011bn\u00ed o nov\u00fdch \u010dl\u00e1nc\u00edch p\u0159\u00edmo do mobilu. <\/p>\n\n\n\n<p class=\"has-text-align-center\"><strong>Pro v\u0161echny na\u0161e u\u017eivatele je aplikace zdarma a m\u016f\u017eete si ji st\u00e1hnout v&nbsp;<a href=\"https:\/\/apps.apple.com\/us\/app\/mediaboard-media-monitoring\/id1637628639\">App Store<\/a>&nbsp;nebo v&nbsp;<a href=\"https:\/\/play.google.com\/store\/apps\/details?id=com.mediaboard.app\">Google Play<\/a>.<\/strong><\/p>\n","protected":false},"excerpt":{"rendered":"<p>I kdy\u017e je na\u0161e webov\u00e1 aplikace Mediaboard zcela responzivn\u00ed, v\u00edme, \u017ee mobiln\u00ed aplikaci se v jednoduch\u00e9m p\u0159\u00edstupu nic nevyrovn\u00e1. Proto jsme vynalo\u017eili v\u0161echny s\u00edly, abychom&#8230;<\/p>\n","protected":false},"author":1,"featured_media":3783,"parent":23,"menu_order":0,"comment_status":"closed","ping_status":"closed","template":"","meta":[],"_links":{"self":[{"href":"https:\/\/help.mediaboard.com\/cs\/wp-json\/wp\/v2\/pages\/932\/"}],"collection":[{"href":"https:\/\/help.mediaboard.com\/cs\/wp-json\/wp\/v2\/pages\/"}],"about":[{"href":"https:\/\/help.mediaboard.com\/cs\/wp-json\/wp\/v2\/types\/page\/"}],"author":[{"embeddable":true,"href":"https:\/\/help.mediaboard.com\/cs\/wp-json\/wp\/v2\/users\/1\/"}],"replies":[{"embeddable":true,"href":"https:\/\/help.mediaboard.com\/cs\/wp-json\/wp\/v2\/comments\/?post=932"}],"version-history":[{"count":8,"href":"https:\/\/help.mediaboard.com\/cs\/wp-json\/wp\/v2\/pages\/932\/revisions\/"}],"predecessor-version":[{"id":2871,"href":"https:\/\/help.mediaboard.com\/cs\/wp-json\/wp\/v2\/pages\/932\/revisions\/2871\/"}],"up":[{"embeddable":true,"href":"https:\/\/help.mediaboard.com\/cs\/wp-json\/wp\/v2\/pages\/23\/"}],"wp:featuredmedia":[{"embeddable":true,"href":"https:\/\/help.mediaboard.com\/cs\/wp-json\/wp\/v2\/media\/3783\/"}],"wp:attachment":[{"href":"https:\/\/help.mediaboard.com\/cs\/wp-json\/wp\/v2\/media\/?parent=932"}],"curies":[{"name":"wp","href":"https:\/\/api.w.org\/{rel}","templated":true}]}}