{"id":3822,"date":"2024-03-04T15:05:34","date_gmt":"2024-03-04T14:05:34","guid":{"rendered":"https:\/\/help.mediaboard.com\/emailing\/"},"modified":"2025-07-17T16:44:30","modified_gmt":"2025-07-17T14:44:30","slug":"emailing","status":"publish","type":"page","link":"https:\/\/help.mediaboard.com\/pl\/mediaboard\/jak-korzystac-z-mediaboard\/emailing\/","title":{"rendered":"Mailing"},"content":{"rendered":"\n<p>Wizualnie atrakcyjne komunikaty prasowe, \u0142atwa dystrybucja i wi\u0119kszy zasi\u0119g &#8211; wszystko to przyczynia si\u0119 do lepszej widoczno\u015bci Twojej marki w mediach. Platforma publikacyjna Mediaboard oferuje intuicyjny interfejs, zintegrowane rozsy\u0142anie maili oraz mo\u017cliwo\u015b\u0107 dostosowania Newsroomu. U\u0142atw sobie prac\u0119!<\/p>\n\n\n\n<p>Poni\u017cej znajdziesz instrukcje, jak \u0142atwo skonfigurowa\u0107 funkcj\u0119 Mailing w Mediaboard.<\/p>\n\n\n\n<div class=\"wp-block-file\"><object class=\"wp-block-file__embed\" data=\"https:\/\/help.mediaboard.com\/wp-content\/uploads\/2024\/07\/E-mailing-MB-\u2013-instructions.pdf\" type=\"application\/pdf\" style=\"width:100%;height:600px\" aria-label=\"Embed of E-mailing-MB-instructions.\"><\/object><a href=\"https:\/\/help.mediaboard.com\/wp-content\/uploads\/2024\/07\/E-mailing-MB-\u2013-instructions.pdf\">E-mailing-MB-instructions<\/a><a href=\"https:\/\/help.mediaboard.com\/wp-content\/uploads\/2024\/07\/E-mailing-MB-\u2013-instructions.pdf\" class=\"wp-block-file__button\" download>Download<\/a><\/div>\n\n\n\n<p><br>Komunikuj si\u0119 efektywnie z mediami i monitoruj ich odpowied\u017a dzi\u0119ki naszej <strong><a href=\"https:\/\/mediaboard.com\/pl\/mediaboard-connect\/\">platformie publikacyjnej<\/a><\/strong> w ramach Mediaboardu. Nasza platforma publikacyjna \u0142\u0105czy <strong><a href=\"https:\/\/mediaboard.com\/pl\/biura-prasowe\/\">Newsroom<\/a> <\/strong>dla wizualnie atrakcyjnych komunikat\u00f3w prasowych z <strong><a href=\"https:\/\/mediaboard.com\/pl\/bazy-dziennikarzy-i-mediow\/\">Medialist<\/a> <\/strong>oraz narz\u0119dziem do publikowania wiadomo\u015bci <strong><a href=\"https:\/\/mediaboard.com\/pl\/e-mailing\/\">mailowych<\/a>.<\/strong><\/p>\n\n\n\n<p><strong>Z nami masz wszystko na jednej platformie.<\/strong><\/p>\n","protected":false},"excerpt":{"rendered":"<p>Wizualnie atrakcyjne komunikaty prasowe, \u0142atwa dystrybucja i wi\u0119kszy zasi\u0119g &#8211; wszystko to przyczynia si\u0119 do lepszej widoczno\u015bci Twojej marki w mediach. Platforma publikacyjna Mediaboard oferuje&#8230;<\/p>\n","protected":false},"author":1,"featured_media":0,"parent":3941,"menu_order":3,"comment_status":"closed","ping_status":"closed","template":"","meta":[],"_links":{"self":[{"href":"https:\/\/help.mediaboard.com\/pl\/wp-json\/wp\/v2\/pages\/3822\/"}],"collection":[{"href":"https:\/\/help.mediaboard.com\/pl\/wp-json\/wp\/v2\/pages\/"}],"about":[{"href":"https:\/\/help.mediaboard.com\/pl\/wp-json\/wp\/v2\/types\/page\/"}],"author":[{"embeddable":true,"href":"https:\/\/help.mediaboard.com\/pl\/wp-json\/wp\/v2\/users\/1\/"}],"replies":[{"embeddable":true,"href":"https:\/\/help.mediaboard.com\/pl\/wp-json\/wp\/v2\/comments\/?post=3822"}],"version-history":[{"count":7,"href":"https:\/\/help.mediaboard.com\/pl\/wp-json\/wp\/v2\/pages\/3822\/revisions\/"}],"predecessor-version":[{"id":4397,"href":"https:\/\/help.mediaboard.com\/pl\/wp-json\/wp\/v2\/pages\/3822\/revisions\/4397\/"}],"up":[{"embeddable":true,"href":"https:\/\/help.mediaboard.com\/pl\/wp-json\/wp\/v2\/pages\/3941\/"}],"wp:attachment":[{"href":"https:\/\/help.mediaboard.com\/pl\/wp-json\/wp\/v2\/media\/?parent=3822"}],"curies":[{"name":"wp","href":"https:\/\/api.w.org\/{rel}","templated":true}]}}