{"id":3832,"date":"2022-10-05T17:04:52","date_gmt":"2022-10-05T15:04:52","guid":{"rendered":"https:\/\/help.mediaboard.com\/sources-for-metadata\/"},"modified":"2024-06-12T13:26:33","modified_gmt":"2024-06-12T11:26:33","slug":"sources-for-metadata","status":"publish","type":"page","link":"https:\/\/help.mediaboard.com\/pl\/mediaboard\/jak-korzystac-z-mediaboard\/sources-for-metadata\/","title":{"rendered":"\u0179r\u00f3d\u0142a metadanych"},"content":{"rendered":"\n<p>Jedn\u0105 z podstawowych funkcji Mediaboardu jest wy\u015bwietlanie metadanych (dodatkowych informacji) dla materia\u0142\u00f3w. Te metadane pozwalaj\u0105 u\u017cytkownikom dalszej analizy i zrozumienia znaczenia i wp\u0142ywu poszczeg\u00f3lnych materia\u0142\u00f3w. Metadane s\u0105 tak\u017ce niezb\u0119dnym warunkiem do przeprowadzania jako\u015bciowej analizy medi\u00f3w. Przyk\u0142ady metadanych obejmuj\u0105 warto\u015b\u0107 ekwiwalentu reklamowego (AVE), GRP (Gross Rating Point), zasi\u0119g, liczb\u0119 ods\u0142on i inne. Podstawowe metadane s\u0105 uzyskiwane przez Mediaboard z publicznie dost\u0119pnych i zweryfikowanych \u017ar\u00f3de\u0142, kt\u00f3rych lista znajduje si\u0119 poni\u017cej.<\/p>\n\n\n\n<p><strong>\u0179r\u00f3d\u0142a metadanych:<\/strong><\/p>\n\n\n\n<p>Netmonitor.cz,<br>Similarweb.com,<br>Alexa,<br>ABC CZECH REPUBLIC,<br>Kity mediowe poszczeg\u00f3lnych medi\u00f3w.<\/p>\n","protected":false},"excerpt":{"rendered":"<p>Jedn\u0105 z podstawowych funkcji Mediaboardu jest wy\u015bwietlanie metadanych (dodatkowych informacji) dla materia\u0142\u00f3w. Te metadane pozwalaj\u0105 u\u017cytkownikom dalszej analizy i zrozumienia znaczenia i wp\u0142ywu poszczeg\u00f3lnych materia\u0142\u00f3w&#8230;.<\/p>\n","protected":false},"author":1,"featured_media":0,"parent":3941,"menu_order":1,"comment_status":"closed","ping_status":"closed","template":"","meta":[],"_links":{"self":[{"href":"https:\/\/help.mediaboard.com\/pl\/wp-json\/wp\/v2\/pages\/3832\/"}],"collection":[{"href":"https:\/\/help.mediaboard.com\/pl\/wp-json\/wp\/v2\/pages\/"}],"about":[{"href":"https:\/\/help.mediaboard.com\/pl\/wp-json\/wp\/v2\/types\/page\/"}],"author":[{"embeddable":true,"href":"https:\/\/help.mediaboard.com\/pl\/wp-json\/wp\/v2\/users\/1\/"}],"replies":[{"embeddable":true,"href":"https:\/\/help.mediaboard.com\/pl\/wp-json\/wp\/v2\/comments\/?post=3832"}],"version-history":[{"count":1,"href":"https:\/\/help.mediaboard.com\/pl\/wp-json\/wp\/v2\/pages\/3832\/revisions\/"}],"predecessor-version":[{"id":4218,"href":"https:\/\/help.mediaboard.com\/pl\/wp-json\/wp\/v2\/pages\/3832\/revisions\/4218\/"}],"up":[{"embeddable":true,"href":"https:\/\/help.mediaboard.com\/pl\/wp-json\/wp\/v2\/pages\/3941\/"}],"wp:attachment":[{"href":"https:\/\/help.mediaboard.com\/pl\/wp-json\/wp\/v2\/media\/?parent=3832"}],"curies":[{"name":"wp","href":"https:\/\/api.w.org\/{rel}","templated":true}]}}