{"id":3833,"date":"2022-06-08T14:22:30","date_gmt":"2022-06-08T12:22:30","guid":{"rendered":"https:\/\/help.mediaboard.com\/webinars\/"},"modified":"2024-06-13T09:18:26","modified_gmt":"2024-06-13T07:18:26","slug":"webinary","status":"publish","type":"page","link":"https:\/\/help.mediaboard.com\/pl\/mediaboard\/webinary\/","title":{"rendered":"Webinary"},"content":{"rendered":"\n<h2>Mediaboard \u2013 Wprowadzenie do najbardziej zaawansowanego narz\u0119dzia PR dla Media Intelligence <\/h2>\n\n\n\n<p>Obejrzyj nasze wprowadzaj\u0105ce webinarium, aby dowiedzie\u0107 si\u0119 podstaw, kt\u00f3rych potrzebujesz, aby pracowa\u0107 z aplikacj\u0105. Monitoruj wzmianki o marce w mediach online, tradycyjnych i spo\u0142eczno\u015bciowych, publikuj komunikaty prasowe, znajduj odpowiednich dziennikarzy \u2013 wszystko w jednej platformie. Zbuduj reputacj\u0119 swojej marki.<\/p>\n\n\n\n<p><strong>Czego si\u0119 nauczysz? <\/strong><br>\u27a4 Jak korzysta\u0107 z przesy\u0142u monitorowania medi\u00f3w <br>\u27a4 Jak i gdzie u\u017cywa\u0107 filtrowania <br>\u27a4 Ustawienia raport\u00f3w <br>\u27a4 Eksportowanie i wysy\u0142anie materia\u0142\u00f3w <br>\u27a4 Analityka w Mediaboard <br>\u27a4 Do czego s\u0142u\u017c\u0105 panele nawigacyjne<\/p>\n\n\n\n<figure class=\"wp-block-embed is-type-video is-provider-vimeo wp-block-embed-vimeo wp-embed-aspect-16-9 wp-has-aspect-ratio\"><div class=\"wp-block-embed__wrapper\">\n<iframe loading=\"lazy\" title=\"Mediaboard \u2013 How to begin?\" src=\"https:\/\/player.vimeo.com\/video\/927440846?dnt=1&amp;app_id=122963\" width=\"500\" height=\"281\" frameborder=\"0\" allow=\"autoplay; fullscreen; picture-in-picture; clipboard-write\"><\/iframe>\n<\/div><figcaption><meta charset=\"utf-8\">Wprowadzenie<\/figcaption><\/figure>\n\n\n\n<p><\/p>\n","protected":false},"excerpt":{"rendered":"<p>Mediaboard \u2013 Wprowadzenie do najbardziej zaawansowanego narz\u0119dzia PR dla Media Intelligence Obejrzyj nasze wprowadzaj\u0105ce webinarium, aby dowiedzie\u0107 si\u0119 podstaw, kt\u00f3rych potrzebujesz, aby pracowa\u0107 z aplikacj\u0105&#8230;.<\/p>\n","protected":false},"author":1,"featured_media":3835,"parent":3875,"menu_order":0,"comment_status":"closed","ping_status":"closed","template":"","meta":[],"_links":{"self":[{"href":"https:\/\/help.mediaboard.com\/pl\/wp-json\/wp\/v2\/pages\/3833\/"}],"collection":[{"href":"https:\/\/help.mediaboard.com\/pl\/wp-json\/wp\/v2\/pages\/"}],"about":[{"href":"https:\/\/help.mediaboard.com\/pl\/wp-json\/wp\/v2\/types\/page\/"}],"author":[{"embeddable":true,"href":"https:\/\/help.mediaboard.com\/pl\/wp-json\/wp\/v2\/users\/1\/"}],"replies":[{"embeddable":true,"href":"https:\/\/help.mediaboard.com\/pl\/wp-json\/wp\/v2\/comments\/?post=3833"}],"version-history":[{"count":1,"href":"https:\/\/help.mediaboard.com\/pl\/wp-json\/wp\/v2\/pages\/3833\/revisions\/"}],"predecessor-version":[{"id":4299,"href":"https:\/\/help.mediaboard.com\/pl\/wp-json\/wp\/v2\/pages\/3833\/revisions\/4299\/"}],"up":[{"embeddable":true,"href":"https:\/\/help.mediaboard.com\/pl\/wp-json\/wp\/v2\/pages\/3875\/"}],"wp:featuredmedia":[{"embeddable":true,"href":"https:\/\/help.mediaboard.com\/pl\/wp-json\/wp\/v2\/media\/3835\/"}],"wp:attachment":[{"href":"https:\/\/help.mediaboard.com\/pl\/wp-json\/wp\/v2\/media\/?parent=3833"}],"curies":[{"name":"wp","href":"https:\/\/api.w.org\/{rel}","templated":true}]}}