{"id":3836,"date":"2022-02-14T10:32:25","date_gmt":"2022-02-14T09:32:25","guid":{"rendered":"https:\/\/help.mediaboard.com\/unfinished-article\/"},"modified":"2024-06-12T13:21:57","modified_gmt":"2024-06-12T11:21:57","slug":"unfinished-article","status":"publish","type":"page","link":"https:\/\/help.mediaboard.com\/pl\/mediaboard\/jak-korzystac-z-mediaboard\/unfinished-article\/","title":{"rendered":"Nieuwzgl\u0119dniony materia\u0142"},"content":{"rendered":"\n<p>Mo\u017cesz teraz \u0142atwo sprawdzi\u0107 dlaczego materia\u0142 nie zosta\u0142 uwzgl\u0119dniony w aplikacji Mediaboard. Aby to zrobi\u0107, musisz mie\u0107 link publikacji i wskaza\u0107 temat pod kt\u00f3rym jej brakuje. Mo\u017cesz u\u017cy\u0107 zewn\u0119trznego linku lub linku z platformy Mediaboard (Mediaboard link).<\/p>\n\n\n\n<p>Funkcj\u0119 &#8222;Brakuj\u0105cy materia\u0142&#8221; znajdziesz w sekcji Materia\u0142y, ukryt\u0105 pod ikon\u0105 &#8222;Wi\u0119cej&#8221; (trzy kropki) w prawym g\u00f3rnym rogu.<\/p>\n\n\n\n<p>Funkcja powiadomi Ci\u0119 r\u00f3wnie\u017c o przyczynach, dla kt\u00f3rych materia\u0142 nie zosta\u0142 uwzgl\u0119dniony w danym temacie.<\/p>\n\n\n\n<p>Poni\u017cej znajdziesz dok\u0142adne instrukcje dotycz\u0105ce korzystania z funkcji &#8222;Brakuj\u0105cy artyku\u0142&#8221;.<\/p>\n\n\n\n<figure class=\"wp-block-video\"><video controls src=\"https:\/\/help.mediaboard.com\/wp-content\/uploads\/2022\/02\/nedohledany_clanek.mov\"><\/video><\/figure>\n\n\n\n<p><\/p>\n","protected":false},"excerpt":{"rendered":"<p>Mo\u017cesz teraz \u0142atwo sprawdzi\u0107 dlaczego materia\u0142 nie zosta\u0142 uwzgl\u0119dniony w aplikacji Mediaboard. Aby to zrobi\u0107, musisz mie\u0107 link publikacji i wskaza\u0107 temat pod kt\u00f3rym jej&#8230;<\/p>\n","protected":false},"author":1,"featured_media":0,"parent":3941,"menu_order":0,"comment_status":"closed","ping_status":"closed","template":"","meta":[],"_links":{"self":[{"href":"https:\/\/help.mediaboard.com\/pl\/wp-json\/wp\/v2\/pages\/3836\/"}],"collection":[{"href":"https:\/\/help.mediaboard.com\/pl\/wp-json\/wp\/v2\/pages\/"}],"about":[{"href":"https:\/\/help.mediaboard.com\/pl\/wp-json\/wp\/v2\/types\/page\/"}],"author":[{"embeddable":true,"href":"https:\/\/help.mediaboard.com\/pl\/wp-json\/wp\/v2\/users\/1\/"}],"replies":[{"embeddable":true,"href":"https:\/\/help.mediaboard.com\/pl\/wp-json\/wp\/v2\/comments\/?post=3836"}],"version-history":[{"count":1,"href":"https:\/\/help.mediaboard.com\/pl\/wp-json\/wp\/v2\/pages\/3836\/revisions\/"}],"predecessor-version":[{"id":4206,"href":"https:\/\/help.mediaboard.com\/pl\/wp-json\/wp\/v2\/pages\/3836\/revisions\/4206\/"}],"up":[{"embeddable":true,"href":"https:\/\/help.mediaboard.com\/pl\/wp-json\/wp\/v2\/pages\/3941\/"}],"wp:attachment":[{"href":"https:\/\/help.mediaboard.com\/pl\/wp-json\/wp\/v2\/media\/?parent=3836"}],"curies":[{"name":"wp","href":"https:\/\/api.w.org\/{rel}","templated":true}]}}