{"id":3838,"date":"2022-01-06T13:27:07","date_gmt":"2022-01-06T12:27:07","guid":{"rendered":"https:\/\/help.mediaboard.com\/creating-your-own-articles\/"},"modified":"2024-07-08T17:51:05","modified_gmt":"2024-07-08T15:51:05","slug":"creating-your-own-articles","status":"publish","type":"page","link":"https:\/\/help.mediaboard.com\/pl\/mediaboard\/jak-korzystac-z-mediaboard\/creating-your-own-articles\/","title":{"rendered":"Tworzenie w\u0142asnych materia\u0142\u00f3w"},"content":{"rendered":"\n<h3><strong>Tworzenie materia\u0142u przez u\u017cytkownika<\/strong><\/h3>\n\n\n\n<p>U\u017cytkownik mo\u017ce stworzy\u0107 w\u0142asny materia\u0142 w aplikacji Mediaboard. B\u0119dzie on dost\u0119pny wy\u0142\u0105cznie dla u\u017cytkownik\u00f3w korzystaj\u0105cych z tego samego konta.<\/p>\n\n\n\n<p><\/p>\n\n\n\n<h2><meta charset=\"utf-8\">T<strong>worzenie materia\u0142u<\/strong><\/h2>\n\n\n\n<p>Mo\u017cesz utworzy\u0107 materia\u0142, u\u017cywaj\u0105c przycisku nad artyku\u0142ami w sekcji Materia\u0142y lub przycisku w sekcji Moje Materia\u0142y. Sekcja Moje Materia\u0142y wy\u015bwietla wszystkie materia\u0142y utworzone przez u\u017cytkownika. Podczas tworzenia, u\u017cytkownik mo\u017ce ustawi\u0107 kilka parametr\u00f3w, z kt\u00f3rych niekt\u00f3re s\u0105 obowi\u0105zkowe:<\/p>\n\n\n\n<ul><li>typ medi\u00f3w,<\/li><li>data publikacji,<\/li><li>j\u0119zyk,<\/li><li>czas (opcjonalnie),<\/li><li>tekst artyku\u0142u (opcjonalnie).<\/li><\/ul>\n\n\n\n<p>Mo\u017cna r\u00f3wnie\u017c do\u0142\u0105czy\u0107 plik \u017ar\u00f3d\u0142owy (np. obraz, wideo, d\u017awi\u0119k itp.) do materia\u0142u. Obs\u0142ugiwane formaty r\u00f3\u017cni\u0105 si\u0119 w zale\u017cno\u015bci od wybranego typu medi\u00f3w. Maksymalny rozmiar pliku \u017ar\u00f3d\u0142owego to 500 MB. Plik \u017ar\u00f3d\u0142owy mo\u017cna nast\u0119pnie przetworzy\u0107 za pomoc\u0105 technologii AI w Mediaboard do OCR (optyczne rozpoznawanie znak\u00f3w) lub transkrypcji z g\u0142osu na tekst. Te technologie maj\u0105 30-dniowy limit, kt\u00f3ry jest wy\u015bwietlany w sekcji Moje Artyku\u0142y. Aby zwi\u0119kszy\u0107 limity, prosimy o kontakt z przedstawicielem handlowym.<\/p>\n\n\n\n<p>After the article is created, it is automatically processed, which includes keyword analysis. The processing time depends, for example, on the size of the source file. The user can monitor the processing progress in the My APo utworzeniu materia\u0142u jest on automatycznie przetwarzany, co obejmuje analiz\u0119 s\u0142\u00f3w kluczowych. Czas przetwarzania zale\u017cy na przyk\u0142ad od rozmiaru pliku \u017ar\u00f3d\u0142owego. U\u017cytkownik mo\u017ce monitorowa\u0107 post\u0119p przetwarzania w sekcji Moje Materia\u0142y. Po przetworzeniu materia\u0142 jest r\u00f3wnie\u017c wy\u015bwietlany w sekcji Posty i w zale\u017cno\u015bci od zawartych s\u0142\u00f3w kluczowych, jest klasyfikowany w odpowiednim temacie.<\/p>\n\n\n\n<p><\/p>\n\n\n\n<h2><strong>Edycja<\/strong><\/h2>\n\n\n\n<p>The article can be edited in the My Articles section, but the source file can no longer be changed. To change the Materia\u0142 mo\u017cna edytowa\u0107 w sekcji Moje Materia\u0142y, ale plik \u017ar\u00f3d\u0142owy nie mo\u017ce ju\u017c by\u0107 zmieniony. Aby zmieni\u0107 plik \u017ar\u00f3d\u0142owy, materia\u0142 musi zosta\u0107 usuni\u0119ty i utworzony na nowo z nowym plikiem \u017ar\u00f3d\u0142owym.<\/p>\n\n\n\n<p><\/p>\n\n\n\n<h2><strong>Analiza<\/strong><\/h2>\n\n\n\n<p>Materia\u0142y utworzone przez u\u017cytkownika s\u0105 uwzgl\u0119dniane w analizach tylko w sekcji Liczba materia\u0142\u00f3w, gdzie s\u0105 klasyfikowane wed\u0142ug wybranego typu medi\u00f3w.<\/p>\n\n\n\n<p><\/p>\n\n\n\n<h2><strong>Przyk\u0142ad:<\/strong><\/h2>\n\n\n\n<p><\/p>\n\n\n\n<figure class=\"wp-block-video\"><video controls src=\"https:\/\/help.mediaboard.com\/wp-content\/uploads\/2022\/01\/vlastni_clanky.mov\"><\/video><\/figure>\n","protected":false},"excerpt":{"rendered":"<p>Tworzenie materia\u0142u przez u\u017cytkownika U\u017cytkownik mo\u017ce stworzy\u0107 w\u0142asny materia\u0142 w aplikacji Mediaboard. B\u0119dzie on dost\u0119pny wy\u0142\u0105cznie dla u\u017cytkownik\u00f3w korzystaj\u0105cych z tego samego konta. Tworzenie materia\u0142u&#8230;<\/p>\n","protected":false},"author":1,"featured_media":0,"parent":3941,"menu_order":0,"comment_status":"closed","ping_status":"closed","template":"","meta":[],"_links":{"self":[{"href":"https:\/\/help.mediaboard.com\/pl\/wp-json\/wp\/v2\/pages\/3838\/"}],"collection":[{"href":"https:\/\/help.mediaboard.com\/pl\/wp-json\/wp\/v2\/pages\/"}],"about":[{"href":"https:\/\/help.mediaboard.com\/pl\/wp-json\/wp\/v2\/types\/page\/"}],"author":[{"embeddable":true,"href":"https:\/\/help.mediaboard.com\/pl\/wp-json\/wp\/v2\/users\/1\/"}],"replies":[{"embeddable":true,"href":"https:\/\/help.mediaboard.com\/pl\/wp-json\/wp\/v2\/comments\/?post=3838"}],"version-history":[{"count":2,"href":"https:\/\/help.mediaboard.com\/pl\/wp-json\/wp\/v2\/pages\/3838\/revisions\/"}],"predecessor-version":[{"id":4334,"href":"https:\/\/help.mediaboard.com\/pl\/wp-json\/wp\/v2\/pages\/3838\/revisions\/4334\/"}],"up":[{"embeddable":true,"href":"https:\/\/help.mediaboard.com\/pl\/wp-json\/wp\/v2\/pages\/3941\/"}],"wp:attachment":[{"href":"https:\/\/help.mediaboard.com\/pl\/wp-json\/wp\/v2\/media\/?parent=3838"}],"curies":[{"name":"wp","href":"https:\/\/api.w.org\/{rel}","templated":true}]}}