{"id":3840,"date":"2021-10-07T10:22:01","date_gmt":"2021-10-07T08:22:01","guid":{"rendered":"https:\/\/help.mediaboard.com\/medialist\/"},"modified":"2024-06-12T10:44:38","modified_gmt":"2024-06-12T08:44:38","slug":"medialist","status":"publish","type":"page","link":"https:\/\/help.mediaboard.com\/pl\/mediaboard\/jak-korzystac-z-mediaboard\/medialist\/","title":{"rendered":"Medialist"},"content":{"rendered":"\n<p>Z nasz\u0105 Medialist\u0105 nie wysy\u0142asz swoich tre\u015bci do losowo wybranych dziennikarzy, docierasz tylko do tych, kt\u00f3rzy maj\u0105 najwi\u0119ksze szanse na opublikowanie Twoich wiadomo\u015bci. Baza danych zawiera tysi\u0105ce kontakt\u00f3w do dziennikarzy z Polski. Dzi\u0119ki zaawansowanemu filtrowaniu, szczeg\u00f3\u0142owym profilom i klarownie uporz\u0105dkowanym wynikom, mo\u017cesz \u0142atwo znale\u017a\u0107 potrzebnych dziennikarzy.<\/p>\n\n\n\n<p>Medialista znajduje si\u0119 w\u015br\u00f3d funkcji w lewym menu. Znalezienie dziennikarzy w Mediali\u015bcie jest niezwykle proste. Wystarczy, \u017ce wpiszesz s\u0142owo kluczowe w archiwum medi\u00f3w lub przefiltrujesz wed\u0142ug tematu. W ci\u0105gu minuty otrzymasz list\u0119 dziennikarzy, posortowan\u0105 od najbardziej do najmniej aktywnych.<\/p>\n\n\n\n<p>Mo\u017cesz r\u00f3wnie\u017c filtrowa\u0107 autor\u00f3w wed\u0142ug tego, czy mo\u017cna znale\u017a\u0107 kontakt na ich profilu. Mi\u0119dzy innymi, mo\u017cesz wybra\u0107 dowolne inne filtry, kt\u00f3re widzisz w g\u00f3rnym menu (data, j\u0119zyk, itp.) lub mo\u017cesz przegl\u0105da\u0107 aktywno\u015b\u0107 dziennikarzy tylko dla konkretnych temat\u00f3w i za okre\u015blony okres czasu.<\/p>\n\n\n\n<figure class=\"wp-block-image size-large\"><img loading=\"lazy\" width=\"2166\" height=\"609\" src=\"https:\/\/help.mediaboard.com\/wp-content\/uploads\/\/2023\/10\/Untitled-design-10.svg\" alt=\"\" class=\"wp-image-4160\"\/><\/figure>\n\n\n\n<figure class=\"wp-block-image size-large\"><img loading=\"lazy\" width=\"1380\" height=\"1018\" src=\"https:\/\/help.mediaboard.com\/wp-content\/uploads\/\/2023\/10\/Untitled-design-9.svg\" alt=\"\" class=\"wp-image-4161\"\/><\/figure>\n\n\n\n<p><strong>Aby wy\u015bwietli\u0107 profil autora, kliknij na odpowiedni wiersz. <\/strong>W przegl\u0105dzie po lewej stronie zobaczysz linki do medi\u00f3w spo\u0142eczno\u015bciowych i strony internetowej autora, dane kontaktowe, media, z kt\u00f3rymi autor wsp\u00f3\u0142pracuje oraz kr\u00f3tkie wprowadzenie. <strong>Na g\u0142\u00f3wnej stronie zobaczysz przegl\u0105d opublikowanych artyku\u0142\u00f3w za wybrany okres.<\/strong><\/p>\n\n\n\n<figure class=\"wp-block-image size-large\"><img loading=\"lazy\" width=\"1698\" height=\"1040\" src=\"https:\/\/help.mediaboard.com\/wp-content\/uploads\/\/2023\/10\/Untitled-design-11.svg\" alt=\"\" class=\"wp-image-4162\"\/><\/figure>\n\n\n\n<p>Mo\u017cesz eksportowa\u0107 dane o dziennikarzach do pliku Excel. Po wybraniu konkretnych autor\u00f3w pojawi si\u0119 opcja \u201eeksport\u201d, wraz z informacj\u0105 o limicie eksportu. Ten limit mo\u017cna oczywi\u015bcie zwi\u0119kszy\u0107, wystarczy skontaktowa\u0107 si\u0119 z Twoim opiekunem lub wsparciem klienta.<\/p>\n\n\n\n<figure class=\"wp-block-image size-large\"><img loading=\"lazy\" width=\"1850\" height=\"436\" src=\"https:\/\/help.mediaboard.com\/wp-content\/uploads\/\/2023\/10\/Untitled-design-12.svg\" alt=\"\" class=\"wp-image-4163\"\/><\/figure>\n","protected":false},"excerpt":{"rendered":"<p>Z nasz\u0105 Medialist\u0105 nie wysy\u0142asz swoich tre\u015bci do losowo wybranych dziennikarzy, docierasz tylko do tych, kt\u00f3rzy maj\u0105 najwi\u0119ksze szanse na opublikowanie Twoich wiadomo\u015bci. Baza danych&#8230;<\/p>\n","protected":false},"author":1,"featured_media":0,"parent":3941,"menu_order":0,"comment_status":"closed","ping_status":"closed","template":"","meta":[],"_links":{"self":[{"href":"https:\/\/help.mediaboard.com\/pl\/wp-json\/wp\/v2\/pages\/3840\/"}],"collection":[{"href":"https:\/\/help.mediaboard.com\/pl\/wp-json\/wp\/v2\/pages\/"}],"about":[{"href":"https:\/\/help.mediaboard.com\/pl\/wp-json\/wp\/v2\/types\/page\/"}],"author":[{"embeddable":true,"href":"https:\/\/help.mediaboard.com\/pl\/wp-json\/wp\/v2\/users\/1\/"}],"replies":[{"embeddable":true,"href":"https:\/\/help.mediaboard.com\/pl\/wp-json\/wp\/v2\/comments\/?post=3840"}],"version-history":[{"count":6,"href":"https:\/\/help.mediaboard.com\/pl\/wp-json\/wp\/v2\/pages\/3840\/revisions\/"}],"predecessor-version":[{"id":4168,"href":"https:\/\/help.mediaboard.com\/pl\/wp-json\/wp\/v2\/pages\/3840\/revisions\/4168\/"}],"up":[{"embeddable":true,"href":"https:\/\/help.mediaboard.com\/pl\/wp-json\/wp\/v2\/pages\/3941\/"}],"wp:attachment":[{"href":"https:\/\/help.mediaboard.com\/pl\/wp-json\/wp\/v2\/media\/?parent=3840"}],"curies":[{"name":"wp","href":"https:\/\/api.w.org\/{rel}","templated":true}]}}