{"id":3842,"date":"2021-10-07T10:21:16","date_gmt":"2021-10-07T08:21:16","guid":{"rendered":"https:\/\/help.mediaboard.com\/dashboards\/"},"modified":"2024-06-12T10:21:16","modified_gmt":"2024-06-12T08:21:16","slug":"dashboards","status":"publish","type":"page","link":"https:\/\/help.mediaboard.com\/pl\/mediaboard\/jak-korzystac-z-mediaboard\/dashboards\/","title":{"rendered":"Dashboardy"},"content":{"rendered":"\n<p><strong><strong>W tej cz\u0119\u015bci aplikacji mo\u017cesz \u0142atwo tworzy\u0107 niestandardowe pulpity analityczne wed\u0142ug potrzebnych parametr\u00f3w. Tw\u00f3rz przejrzyste i wizualnie interesuj\u0105ce prezentacje, kt\u00f3re mo\u017cesz \u0142atwo udost\u0119pnia\u0107 wsp\u00f3\u0142pracownikom lub prezentowa\u0107 na spotkaniu. Pulpity s\u0105 konfigurowalne i opr\u00f3cz wykres\u00f3w znanych z Analityki, mo\u017cesz dodawa\u0107 do pulpit\u00f3w w\u0142asne notatki, zdj\u0119cia lub konkretne materia\u0142y z monitoringu.<\/strong><\/strong><\/p>\n\n\n\n<p>Ka\u017cd\u0105 sekcj\u0119 pulpitu mo\u017cna dostosowa\u0107 do swoich potrzeb. Poszczeg\u00f3lne cz\u0119\u015bci, czyli wid\u017cety, mo\u017cna przemieszcza\u0107, powi\u0119ksza\u0107 lub zmniejsza\u0107, aby dopasowa\u0107 do pulpitu.<\/p>\n\n\n\n<p>W module \u201epulpity\u201d mo\u017cesz dodawa\u0107 wid\u017cety z r\u00f3\u017cnych kategorii \u2013 analityka, statystyki, posty, alerty RTV lub odtwarzacz medi\u00f3w.<\/p>\n\n\n\n<p>Aby doda\u0107 pierwszy wid\u017cet, kliknij jedn\u0105 z kategorii, wybierz tematy, a nast\u0119pnie typ wykresu. Na koniec kliknij \u201edodaj\u201d.<\/p>\n\n\n\n<figure class=\"wp-block-image size-large\"><img loading=\"lazy\" width=\"1668\" height=\"917\" src=\"https:\/\/help.mediaboard.com\/wp-content\/uploads\/\/2023\/10\/Untitled-design-1-2.svg\" alt=\"\" class=\"wp-image-4017\"\/><\/figure>\n\n\n\n<p>Nast\u0119pnie mo\u017cesz dodawa\u0107 kolejne wid\u017cety, klikaj\u0105c przycisk \u201edodaj wid\u017cet\u201d. Mo\u017cesz r\u00f3wnie\u017c ustawi\u0107 dat\u0119 w pulpicie, do kt\u00f3rej dostosowane b\u0119d\u0105 wszystkie wykresy.<\/p>\n\n\n\n<figure class=\"wp-block-image size-large\"><img loading=\"lazy\" width=\"1600\" height=\"1021\" src=\"https:\/\/help.mediaboard.com\/wp-content\/uploads\/\/2023\/10\/Untitled-design-2-2.svg\" alt=\"\" class=\"wp-image-4018\"\/><\/figure>\n","protected":false},"excerpt":{"rendered":"<p>W tej cz\u0119\u015bci aplikacji mo\u017cesz \u0142atwo tworzy\u0107 niestandardowe pulpity analityczne wed\u0142ug potrzebnych parametr\u00f3w. Tw\u00f3rz przejrzyste i wizualnie interesuj\u0105ce prezentacje, kt\u00f3re mo\u017cesz \u0142atwo udost\u0119pnia\u0107 wsp\u00f3\u0142pracownikom lub&#8230;<\/p>\n","protected":false},"author":1,"featured_media":0,"parent":3941,"menu_order":0,"comment_status":"closed","ping_status":"closed","template":"","meta":[],"_links":{"self":[{"href":"https:\/\/help.mediaboard.com\/pl\/wp-json\/wp\/v2\/pages\/3842\/"}],"collection":[{"href":"https:\/\/help.mediaboard.com\/pl\/wp-json\/wp\/v2\/pages\/"}],"about":[{"href":"https:\/\/help.mediaboard.com\/pl\/wp-json\/wp\/v2\/types\/page\/"}],"author":[{"embeddable":true,"href":"https:\/\/help.mediaboard.com\/pl\/wp-json\/wp\/v2\/users\/1\/"}],"replies":[{"embeddable":true,"href":"https:\/\/help.mediaboard.com\/pl\/wp-json\/wp\/v2\/comments\/?post=3842"}],"version-history":[{"count":6,"href":"https:\/\/help.mediaboard.com\/pl\/wp-json\/wp\/v2\/pages\/3842\/revisions\/"}],"predecessor-version":[{"id":4023,"href":"https:\/\/help.mediaboard.com\/pl\/wp-json\/wp\/v2\/pages\/3842\/revisions\/4023\/"}],"up":[{"embeddable":true,"href":"https:\/\/help.mediaboard.com\/pl\/wp-json\/wp\/v2\/pages\/3941\/"}],"wp:attachment":[{"href":"https:\/\/help.mediaboard.com\/pl\/wp-json\/wp\/v2\/media\/?parent=3842"}],"curies":[{"name":"wp","href":"https:\/\/api.w.org\/{rel}","templated":true}]}}