{"id":3845,"date":"2019-09-20T11:43:02","date_gmt":"2019-09-20T09:43:02","guid":{"rendered":"https:\/\/help.mediaboard.com\/trash\/"},"modified":"2024-06-12T10:58:41","modified_gmt":"2024-06-12T08:58:41","slug":"trash","status":"publish","type":"page","link":"https:\/\/help.mediaboard.com\/pl\/mediaboard\/jak-korzystac-z-mediaboard\/trash\/","title":{"rendered":"Kosz"},"content":{"rendered":"\n<p>W sekcji Kosz masz mo\u017cliwo\u015b\u0107 przywr\u00f3cenia materia\u0142\u00f3w, kt\u00f3re usun\u0105\u0142e\u015b.<\/p>\n\n\n\n<figure class=\"wp-block-image size-large\"><img loading=\"lazy\" width=\"2161\" height=\"748\" src=\"https:\/\/help.mediaboard.com\/wp-content\/uploads\/\/2023\/10\/Untitled-design-17.svg\" alt=\"\" class=\"wp-image-4203\"\/><\/figure>\n\n\n\n<p><\/p>\n","protected":false},"excerpt":{"rendered":"<p>W sekcji Kosz masz mo\u017cliwo\u015b\u0107 przywr\u00f3cenia materia\u0142\u00f3w, kt\u00f3re usun\u0105\u0142e\u015b.<\/p>\n","protected":false},"author":1,"featured_media":0,"parent":3941,"menu_order":0,"comment_status":"closed","ping_status":"closed","template":"","meta":[],"_links":{"self":[{"href":"https:\/\/help.mediaboard.com\/pl\/wp-json\/wp\/v2\/pages\/3845\/"}],"collection":[{"href":"https:\/\/help.mediaboard.com\/pl\/wp-json\/wp\/v2\/pages\/"}],"about":[{"href":"https:\/\/help.mediaboard.com\/pl\/wp-json\/wp\/v2\/types\/page\/"}],"author":[{"embeddable":true,"href":"https:\/\/help.mediaboard.com\/pl\/wp-json\/wp\/v2\/users\/1\/"}],"replies":[{"embeddable":true,"href":"https:\/\/help.mediaboard.com\/pl\/wp-json\/wp\/v2\/comments\/?post=3845"}],"version-history":[{"count":2,"href":"https:\/\/help.mediaboard.com\/pl\/wp-json\/wp\/v2\/pages\/3845\/revisions\/"}],"predecessor-version":[{"id":4204,"href":"https:\/\/help.mediaboard.com\/pl\/wp-json\/wp\/v2\/pages\/3845\/revisions\/4204\/"}],"up":[{"embeddable":true,"href":"https:\/\/help.mediaboard.com\/pl\/wp-json\/wp\/v2\/pages\/3941\/"}],"wp:attachment":[{"href":"https:\/\/help.mediaboard.com\/pl\/wp-json\/wp\/v2\/media\/?parent=3845"}],"curies":[{"name":"wp","href":"https:\/\/api.w.org\/{rel}","templated":true}]}}