{"id":3847,"date":"2019-06-17T16:48:17","date_gmt":"2019-06-17T14:48:17","guid":{"rendered":"https:\/\/help.mediaboard.com\/mobile-app\/"},"modified":"2024-06-13T09:11:00","modified_gmt":"2024-06-13T07:11:00","slug":"aplikacja-mobilna","status":"publish","type":"page","link":"https:\/\/help.mediaboard.com\/pl\/mediaboard\/aplikacja-mobilna\/","title":{"rendered":"Aplikacja mobilna"},"content":{"rendered":"\n<p>Chocia\u017c nasza aplikacja internetowa Mediaboard jest w pe\u0142ni responsywna, wiemy, \u017ce nic nie zast\u0105pi aplikacji mobilnej pod wzgl\u0119dem \u0142atwo\u015bci dost\u0119pu. Dlatego te\u017c dok\u0142adamy wszelkich stara\u0144, aby jak najszybciej udost\u0119pni\u0107 Ci aplikacj\u0119 mobiln\u0105.<\/p>\n\n\n\n<p><strong>Dzi\u0119ki aplikacji Mediaboard, monitoring medi\u00f3w staje si\u0119 natychmiastowy<\/strong> \u2013 rano przy kawie, w tramwaju lub przed wa\u017cnym spotkaniem. Aplikacja umo\u017cliwia \u0142atwe i szybkie przegl\u0105danie monitoringu medi\u00f3w bezpo\u015brednio na Twoim telefonie kom\u00f3rkowym, bez d\u0142ugiego logowania. Obejmuje ona wszystkie funkcje, kt\u00f3re znasz z wersji internetowej, w tym Analizy czy Archiwum Medi\u00f3w. Dodatkowo mo\u017cesz skonfigurowa\u0107 natychmiastowe powiadomienia o nowych materia\u0142ach bezpo\u015brednio na swoim telefonie.<\/p>\n\n\n\n<p>Aplikacja jest bezp\u0142atna dla wszystkich naszych u\u017cytkownik\u00f3w i mo\u017cna j\u0105 pobra\u0107 ze sklepu <a href=\"https:\/\/apps.apple.com\/us\/app\/mediaboard-media-monitoring\/id1637628639\">App Store<\/a> lub <a href=\"https:\/\/play.google.com\/store\/apps\/details?id=com.mediaboard.app\">Google Play<\/a>.<\/p>\n","protected":false},"excerpt":{"rendered":"<p>Chocia\u017c nasza aplikacja internetowa Mediaboard jest w pe\u0142ni responsywna, wiemy, \u017ce nic nie zast\u0105pi aplikacji mobilnej pod wzgl\u0119dem \u0142atwo\u015bci dost\u0119pu. Dlatego te\u017c dok\u0142adamy wszelkich stara\u0144,&#8230;<\/p>\n","protected":false},"author":1,"featured_media":3849,"parent":3875,"menu_order":0,"comment_status":"closed","ping_status":"closed","template":"","meta":[],"_links":{"self":[{"href":"https:\/\/help.mediaboard.com\/pl\/wp-json\/wp\/v2\/pages\/3847\/"}],"collection":[{"href":"https:\/\/help.mediaboard.com\/pl\/wp-json\/wp\/v2\/pages\/"}],"about":[{"href":"https:\/\/help.mediaboard.com\/pl\/wp-json\/wp\/v2\/types\/page\/"}],"author":[{"embeddable":true,"href":"https:\/\/help.mediaboard.com\/pl\/wp-json\/wp\/v2\/users\/1\/"}],"replies":[{"embeddable":true,"href":"https:\/\/help.mediaboard.com\/pl\/wp-json\/wp\/v2\/comments\/?post=3847"}],"version-history":[{"count":1,"href":"https:\/\/help.mediaboard.com\/pl\/wp-json\/wp\/v2\/pages\/3847\/revisions\/"}],"predecessor-version":[{"id":4280,"href":"https:\/\/help.mediaboard.com\/pl\/wp-json\/wp\/v2\/pages\/3847\/revisions\/4280\/"}],"up":[{"embeddable":true,"href":"https:\/\/help.mediaboard.com\/pl\/wp-json\/wp\/v2\/pages\/3875\/"}],"wp:featuredmedia":[{"embeddable":true,"href":"https:\/\/help.mediaboard.com\/pl\/wp-json\/wp\/v2\/media\/3849\/"}],"wp:attachment":[{"href":"https:\/\/help.mediaboard.com\/pl\/wp-json\/wp\/v2\/media\/?parent=3847"}],"curies":[{"name":"wp","href":"https:\/\/api.w.org\/{rel}","templated":true}]}}