{"id":3850,"date":"2019-06-11T15:07:33","date_gmt":"2019-06-11T13:07:33","guid":{"rendered":"https:\/\/help.mediaboard.com\/social-media-monitoring\/"},"modified":"2024-06-13T09:54:01","modified_gmt":"2024-06-13T07:54:01","slug":"monitorowanie-social-mediow","status":"publish","type":"page","link":"https:\/\/help.mediaboard.com\/pl\/monitorowanie-social-mediow\/","title":{"rendered":"Monitorowanie social medi\u00f3w"},"content":{"rendered":"\n<p>Mediaboard obejmuje media spo\u0142eczno\u015bciowe, dyskusje, komentarze, strony por\u00f3wnawcze, blogi, vlogi, filmy online i wiele wi\u0119cej. Mo\u017cesz pracowa\u0107 z postami bezpo\u015brednio w Mediaboard, tak samo jak z materia\u0142ami z tradycyjnych medi\u00f3w. Mo\u017cesz je filtrowa\u0107 wed\u0142ug daty, \u017ar\u00f3d\u0142a, autora, j\u0119zyka, sentymentu, komentarzy i typu materia\u0142\u00f3w. Mo\u017cesz dodawa\u0107 wykresy do swojej analizy, aby podsumowa\u0107 wszystko, co dzieje si\u0119 w mediach spo\u0142eczno\u015bciowych.<\/p>\n\n\n\n<p><strong>Monitorujemy Facebook, Instagram, TikTok, X (Twitter), YouTube i LinkedIn.<\/strong><\/p>\n","protected":false},"excerpt":{"rendered":"<p>Mediaboard obejmuje media spo\u0142eczno\u015bciowe, dyskusje, komentarze, strony por\u00f3wnawcze, blogi, vlogi, filmy online i wiele wi\u0119cej. Mo\u017cesz pracowa\u0107 z postami bezpo\u015brednio w Mediaboard, tak samo jak&#8230;<\/p>\n","protected":false},"author":1,"featured_media":3852,"parent":0,"menu_order":0,"comment_status":"closed","ping_status":"closed","template":"","meta":[],"_links":{"self":[{"href":"https:\/\/help.mediaboard.com\/pl\/wp-json\/wp\/v2\/pages\/3850\/"}],"collection":[{"href":"https:\/\/help.mediaboard.com\/pl\/wp-json\/wp\/v2\/pages\/"}],"about":[{"href":"https:\/\/help.mediaboard.com\/pl\/wp-json\/wp\/v2\/types\/page\/"}],"author":[{"embeddable":true,"href":"https:\/\/help.mediaboard.com\/pl\/wp-json\/wp\/v2\/users\/1\/"}],"replies":[{"embeddable":true,"href":"https:\/\/help.mediaboard.com\/pl\/wp-json\/wp\/v2\/comments\/?post=3850"}],"version-history":[{"count":1,"href":"https:\/\/help.mediaboard.com\/pl\/wp-json\/wp\/v2\/pages\/3850\/revisions\/"}],"predecessor-version":[{"id":3938,"href":"https:\/\/help.mediaboard.com\/pl\/wp-json\/wp\/v2\/pages\/3850\/revisions\/3938\/"}],"wp:featuredmedia":[{"embeddable":true,"href":"https:\/\/help.mediaboard.com\/pl\/wp-json\/wp\/v2\/media\/3852\/"}],"wp:attachment":[{"href":"https:\/\/help.mediaboard.com\/pl\/wp-json\/wp\/v2\/media\/?parent=3850"}],"curies":[{"name":"wp","href":"https:\/\/api.w.org\/{rel}","templated":true}]}}