{"id":3853,"date":"2019-06-11T15:05:15","date_gmt":"2019-06-11T13:05:15","guid":{"rendered":"https:\/\/help.mediaboard.com\/social-media-monitoring\/how-does-it-work\/"},"modified":"2024-06-26T13:56:47","modified_gmt":"2024-06-26T11:56:47","slug":"jak-to-dziala","status":"publish","type":"page","link":"https:\/\/help.mediaboard.com\/pl\/monitorowanie-social-mediow\/jak-to-dziala\/","title":{"rendered":"Jak to dzia\u0142a?"},"content":{"rendered":"\n<h2><strong>Tre\u015b\u0107 w kontek\u015bcie<\/strong><\/h2>\n\n\n\n<p>Umo\u017cliwiamy analiz\u0119 i pomiar zachowa\u0144 u\u017cytkownik\u00f3w w mediach spo\u0142eczno\u015bciowych w czasie rzeczywistym. Mo\u017cliwe jest monitorowanie wielu temat\u00f3w i codzienne por\u00f3wnywanie wynik\u00f3w.<\/p>\n\n\n\n<div class=\"wp-block-image\"><figure class=\"aligncenter size-large is-resized\"><img loading=\"lazy\" src=\"https:\/\/help.mediaboard.com\/wp-content\/uploads\/2023\/10\/Sni\u0301mek-obrazovky-2023-10-02-v-10.48.36-1024x950.png\" alt=\"\" class=\"wp-image-4314\" width=\"768\" height=\"713\" srcset=\"https:\/\/help.mediaboard.com\/wp-content\/uploads\/2023\/10\/Sni\u0301mek-obrazovky-2023-10-02-v-10.48.36-1024x950.png 1024w, https:\/\/help.mediaboard.com\/wp-content\/uploads\/2023\/10\/Sni\u0301mek-obrazovky-2023-10-02-v-10.48.36-300x278.png 300w, https:\/\/help.mediaboard.com\/wp-content\/uploads\/2023\/10\/Sni\u0301mek-obrazovky-2023-10-02-v-10.48.36-768x713.png 768w, https:\/\/help.mediaboard.com\/wp-content\/uploads\/2023\/10\/Sni\u0301mek-obrazovky-2023-10-02-v-10.48.36.png 1362w\" sizes=\"(max-width: 768px) 100vw, 768px\" \/><\/figure><\/div>\n\n\n\n<h2><strong>Kr\u00f3tki przegl\u0105d sytuacji<\/strong><\/h2>\n\n\n\n<p>\u015aledzimy i wizualizujemy poszczeg\u00f3lne wzmianki od Twoich obecnych lub potencjalnych klient\u00f3w. Otrzymujesz natychmiastow\u0105 informacj\u0119 zwrotn\u0105 i mo\u017cesz szybko reagowa\u0107.<\/p>\n\n\n\n<h2><strong>Analiza sieci spo\u0142eczno\u015bciowych<\/strong><\/h2>\n\n\n\n<p>Oferujemy regularn\u0105 analiz\u0119 medi\u00f3w spo\u0142eczno\u015bciowych, aby da\u0107 Ci obraz tego, co dzieje si\u0119 na blogach, w dyskusjach, na Facebooku, Twitterze, Google+, w filmach online, komentarzach, por\u00f3wnaniach cen i innych \u017ar\u00f3d\u0142ach.<\/p>\n\n\n\n<div class=\"wp-block-image\"><figure class=\"aligncenter size-full is-resized\"><img loading=\"lazy\" src=\"https:\/\/help.mediaboard.com\/wp-content\/uploads\/2023\/10\/Sni\u0301mek-obrazovky-2023-10-02-v-10.49.55.png\" alt=\"\" class=\"wp-image-4315\" width=\"483\" height=\"365\" srcset=\"https:\/\/help.mediaboard.com\/wp-content\/uploads\/2023\/10\/Sni\u0301mek-obrazovky-2023-10-02-v-10.49.55.png 644w, https:\/\/help.mediaboard.com\/wp-content\/uploads\/2023\/10\/Sni\u0301mek-obrazovky-2023-10-02-v-10.49.55-300x226.png 300w\" sizes=\"(max-width: 483px) 100vw, 483px\" \/><\/figure><\/div>\n\n\n\n<h2><strong>Raportowanie<\/strong><\/h2>\n\n\n\n<p>Raporty s\u0105 zazwyczaj nudne i pe\u0142ne bezu\u017cytecznych informacji. Z nami jest inaczej! Generujemy przejrzyste raporty, kt\u00f3re dostarczaj\u0105 Ci przydatnych informacji, cz\u0119sto o charakterze strategicznym. Mo\u017cemy wysy\u0142a\u0107 raporty regularnie, codziennie lub co tydzie\u0144. Raport zawiera szczeg\u00f3\u0142owe informacje, wykresy i infografiki w jasnym i \u0142atwym do zrozumienia formacie.<\/p>\n\n\n\n<h2><strong>Unikalny zasi\u0119g z naciskiem na media lokalne<\/strong><\/h2>\n\n\n\n<p>Natychmiast zobacz wyniki z Facebooka, Instagrama, Twittera, blog\u00f3w, for\u00f3w dyskusyjnych, portali internetowych lub agregator\u00f3w recenzji online, portali wideo.<\/p>\n\n\n\n<div class=\"wp-block-image\"><figure class=\"aligncenter is-resized\"><img loading=\"lazy\" src=\"https:\/\/impr.cz\/cms\/media\/img\/social-media.jpg\" alt=\"\" width=\"619\" height=\"310\"\/><\/figure><\/div>\n\n\n\n<p>__<\/p>\n","protected":false},"excerpt":{"rendered":"<p>Tre\u015b\u0107 w kontek\u015bcie Umo\u017cliwiamy analiz\u0119 i pomiar zachowa\u0144 u\u017cytkownik\u00f3w w mediach spo\u0142eczno\u015bciowych w czasie rzeczywistym. Mo\u017cliwe jest monitorowanie wielu temat\u00f3w i codzienne por\u00f3wnywanie wynik\u00f3w. Kr\u00f3tki&#8230;<\/p>\n","protected":false},"author":1,"featured_media":3855,"parent":3850,"menu_order":2,"comment_status":"closed","ping_status":"closed","template":"","meta":[],"_links":{"self":[{"href":"https:\/\/help.mediaboard.com\/pl\/wp-json\/wp\/v2\/pages\/3853\/"}],"collection":[{"href":"https:\/\/help.mediaboard.com\/pl\/wp-json\/wp\/v2\/pages\/"}],"about":[{"href":"https:\/\/help.mediaboard.com\/pl\/wp-json\/wp\/v2\/types\/page\/"}],"author":[{"embeddable":true,"href":"https:\/\/help.mediaboard.com\/pl\/wp-json\/wp\/v2\/users\/1\/"}],"replies":[{"embeddable":true,"href":"https:\/\/help.mediaboard.com\/pl\/wp-json\/wp\/v2\/comments\/?post=3853"}],"version-history":[{"count":6,"href":"https:\/\/help.mediaboard.com\/pl\/wp-json\/wp\/v2\/pages\/3853\/revisions\/"}],"predecessor-version":[{"id":4328,"href":"https:\/\/help.mediaboard.com\/pl\/wp-json\/wp\/v2\/pages\/3853\/revisions\/4328\/"}],"up":[{"embeddable":true,"href":"https:\/\/help.mediaboard.com\/pl\/wp-json\/wp\/v2\/pages\/3850\/"}],"wp:featuredmedia":[{"embeddable":true,"href":"https:\/\/help.mediaboard.com\/pl\/wp-json\/wp\/v2\/media\/3855\/"}],"wp:attachment":[{"href":"https:\/\/help.mediaboard.com\/pl\/wp-json\/wp\/v2\/media\/?parent=3853"}],"curies":[{"name":"wp","href":"https:\/\/api.w.org\/{rel}","templated":true}]}}