{"id":3856,"date":"2019-05-30T15:56:30","date_gmt":"2019-05-30T13:56:30","guid":{"rendered":"https:\/\/help.mediaboard.com\/social-media-monitoring\/get-started\/"},"modified":"2024-06-26T13:43:25","modified_gmt":"2024-06-26T11:43:25","slug":"zacznij-juz-teraz","status":"publish","type":"page","link":"https:\/\/help.mediaboard.com\/pl\/monitorowanie-social-mediow\/zacznij-juz-teraz\/","title":{"rendered":"Zacznij ju\u017c teraz"},"content":{"rendered":"\n<p>Aplikacja zbiera i analizuje wszystkie wzmianki, indeksuje artyku\u0142y, posty, komentarze, tweety, statusy, blogi, vlogi, fora dyskusyjne oraz dyskusje pod artyku\u0142ami na portalach informacyjnych. Skupiamy si\u0119 na dostarczaniu wysokiej jako\u015bci i kompleksowego monitoringu medi\u00f3w spo\u0142eczno\u015bciowych, jednocze\u015bnie oferuj\u0105c naszym klientom zaawansowane filtry i rozbudowane mo\u017cliwo\u015bci analityczne.<\/p>\n\n\n\n<p class=\"has-text-align-center\"><strong>Mo\u017cesz wypr\u00f3bowa\u0107 Mediaboard przez tydzie\u0144 za darmo i bez zobowi\u0105za\u0144. <br><\/strong><br><strong>Wystarczy, \u017ce do nas napiszesz!<\/strong><\/p>\n\n\n\n<div class=\"wp-block-buttons is-content-justification-center\">\n<div class=\"wp-block-button is-style-fill\"><a class=\"wp-block-button__link has-vivid-green-cyan-background-color has-background\" href=\"https:\/\/app.mediaboard.com\/sign-up\"><strong>Wypr\u00f3buj bezp\u0142atnie<\/strong><\/a><\/div>\n<\/div>\n","protected":false},"excerpt":{"rendered":"<p>Aplikacja zbiera i analizuje wszystkie wzmianki, indeksuje artyku\u0142y, posty, komentarze, tweety, statusy, blogi, vlogi, fora dyskusyjne oraz dyskusje pod artyku\u0142ami na portalach informacyjnych. Skupiamy si\u0119&#8230;<\/p>\n","protected":false},"author":1,"featured_media":3852,"parent":3850,"menu_order":1,"comment_status":"closed","ping_status":"closed","template":"","meta":[],"_links":{"self":[{"href":"https:\/\/help.mediaboard.com\/pl\/wp-json\/wp\/v2\/pages\/3856\/"}],"collection":[{"href":"https:\/\/help.mediaboard.com\/pl\/wp-json\/wp\/v2\/pages\/"}],"about":[{"href":"https:\/\/help.mediaboard.com\/pl\/wp-json\/wp\/v2\/types\/page\/"}],"author":[{"embeddable":true,"href":"https:\/\/help.mediaboard.com\/pl\/wp-json\/wp\/v2\/users\/1\/"}],"replies":[{"embeddable":true,"href":"https:\/\/help.mediaboard.com\/pl\/wp-json\/wp\/v2\/comments\/?post=3856"}],"version-history":[{"count":2,"href":"https:\/\/help.mediaboard.com\/pl\/wp-json\/wp\/v2\/pages\/3856\/revisions\/"}],"predecessor-version":[{"id":4322,"href":"https:\/\/help.mediaboard.com\/pl\/wp-json\/wp\/v2\/pages\/3856\/revisions\/4322\/"}],"up":[{"embeddable":true,"href":"https:\/\/help.mediaboard.com\/pl\/wp-json\/wp\/v2\/pages\/3850\/"}],"wp:featuredmedia":[{"embeddable":true,"href":"https:\/\/help.mediaboard.com\/pl\/wp-json\/wp\/v2\/media\/3852\/"}],"wp:attachment":[{"href":"https:\/\/help.mediaboard.com\/pl\/wp-json\/wp\/v2\/media\/?parent=3856"}],"curies":[{"name":"wp","href":"https:\/\/api.w.org\/{rel}","templated":true}]}}