{"id":3875,"date":"2024-06-12T09:28:21","date_gmt":"2024-06-12T07:28:21","guid":{"rendered":"https:\/\/help.mediaboard.com\/?page_id=3875"},"modified":"2024-07-04T11:17:56","modified_gmt":"2024-07-04T09:17:56","slug":"mediaboard","status":"publish","type":"page","link":"https:\/\/help.mediaboard.com\/pl\/mediaboard\/","title":{"rendered":"Mediaboard"},"content":{"rendered":"\n<p>Czy dopiero zaczynasz korzysta\u0107 z Mediaboardu i nie wiesz, od czego zacz\u0105\u0107? To nie problem. Nasz podr\u0119cznik odpowiada na wi\u0119kszo\u015b\u0107 podstawowych pyta\u0144. Nasz zesp\u00f3\u0142 sprzeda\u017cy lub wsparcie czatu ch\u0119tnie wyja\u015bni\u0105 wszystko inne.<\/p>\n\n\n\n<p><\/p>\n\n\n\n<h2><strong><strong>Czym jest system Mediaboard?<\/strong><\/strong><\/h2>\n\n\n\n<p>Aplikacja Mediaboard pozwala nie tylko monitorowa\u0107, ale r\u00f3wnie\u017c mierzy\u0107 i analizowa\u0107 Twoje media. Nie \u015bledzi jedynie liczby materia\u0142\u00f3w i wzmianek, lecz tak\u017ce mierzy ich zasi\u0119g medialny. System mo\u017ce nast\u0119pnie oceni\u0107 i por\u00f3wna\u0107 to na przyk\u0142ad z konkurencj\u0105. Mediaboard \u0142\u0105czy wiadomo\u015bci w wydarzenia i \u015bledzi, jak rozwijaj\u0105 si\u0119 one w czasie.<\/p>\n\n\n\n<h2 class=\"has-text-align-center\"><strong>Czy chcia\u0142by\u015b wypr\u00f3bowa\u0107 Mediaboard?<\/strong><\/h2>\n\n\n\n<div style=\"height:18px\" aria-hidden=\"true\" class=\"wp-block-spacer\"><\/div>\n\n\n\n<div style=\"height:15px\" aria-hidden=\"true\" class=\"wp-block-spacer\"><\/div>\n\n\n\n<div class=\"wp-block-buttons is-content-justification-center\">\n<div class=\"wp-block-button is-style-fill\"><a class=\"wp-block-button__link has-white-color has-vivid-green-cyan-background-color has-text-color has-background\" href=\"https:\/\/app.mediaboard.com\/sign-up\" target=\"_blank\" rel=\"noreferrer noopener\">Wypr\u00f3buj za darmo<\/a><\/div>\n<\/div>\n\n\n\n<div style=\"height:15px\" aria-hidden=\"true\" class=\"wp-block-spacer\"><\/div>\n\n\n\n<p><\/p>\n\n\n\n<figure class=\"wp-block-gallery columns-1 is-cropped\"><ul class=\"blocks-gallery-grid\"><li class=\"blocks-gallery-item\"><figure><img loading=\"lazy\" width=\"1024\" height=\"651\" src=\"https:\/\/help.mediaboard.com\/wp-content\/uploads\/2023\/08\/Hlavni\u0301-strana-1-1024x651.png\" alt=\"\" data-id=\"2872\" data-full-url=\"https:\/\/help.mediaboard.com\/wp-content\/uploads\/2023\/08\/Hlavni\u0301-strana-1.png\" data-link=\"https:\/\/help.mediaboard.com\/mediaboard\/hlavni-strana-1\/\" class=\"wp-image-3930\" srcset=\"https:\/\/help.mediaboard.com\/wp-content\/uploads\/2023\/08\/Hlavni\u0301-strana-1-1024x651.png 1024w, https:\/\/help.mediaboard.com\/wp-content\/uploads\/2023\/08\/Hlavni\u0301-strana-1-300x191.png 300w, https:\/\/help.mediaboard.com\/wp-content\/uploads\/2023\/08\/Hlavni\u0301-strana-1-768x488.png 768w, https:\/\/help.mediaboard.com\/wp-content\/uploads\/2023\/08\/Hlavni\u0301-strana-1-1536x976.png 1536w, https:\/\/help.mediaboard.com\/wp-content\/uploads\/2023\/08\/Hlavni\u0301-strana-1-2048x1301.png 2048w\" sizes=\"(max-width: 1024px) 100vw, 1024px\" \/><\/figure><\/li><\/ul><\/figure>\n\n\n\n<p><\/p>\n","protected":false},"excerpt":{"rendered":"<p>Czy dopiero zaczynasz korzysta\u0107 z Mediaboardu i nie wiesz, od czego zacz\u0105\u0107? To nie problem. Nasz podr\u0119cznik odpowiada na wi\u0119kszo\u015b\u0107 podstawowych pyta\u0144. Nasz zesp\u00f3\u0142 sprzeda\u017cy&#8230;<\/p>\n","protected":false},"author":1,"featured_media":0,"parent":0,"menu_order":7,"comment_status":"closed","ping_status":"closed","template":"","meta":[],"_links":{"self":[{"href":"https:\/\/help.mediaboard.com\/pl\/wp-json\/wp\/v2\/pages\/3875\/"}],"collection":[{"href":"https:\/\/help.mediaboard.com\/pl\/wp-json\/wp\/v2\/pages\/"}],"about":[{"href":"https:\/\/help.mediaboard.com\/pl\/wp-json\/wp\/v2\/types\/page\/"}],"author":[{"embeddable":true,"href":"https:\/\/help.mediaboard.com\/pl\/wp-json\/wp\/v2\/users\/1\/"}],"replies":[{"embeddable":true,"href":"https:\/\/help.mediaboard.com\/pl\/wp-json\/wp\/v2\/comments\/?post=3875"}],"version-history":[{"count":6,"href":"https:\/\/help.mediaboard.com\/pl\/wp-json\/wp\/v2\/pages\/3875\/revisions\/"}],"predecessor-version":[{"id":4329,"href":"https:\/\/help.mediaboard.com\/pl\/wp-json\/wp\/v2\/pages\/3875\/revisions\/4329\/"}],"wp:attachment":[{"href":"https:\/\/help.mediaboard.com\/pl\/wp-json\/wp\/v2\/media\/?parent=3875"}],"curies":[{"name":"wp","href":"https:\/\/api.w.org\/{rel}","templated":true}]}}