{"id":3981,"date":"2024-06-12T10:10:20","date_gmt":"2024-06-12T08:10:20","guid":{"rendered":"https:\/\/help.mediaboard.com\/?page_id=3981"},"modified":"2024-06-12T10:13:44","modified_gmt":"2024-06-12T08:13:44","slug":"analiza","status":"publish","type":"page","link":"https:\/\/help.mediaboard.com\/pl\/mediaboard\/jak-korzystac-z-mediaboard\/analiza\/","title":{"rendered":"Analiza"},"content":{"rendered":"\n<p class=\"has-text-color\" style=\"color:#0b62ff;font-size:25px\"><strong><strong>Analiza tematu<\/strong><\/strong><\/p>\n\n\n\n<p>Je\u015bli chcesz analizowa\u0107 tylko jeden temat, wystarczy przej\u015b\u0107 do sekcji \u201eAnaliza\u201d i wybra\u0107 temat do analizy.<\/p>\n\n\n\n<figure class=\"wp-block-image size-large\"><img loading=\"lazy\" width=\"2169\" height=\"591\" src=\"https:\/\/help.mediaboard.com\/wp-content\/uploads\/\/2023\/10\/1.svg\" alt=\"\" class=\"wp-image-3993\"\/><\/figure>\n\n\n\n<p>Po wygenerowaniu analizy dla wybranego tematu, mo\u017cesz dalej filtrowa\u0107 wyniki, u\u017cywaj\u0105c paska filtr\u00f3w. Mo\u017cesz wybra\u0107, aby analizowa\u0107 okresy (DATA), konkretne \u017ar\u00f3d\u0142a (\u0179R\u00d3D\u0141O), specyficznych autor\u00f3w (AUTOR) lub, na przyk\u0142ad, analizowa\u0107 tylko negatywne materia\u0142y (SENTYMENT).<\/p>\n\n\n\n<p class=\"has-text-color\" style=\"color:#0b62ff;font-size:25px\"><strong><strong>Analiza dw\u00f3ch lub wi\u0119cej temat\u00f3w<\/strong><\/strong><\/p>\n\n\n\n<p>Je\u015bli chcesz analizowa\u0107 wi\u0119cej ni\u017c jeden temat, wybierz wszystkie tematy, kt\u00f3re chcesz analizowa\u0107 jednocze\u015bnie. <strong>Mo\u017cesz por\u00f3wna\u0107 ze sob\u0105 do 5 temat\u00f3w w ten spos\u00f3b.<\/strong><\/p>\n\n\n\n<div class=\"wp-block-image\"><figure class=\"aligncenter size-large\"><img loading=\"lazy\" width=\"2169\" height=\"591\" src=\"https:\/\/help.mediaboard.com\/wp-content\/uploads\/\/2023\/10\/2-1.svg\" alt=\"\" class=\"wp-image-3994\"\/><\/figure><\/div>\n\n\n\n<p>Mo\u017cesz r\u00f3wnie\u017c filtrowa\u0107 wyniki, u\u017cywaj\u0105c paska filtr\u00f3w. Z drugiej strony, je\u015bli chcesz usun\u0105\u0107 temat z ju\u017c utworzonej analizy, mo\u017cesz to zrobi\u0107, po prostu u\u017cywaj\u0105c krzy\u017cyka obok tematu.<\/p>\n\n\n\n<div class=\"wp-block-image\"><figure class=\"aligncenter size-large\"><img loading=\"lazy\" width=\"1366\" height=\"160\" src=\"https:\/\/help.mediaboard.com\/wp-content\/uploads\/\/2023\/10\/Untitled-design-2-1.svg\" alt=\"\" class=\"wp-image-3996\"\/><\/figure><\/div>\n\n\n\n<p>Je\u015bli chcesz doda\u0107 kolejny temat, mo\u017cesz skorzysta\u0107 z kropek:<\/p>\n\n\n\n<div class=\"wp-block-image\"><figure class=\"aligncenter size-large\"><img loading=\"lazy\" width=\"1612\" height=\"1046\" src=\"https:\/\/help.mediaboard.com\/wp-content\/uploads\/\/2023\/10\/Untitled-design-1-1.svg\" alt=\"\" class=\"wp-image-3995\"\/><\/figure><\/div>\n\n\n\n<p class=\"has-text-color\" style=\"color:#0b62ff;font-size:25px\"><strong><strong>Analiza projektu wyszukiwanego w archiwum<\/strong><\/strong><\/p>\n\n\n\n<p>Je\u015bli potrzebujesz przeanalizowa\u0107 temat, kt\u00f3ry wyszuka\u0142e\u015b za pomoc\u0105 archiwum medi\u00f3w, po prostu przejd\u017a do sekcji \u201eAnaliza\u201d i wyszukaj temat na g\u00f3rnym pasku archiwum. Analiza dostosuje si\u0119 natychmiast.<\/p>\n\n\n\n<p class=\"has-text-color\" style=\"color:#0b62ff;font-size:25px\"><strong><strong>Ostateczne wskaz\u00f3wki:<\/strong><\/strong><\/p>\n\n\n\n<p><strong>Analiza tagu<\/strong> \u2013 je\u015bli chcesz analizowa\u0107 tylko materia\u0142y z okre\u015blonym tagiem, po prostu wybierz tag zamiast tematu w sekcji \u201eAnaliza\u201d. Analizy wygeneruj\u0105 wyniki tylko dla tych materia\u0142\u00f3w, kt\u00f3re odpowiadaj\u0105 danemu tagowi.<\/p>\n\n\n\n<p><strong>Analiza konkretnego projektu w temacie<\/strong> \u2013 je\u015bli chcesz analizowa\u0107 tylko konkretny projekt w okre\u015blonym temacie, wystarczy, \u017ce wyszukasz projekt w pasku archiwum medialnego w sekcji \u201eAnaliza\u201d, a nast\u0119pnie wybierzesz temat, aby zaw\u0119zi\u0107 wyszukiwanie.<\/p>\n\n\n\n<div class=\"wp-block-image\"><figure class=\"aligncenter size-large\"><img loading=\"lazy\" width=\"2155\" height=\"693\" src=\"https:\/\/help.mediaboard.com\/wp-content\/uploads\/\/2023\/10\/Untitled-design-3.svg\" alt=\"\" class=\"wp-image-3997\"\/><\/figure><\/div>\n","protected":false},"excerpt":{"rendered":"<p>Analiza tematu Je\u015bli chcesz analizowa\u0107 tylko jeden temat, wystarczy przej\u015b\u0107 do sekcji \u201eAnaliza\u201d i wybra\u0107 temat do analizy. Po wygenerowaniu analizy dla wybranego tematu, mo\u017cesz&#8230;<\/p>\n","protected":false},"author":1,"featured_media":0,"parent":3941,"menu_order":0,"comment_status":"closed","ping_status":"closed","template":"","meta":[],"_links":{"self":[{"href":"https:\/\/help.mediaboard.com\/pl\/wp-json\/wp\/v2\/pages\/3981\/"}],"collection":[{"href":"https:\/\/help.mediaboard.com\/pl\/wp-json\/wp\/v2\/pages\/"}],"about":[{"href":"https:\/\/help.mediaboard.com\/pl\/wp-json\/wp\/v2\/types\/page\/"}],"author":[{"embeddable":true,"href":"https:\/\/help.mediaboard.com\/pl\/wp-json\/wp\/v2\/users\/1\/"}],"replies":[{"embeddable":true,"href":"https:\/\/help.mediaboard.com\/pl\/wp-json\/wp\/v2\/comments\/?post=3981"}],"version-history":[{"count":9,"href":"https:\/\/help.mediaboard.com\/pl\/wp-json\/wp\/v2\/pages\/3981\/revisions\/"}],"predecessor-version":[{"id":4009,"href":"https:\/\/help.mediaboard.com\/pl\/wp-json\/wp\/v2\/pages\/3981\/revisions\/4009\/"}],"up":[{"embeddable":true,"href":"https:\/\/help.mediaboard.com\/pl\/wp-json\/wp\/v2\/pages\/3941\/"}],"wp:attachment":[{"href":"https:\/\/help.mediaboard.com\/pl\/wp-json\/wp\/v2\/media\/?parent=3981"}],"curies":[{"name":"wp","href":"https:\/\/api.w.org\/{rel}","templated":true}]}}