{"id":4024,"date":"2024-06-12T10:26:06","date_gmt":"2024-06-12T08:26:06","guid":{"rendered":"https:\/\/help.mediaboard.com\/?page_id=4024"},"modified":"2024-07-08T17:49:45","modified_gmt":"2024-07-08T15:49:45","slug":"raporty-mailowe","status":"publish","type":"page","link":"https:\/\/help.mediaboard.com\/pl\/mediaboard\/jak-korzystac-z-mediaboard\/raporty-mailowe\/","title":{"rendered":"Raporty mailowe"},"content":{"rendered":"\n<p>Raporty mailowe mog\u0105 by\u0107 tworzone dla poszczeg\u00f3lnych os\u00f3b lub grup os\u00f3b. Na przyk\u0142ad, mo\u017cesz wysy\u0142a\u0107 tylko najwa\u017cniejsze informacje do niekt\u00f3rych pracownik\u00f3w, a pe\u0142ne informacje na wszystkie okre\u015blone tematy do innych u\u017cytkownik\u00f3w.<\/p>\n\n\n\n<p>Niekt\u00f3re wydarzenia musisz zna\u0107 natychmiast, inne wystarczy, \u017ce otrzymasz w formie cotygodniowego lub comiesi\u0119cznego podsumowania albo infografiki. System dostosowuje si\u0119 do Ciebie i Twoich wsp\u00f3\u0142pracownik\u00f3w, aby raportowa\u0107 tylko odpowiednie informacje w odpowiednim czasie.<\/p>\n\n\n\n<div class=\"wp-block-image\"><figure class=\"aligncenter size-large\"><img loading=\"lazy\" width=\"2160\" height=\"553\" src=\"https:\/\/help.mediaboard.com\/wp-content\/uploads\/\/2023\/10\/Untitled-design-3-1.svg\" alt=\"\" class=\"wp-image-4035\"\/><\/figure><\/div>\n\n\n\n<p>Po\u015bwi\u0119cili\u015bmy szczeg\u00f3ln\u0105 uwag\u0119 raportom. Zaprojektowali\u015bmy je tak, aby stanowi\u0142y kompleksowe \u017ar\u00f3d\u0142o informacji o Twojej firmie, marce lub konkurentach. Raporty s\u0105 automatycznie wysy\u0142ane na okre\u015blony adres e-mail lub adresy e-mail, do czytnika RSS lub bezpo\u015brednio na Tw\u00f3j Intranet.<\/p>\n\n\n\n<p class=\"has-text-color\" style=\"color:#0b62ff\"><strong><strong>RAPORTY REGULARNE<\/strong><\/strong><\/p>\n\n\n\n<p>Raporty automatyczne mo\u017cna ustawi\u0107 w sekcji Raporty. Mo\u017cesz ustawi\u0107 dowolne raporty dla ka\u017cdego tematu lub grupy temat\u00f3w, ka\u017cdy raport mo\u017ce mie\u0107 r\u00f3\u017cnych odbiorc\u00f3w i r\u00f3\u017cne cz\u0119stotliwo\u015bci wysy\u0142ania. Raporty mog\u0105 zawiera\u0107 jeden lub wi\u0119cej temat\u00f3w.<\/p>\n\n\n\n<p class=\"has-text-color\" style=\"color:#0b62ff\"><strong>A<strong>RAPORTY DORA\u0179NE (ADHOC)<\/strong><\/strong><\/p>\n\n\n\n<p>IOpr\u00f3cz automatycznych, regularnych raport\u00f3w, mo\u017cesz tak\u017ce tworzy\u0107 i wysy\u0142a\u0107 w\u0142asne raporty. W tych \u201edora\u017anych\u201d raportach mo\u017cesz doda\u0107 artyku\u0142y zar\u00f3wno z monitoringu, jak i z archiwum. Mo\u017cesz wysy\u0142a\u0107 te r\u0119cznie tworzone raporty do dowolnych odbiorc\u00f3w zgodnie z ustawieniami, kt\u00f3re wybierzesz.<br><\/p>\n\n\n\n<p><strong><strong>Jak to zrobi\u0107?<\/strong><br><strong>A) Przesy\u0142anie z Eksportu<\/strong> \u2013 <\/strong>wklej wybrane materia\u0142y do Eksportu, u\u017cywaj\u0105c ikony poni\u017cej pocz\u0105tkowego wykresu. Mo\u017cesz wstawia\u0107 materia\u0142y zar\u00f3wno z monitoringu, jak i z archiwum do eksportu.<\/p>\n\n\n\n<div class=\"wp-block-image\"><figure class=\"aligncenter size-large\"><img loading=\"lazy\" width=\"2163\" height=\"1058\" src=\"https:\/\/help.mediaboard.com\/wp-content\/uploads\/\/2023\/10\/Untitled-design-1-3.svg\" alt=\"\" class=\"wp-image-4037\"\/><\/figure><\/div>\n\n\n\n<p><strong><strong>B) Przesy\u0142anie z Monitoringu<\/strong> \u2013 <\/strong>mo\u017cesz szybko przekaza\u0107 wybrane materia\u0142y, u\u017cywaj\u0105c pomara\u0144czowej ikony poni\u017cej pocz\u0105tkowego wykresu.<\/p>\n\n\n\n<div class=\"wp-block-image\"><figure class=\"aligncenter size-large\"><img loading=\"lazy\" width=\"2163\" height=\"1058\" src=\"https:\/\/help.mediaboard.com\/wp-content\/uploads\/\/2023\/10\/Untitled-design-2-3.svg\" alt=\"\" class=\"wp-image-4038\"\/><\/figure><\/div>\n\n\n\n<p class=\"has-text-color\" style=\"color:#0b62ff\">I wszystko to w przyjaznym dla u\u017cytkownika \u015brodowisku, kt\u00f3re znasz na przyk\u0142ad z Gmaila.<\/p>\n\n\n\n<div class=\"wp-block-image\"><figure class=\"aligncenter size-large is-resized\"><img loading=\"lazy\" src=\"https:\/\/help.mediaboard.com\/wp-content\/uploads\/2023\/10\/Sni\u0301mek-obrazovky-2023-10-02-v-15.44.16-801x1024.png\" alt=\"\" class=\"wp-image-4039\" width=\"401\" height=\"512\" srcset=\"https:\/\/help.mediaboard.com\/wp-content\/uploads\/2023\/10\/Sni\u0301mek-obrazovky-2023-10-02-v-15.44.16-801x1024.png 801w, https:\/\/help.mediaboard.com\/wp-content\/uploads\/2023\/10\/Sni\u0301mek-obrazovky-2023-10-02-v-15.44.16-235x300.png 235w, https:\/\/help.mediaboard.com\/wp-content\/uploads\/2023\/10\/Sni\u0301mek-obrazovky-2023-10-02-v-15.44.16-768x982.png 768w, https:\/\/help.mediaboard.com\/wp-content\/uploads\/2023\/10\/Sni\u0301mek-obrazovky-2023-10-02-v-15.44.16.png 1076w\" sizes=\"(max-width: 401px) 100vw, 401px\" \/><\/figure><\/div>\n\n\n\n<p> <\/p>\n","protected":false},"excerpt":{"rendered":"<p>Raporty mailowe mog\u0105 by\u0107 tworzone dla poszczeg\u00f3lnych os\u00f3b lub grup os\u00f3b. Na przyk\u0142ad, mo\u017cesz wysy\u0142a\u0107 tylko najwa\u017cniejsze informacje do niekt\u00f3rych pracownik\u00f3w, a pe\u0142ne informacje na&#8230;<\/p>\n","protected":false},"author":1,"featured_media":0,"parent":3941,"menu_order":0,"comment_status":"closed","ping_status":"closed","template":"","meta":[],"_links":{"self":[{"href":"https:\/\/help.mediaboard.com\/pl\/wp-json\/wp\/v2\/pages\/4024\/"}],"collection":[{"href":"https:\/\/help.mediaboard.com\/pl\/wp-json\/wp\/v2\/pages\/"}],"about":[{"href":"https:\/\/help.mediaboard.com\/pl\/wp-json\/wp\/v2\/types\/page\/"}],"author":[{"embeddable":true,"href":"https:\/\/help.mediaboard.com\/pl\/wp-json\/wp\/v2\/users\/1\/"}],"replies":[{"embeddable":true,"href":"https:\/\/help.mediaboard.com\/pl\/wp-json\/wp\/v2\/comments\/?post=4024"}],"version-history":[{"count":8,"href":"https:\/\/help.mediaboard.com\/pl\/wp-json\/wp\/v2\/pages\/4024\/revisions\/"}],"predecessor-version":[{"id":4333,"href":"https:\/\/help.mediaboard.com\/pl\/wp-json\/wp\/v2\/pages\/4024\/revisions\/4333\/"}],"up":[{"embeddable":true,"href":"https:\/\/help.mediaboard.com\/pl\/wp-json\/wp\/v2\/pages\/3941\/"}],"wp:attachment":[{"href":"https:\/\/help.mediaboard.com\/pl\/wp-json\/wp\/v2\/media\/?parent=4024"}],"curies":[{"name":"wp","href":"https:\/\/api.w.org\/{rel}","templated":true}]}}