{"id":4050,"date":"2024-06-12T10:28:37","date_gmt":"2024-06-12T08:28:37","guid":{"rendered":"https:\/\/help.mediaboard.com\/?page_id=4050"},"modified":"2024-06-12T10:28:57","modified_gmt":"2024-06-12T08:28:57","slug":"eksport-materialow","status":"publish","type":"page","link":"https:\/\/help.mediaboard.com\/pl\/mediaboard\/jak-korzystac-z-mediaboard\/eksport-materialow\/","title":{"rendered":"Eksport materia\u0142\u00f3w"},"content":{"rendered":"\n<p>Mo\u017cesz eksportowa\u0107 materia\u0142y lub wysy\u0142a\u0107 je w raporcie mailowym do wybranych odbiorc\u00f3w bezpo\u015brednio z aplikacji.<\/p>\n\n\n\n<p>Artyku\u0142y mo\u017cesz wybiera\u0107 za pomoc\u0105 ikony &#8222;Wybierz&#8221;, kt\u00f3ra znajduje si\u0119 poni\u017cej pocz\u0105tkowego wykresu. W ten spos\u00f3b mo\u017cesz automatycznie zaznaczy\u0107 wszystkie przefiltrowane materia\u0142y (Wybierz -> Wszystkie) lub tylko te, kt\u00f3re s\u0105 aktualnie wy\u015bwietlane w kanale (Wybierz -> Wy\u015bwietlane).<\/p>\n\n\n\n<figure class=\"wp-block-image size-large\"><img loading=\"lazy\" width=\"2172\" height=\"851\" src=\"https:\/\/help.mediaboard.com\/wp-content\/uploads\/\/2023\/10\/Untitled-design-3-2.svg\" alt=\"\" class=\"wp-image-4061\"\/><\/figure>\n\n\n\n<p>Mo\u017cesz tak\u017ce wybiera\u0107 materia\u0142y r\u0119cznie. Przy ka\u017cdym z nich znajdziesz pole wyboru w lewym g\u00f3rnym rogu. W ten spos\u00f3b mo\u017cesz wybra\u0107 materia\u0142y do eksportu lub raportu.<\/p>\n\n\n\n<p><strong>Po zaznaczeniu pojawi\u0105 si\u0119 nowe ikony poni\u017cej g\u0142\u00f3wnego wykresu:<\/strong><\/p>\n\n\n\n<div class=\"wp-block-image\"><figure class=\"aligncenter size-full is-resized\"><img loading=\"lazy\" src=\"https:\/\/help.mediaboard.com\/wp-content\/uploads\/2023\/10\/Untitled-design-1-768x194-1.png\" alt=\"\" class=\"wp-image-4062\" width=\"384\" height=\"97\" srcset=\"https:\/\/help.mediaboard.com\/wp-content\/uploads\/2023\/10\/Untitled-design-1-768x194-1.png 768w, https:\/\/help.mediaboard.com\/wp-content\/uploads\/2023\/10\/Untitled-design-1-768x194-1-300x76.png 300w\" sizes=\"(max-width: 384px) 100vw, 384px\" \/><\/figure><\/div>\n\n\n\n<h3 class=\"has-text-color\" style=\"color:#0b62ff\"><strong>Funkcje dost\u0119pne po zaznaczeniu artyku\u0142u:<\/strong><\/h3>\n\n\n\n<ul><li><strong>Pobierz<\/strong> \u2013 szybki eksport<\/li><li><strong>Prze\u015blij dalej<\/strong> \u2013 szybki raport<\/li><li><strong>Dodaj do eksportu<\/strong> \u2013 materia\u0142 jest zapisywany w sekcji Eksport. W tej sekcji mo\u017cesz tworzy\u0107 list\u0119 materia\u0142\u00f3w, kt\u00f3re nast\u0119pnie mo\u017cesz pobra\u0107 lub przes\u0142a\u0107 do odbiorc\u00f3w mailowych. Materia\u0142y pozostan\u0105 w sekcji Eksport, dop\u00f3ki ich nie usuniesz.<\/li><li><strong>Ustawienia sentymentu<\/strong> \u2013 mo\u017cesz r\u0119cznie ustawi\u0107 sentyment poszczeg\u00f3lnych materia\u0142\u00f3w.<\/li><li><strong>Przypisz tag<\/strong> \u2013 mo\u017cesz przypisa\u0107 tag do materia\u0142u.<\/li><li><strong>Usu\u0144 tag<\/strong> \u2013 tag zostanie trwale usuni\u0119ty.<\/li><li><strong>Usu\u0144 artyku\u0142<\/strong> \u2013 artyku\u0142 zostanie trwale usuni\u0119ty.<\/li><\/ul>\n\n\n\n<p>Je\u015bli wybierzesz opcj\u0119 <strong>Dodaj do eksportu<\/strong>, wyb\u00f3r materia\u0142\u00f3w zostanie zapisany w sekcji Eksport. Tutaj mo\u017cesz kontynuowa\u0107 prac\u0119 z materia\u0142ami, przesy\u0142aj\u0105c je dalej lub pobieraj\u0105c.<\/p>\n\n\n\n<div class=\"wp-block-image\"><figure class=\"aligncenter size-large\"><img loading=\"lazy\" width=\"2173\" height=\"832\" src=\"https:\/\/help.mediaboard.com\/wp-content\/uploads\/\/2023\/10\/Untitled-design-4-1.svg\" alt=\"\" class=\"wp-image-4063\"\/><\/figure><\/div>\n","protected":false},"excerpt":{"rendered":"<p>Mo\u017cesz eksportowa\u0107 materia\u0142y lub wysy\u0142a\u0107 je w raporcie mailowym do wybranych odbiorc\u00f3w bezpo\u015brednio z aplikacji. Artyku\u0142y mo\u017cesz wybiera\u0107 za pomoc\u0105 ikony &#8222;Wybierz&#8221;, kt\u00f3ra znajduje si\u0119&#8230;<\/p>\n","protected":false},"author":1,"featured_media":0,"parent":3941,"menu_order":0,"comment_status":"closed","ping_status":"closed","template":"","meta":[],"_links":{"self":[{"href":"https:\/\/help.mediaboard.com\/pl\/wp-json\/wp\/v2\/pages\/4050\/"}],"collection":[{"href":"https:\/\/help.mediaboard.com\/pl\/wp-json\/wp\/v2\/pages\/"}],"about":[{"href":"https:\/\/help.mediaboard.com\/pl\/wp-json\/wp\/v2\/types\/page\/"}],"author":[{"embeddable":true,"href":"https:\/\/help.mediaboard.com\/pl\/wp-json\/wp\/v2\/users\/1\/"}],"replies":[{"embeddable":true,"href":"https:\/\/help.mediaboard.com\/pl\/wp-json\/wp\/v2\/comments\/?post=4050"}],"version-history":[{"count":7,"href":"https:\/\/help.mediaboard.com\/pl\/wp-json\/wp\/v2\/pages\/4050\/revisions\/"}],"predecessor-version":[{"id":4071,"href":"https:\/\/help.mediaboard.com\/pl\/wp-json\/wp\/v2\/pages\/4050\/revisions\/4071\/"}],"up":[{"embeddable":true,"href":"https:\/\/help.mediaboard.com\/pl\/wp-json\/wp\/v2\/pages\/3941\/"}],"wp:attachment":[{"href":"https:\/\/help.mediaboard.com\/pl\/wp-json\/wp\/v2\/media\/?parent=4050"}],"curies":[{"name":"wp","href":"https:\/\/api.w.org\/{rel}","templated":true}]}}