{"id":4072,"date":"2024-06-12T10:38:22","date_gmt":"2024-06-12T08:38:22","guid":{"rendered":"https:\/\/help.mediaboard.com\/?page_id=4072"},"modified":"2024-06-12T10:39:14","modified_gmt":"2024-06-12T08:39:14","slug":"filtrowanie-materialow","status":"publish","type":"page","link":"https:\/\/help.mediaboard.com\/pl\/mediaboard\/jak-korzystac-z-mediaboard\/filtrowanie-materialow\/","title":{"rendered":"Filtrowanie materia\u0142\u00f3w"},"content":{"rendered":"\n<p class=\"has-text-color\" style=\"color:#0b62ff;font-size:25px\"><strong>Pole filtr\u00f3w<\/strong><\/p>\n\n\n\n<div class=\"wp-block-image\"><figure class=\"aligncenter size-large\"><img loading=\"lazy\" width=\"1801\" height=\"365\" src=\"https:\/\/help.mediaboard.com\/wp-content\/uploads\/\/2023\/10\/Untitled-design-7.svg\" alt=\"\" class=\"wp-image-4112\"\/><\/figure><\/div>\n\n\n\n<p>Na pasku filtr\u00f3w znajdziesz kilka opcji sortowania i filtrowania materia\u0142\u00f3w. Oto dost\u0119pne opcje:<\/p>\n\n\n\n<div class=\"wp-block-image\"><figure class=\"aligncenter size-full is-resized\"><img loading=\"lazy\" src=\"https:\/\/help.mediaboard.com\/wp-content\/uploads\/2023\/10\/Sni\u0301mek-obrazovky-2023-10-13-v-10.19.57.png\" alt=\"\" class=\"wp-image-4111\" width=\"500\" height=\"335\" srcset=\"https:\/\/help.mediaboard.com\/wp-content\/uploads\/2023\/10\/Sni\u0301mek-obrazovky-2023-10-13-v-10.19.57.png 1000w, https:\/\/help.mediaboard.com\/wp-content\/uploads\/2023\/10\/Sni\u0301mek-obrazovky-2023-10-13-v-10.19.57-300x201.png 300w, https:\/\/help.mediaboard.com\/wp-content\/uploads\/2023\/10\/Sni\u0301mek-obrazovky-2023-10-13-v-10.19.57-768x515.png 768w\" sizes=\"(max-width: 500px) 100vw, 500px\" \/><\/figure><\/div>\n\n\n\n<p><strong>DATA<\/strong> \u2013 mo\u017cesz sortowa\u0107 materia\u0142y wed\u0142ug daty publikacji\/wydania. Mo\u017cesz u\u017cy\u0107 szybkich ustawie\u0144 lub wybra\u0107 konkretne daty.<\/p>\n\n\n\n<div class=\"wp-block-image\"><figure class=\"aligncenter size-large is-resized\"><img loading=\"lazy\" src=\"https:\/\/help.mediaboard.com\/wp-content\/uploads\/\/2023\/10\/Untitled-design-2-4.svg\" alt=\"\" class=\"wp-image-4114\" width=\"386\" height=\"373\"\/><\/figure><\/div>\n\n\n\n<p><strong>\u0179R\u00d3D\u0141O <\/strong>\u2013<strong> <\/strong>Korzystaj\u0105c z filtru \u0179r\u00f3d\u0142o, mo\u017cesz filtrowa\u0107 materia\u0142y wed\u0142ug typu medi\u00f3w \u2013 online\/drukowane\/TV\/radio\/podcasty lub wed\u0142ug konkretnego \u017ar\u00f3d\u0142a lub wydawcy. Mo\u017cesz wyszukiwa\u0107 konkretne \u017ar\u00f3d\u0142o (\u0179R\u00d3D\u0141O -> Pole wyszukiwania) lub wybiera\u0107 kilka \u017ar\u00f3de\u0142 z menu (\u0179R\u00d3D\u0141O -> Wybierz \u017ar\u00f3d\u0142a).<\/p>\n\n\n\n<div class=\"wp-block-image\"><figure class=\"aligncenter size-large is-resized\"><img loading=\"lazy\" src=\"https:\/\/help.mediaboard.com\/wp-content\/uploads\/\/2023\/10\/Untitled-design-1-6.svg\" alt=\"\" class=\"wp-image-4115\" width=\"496\" height=\"289\"\/><\/figure><\/div>\n\n\n\n<p><strong>AUTOR \u2013 <\/strong>Mo\u017cesz r\u00f3wnie\u017c wyszukiwa\u0107 wed\u0142ug konkretnego autora, wpisuj\u0105c po prostu jego nazwisko w filtrze Autor<\/p>\n\n\n\n<div class=\"wp-block-image\"><figure class=\"aligncenter size-large is-resized\"><img loading=\"lazy\" src=\"https:\/\/help.mediaboard.com\/wp-content\/uploads\/\/2023\/10\/Untitled-design-3-3.svg\" alt=\"\" class=\"wp-image-4116\" width=\"608\" height=\"300\"\/><\/figure><\/div>\n\n\n\n<p><strong>J\u0118ZYK<\/strong> \u2013 Mo\u017cesz filtrowa\u0107 wed\u0142ug j\u0119zyka na dwa sposoby. Mo\u017cesz albo filtrowa\u0107 wed\u0142ug kraju pochodzenia \u017ar\u00f3d\u0142a, albo wed\u0142ug j\u0119zyka \u017ar\u00f3d\u0142a.<\/p>\n\n\n\n<div class=\"wp-block-image\"><figure class=\"aligncenter size-large\"><img loading=\"lazy\" width=\"1344\" height=\"425\" src=\"https:\/\/help.mediaboard.com\/wp-content\/uploads\/\/2023\/10\/Untitled-design-4-2.svg\" alt=\"\" class=\"wp-image-4117\"\/><\/figure><\/div>\n\n\n\n<p><strong>SENTYMENT \u2013<\/strong> Mo\u017cesz tak\u017ce filtrowa\u0107 wed\u0142ug sentymentu, czyli nacechowania materia\u0142\u00f3w.<\/p>\n\n\n\n<div class=\"wp-block-image\"><figure class=\"aligncenter size-large\"><img loading=\"lazy\" width=\"1359\" height=\"413\" src=\"https:\/\/help.mediaboard.com\/wp-content\/uploads\/\/2023\/10\/Untitled-design-5-1.svg\" alt=\"\" class=\"wp-image-4118\"\/><\/figure><\/div>\n\n\n\n<p><meta charset=\"utf-8\"><strong>NOTATKI \u2013 <\/strong>Mo\u017cna doda\u0107 notatk\u0119 do ka\u017cdego materia\u0142u. Nast\u0119pnie mo\u017cna filtrowa\u0107 materia\u0142y wed\u0142ug do\u0142\u0105czonych notatek. Mo\u017cna wyszuka\u0107 wszystkie artyku\u0142y zawieraj\u0105ce jak\u0105kolwiek notatk\u0119 lub wyszuka\u0107 konkretn\u0105 notatk\u0119.<\/p>\n\n\n\n<div class=\"wp-block-image\"><figure class=\"aligncenter size-large\"><img loading=\"lazy\" width=\"1477\" height=\"443\" src=\"https:\/\/help.mediaboard.com\/wp-content\/uploads\/\/2023\/10\/Untitled-design-6.svg\" alt=\"\" class=\"wp-image-4119\"\/><\/figure><\/div>\n\n\n\n<p><strong>TYP MATERIA\u0141U <\/strong>\u2013 Mo\u017cesz tak\u017ce filtrowa\u0107 wed\u0142ug rodzaju samego materia\u0142u; mo\u017cesz na przyk\u0142ad wyszukiwa\u0107 posty social media, w\u0105tki dyskusyjne, przekszta\u0142conych na tekst wiadomo\u015bci g\u0142osowych (radio, podcasty), albo twoje w\u0142asne materia\u0142y.<\/p>\n\n\n\n<p class=\"has-text-color\" style=\"color:#0b62ff;font-size:25px\"><strong><meta charset=\"utf-8\"><strong><strong>Filtrowanie wed\u0142ug tematu<\/strong><\/strong><\/strong><\/p>\n\n\n\n<p>Materia\u0142y mo\u017cna filtrowa\u0107 wed\u0142ug ustawionych temat\u00f3w. Przegl\u0105d ustawionych temat\u00f3w wy\u015bwietla si\u0119 w menu po lewej stronie. Aby wygenerowa\u0107 artyku\u0142y z tylko jednego tematu, wystarczy klikn\u0105\u0107 na temat w tym menu. Mo\u017cna tak\u017ce wybra\u0107 kilka temat\u00f3w naraz.<\/p>\n\n\n\n<p class=\"has-text-color\" style=\"color:#0b62ff;font-size:25px\"><strong><strong>Filtrowanie wed\u0142ug tag\u00f3w<\/strong><\/strong><\/p>\n\n\n\n<p>Opr\u00f3cz notatek, mo\u017cna r\u00f3wnie\u017c przypisywa\u0107 tagi do materia\u0142\u00f3w. Przegl\u0105d tag\u00f3w jest wy\u015bwietlany w menu po lewej stronie. Materia\u0142y, kt\u00f3re maj\u0105 przypisany tag, mo\u017cna filtrowa\u0107 po prostu klikaj\u0105c na tag w menu bocznym. To spowoduje wygenerowanie materia\u0142\u00f3w tylko z tym tagiem.<\/p>\n\n\n\n<p><\/p>\n","protected":false},"excerpt":{"rendered":"<p>Pole filtr\u00f3w Na pasku filtr\u00f3w znajdziesz kilka opcji sortowania i filtrowania materia\u0142\u00f3w. Oto dost\u0119pne opcje: DATA \u2013 mo\u017cesz sortowa\u0107 materia\u0142y wed\u0142ug daty publikacji\/wydania. Mo\u017cesz u\u017cy\u0107&#8230;<\/p>\n","protected":false},"author":1,"featured_media":0,"parent":3941,"menu_order":0,"comment_status":"closed","ping_status":"closed","template":"","meta":[],"_links":{"self":[{"href":"https:\/\/help.mediaboard.com\/pl\/wp-json\/wp\/v2\/pages\/4072\/"}],"collection":[{"href":"https:\/\/help.mediaboard.com\/pl\/wp-json\/wp\/v2\/pages\/"}],"about":[{"href":"https:\/\/help.mediaboard.com\/pl\/wp-json\/wp\/v2\/types\/page\/"}],"author":[{"embeddable":true,"href":"https:\/\/help.mediaboard.com\/pl\/wp-json\/wp\/v2\/users\/1\/"}],"replies":[{"embeddable":true,"href":"https:\/\/help.mediaboard.com\/pl\/wp-json\/wp\/v2\/comments\/?post=4072"}],"version-history":[{"count":9,"href":"https:\/\/help.mediaboard.com\/pl\/wp-json\/wp\/v2\/pages\/4072\/revisions\/"}],"predecessor-version":[{"id":4138,"href":"https:\/\/help.mediaboard.com\/pl\/wp-json\/wp\/v2\/pages\/4072\/revisions\/4138\/"}],"up":[{"embeddable":true,"href":"https:\/\/help.mediaboard.com\/pl\/wp-json\/wp\/v2\/pages\/3941\/"}],"wp:attachment":[{"href":"https:\/\/help.mediaboard.com\/pl\/wp-json\/wp\/v2\/media\/?parent=4072"}],"curies":[{"name":"wp","href":"https:\/\/api.w.org\/{rel}","templated":true}]}}