{"id":4139,"date":"2024-06-12T10:41:15","date_gmt":"2024-06-12T08:41:15","guid":{"rendered":"https:\/\/help.mediaboard.com\/?page_id=4139"},"modified":"2024-06-12T10:41:15","modified_gmt":"2024-06-12T08:41:15","slug":"archiwum-mediow","status":"publish","type":"page","link":"https:\/\/help.mediaboard.com\/pl\/mediaboard\/jak-korzystac-z-mediaboard\/archiwum-mediow\/","title":{"rendered":"Archiwum Medi\u00f3w"},"content":{"rendered":"\n<p>Mo\u017cesz przeszukiwa\u0107 archiwum medi\u00f3w, u\u017cywaj\u0105c g\u00f3rnego paska wyszukiwania.<\/p>\n\n\n\n<div class=\"wp-block-image\"><figure class=\"aligncenter size-large\"><img loading=\"lazy\" width=\"2173\" height=\"902\" src=\"https:\/\/help.mediaboard.com\/wp-content\/uploads\/\/2023\/10\/Untitled-design-8.svg\" alt=\"\" class=\"wp-image-4143\"\/><\/figure><\/div>\n\n\n\n<p><\/p>\n\n\n\n<p>Po wpisaniu s\u0142owa kluczowego w wyszukiwarce, strumie\u0144 automatycznie wygeneruje przechwycone materia\u0142y i mo\u017cesz u\u017cy\u0107 klasycznych opcji filtrowania na pasku filtr\u00f3w, aby przefiltrowa\u0107 wygenerowane materia\u0142y. Podczas wpisywania s\u0142\u00f3w kluczowych zalecamy przestrzeganie <a href=\"https:\/\/app.mediaboard.com\/help\/search\">instrukcji<\/a>.<\/p>\n","protected":false},"excerpt":{"rendered":"<p>Mo\u017cesz przeszukiwa\u0107 archiwum medi\u00f3w, u\u017cywaj\u0105c g\u00f3rnego paska wyszukiwania. Po wpisaniu s\u0142owa kluczowego w wyszukiwarce, strumie\u0144 automatycznie wygeneruje przechwycone materia\u0142y i mo\u017cesz u\u017cy\u0107 klasycznych opcji filtrowania&#8230;<\/p>\n","protected":false},"author":1,"featured_media":0,"parent":3941,"menu_order":0,"comment_status":"closed","ping_status":"closed","template":"","meta":[],"_links":{"self":[{"href":"https:\/\/help.mediaboard.com\/pl\/wp-json\/wp\/v2\/pages\/4139\/"}],"collection":[{"href":"https:\/\/help.mediaboard.com\/pl\/wp-json\/wp\/v2\/pages\/"}],"about":[{"href":"https:\/\/help.mediaboard.com\/pl\/wp-json\/wp\/v2\/types\/page\/"}],"author":[{"embeddable":true,"href":"https:\/\/help.mediaboard.com\/pl\/wp-json\/wp\/v2\/users\/1\/"}],"replies":[{"embeddable":true,"href":"https:\/\/help.mediaboard.com\/pl\/wp-json\/wp\/v2\/comments\/?post=4139"}],"version-history":[{"count":5,"href":"https:\/\/help.mediaboard.com\/pl\/wp-json\/wp\/v2\/pages\/4139\/revisions\/"}],"predecessor-version":[{"id":4148,"href":"https:\/\/help.mediaboard.com\/pl\/wp-json\/wp\/v2\/pages\/4139\/revisions\/4148\/"}],"up":[{"embeddable":true,"href":"https:\/\/help.mediaboard.com\/pl\/wp-json\/wp\/v2\/pages\/3941\/"}],"wp:attachment":[{"href":"https:\/\/help.mediaboard.com\/pl\/wp-json\/wp\/v2\/media\/?parent=4139"}],"curies":[{"name":"wp","href":"https:\/\/api.w.org\/{rel}","templated":true}]}}