{"id":4169,"date":"2024-06-12T10:48:12","date_gmt":"2024-06-12T08:48:12","guid":{"rendered":"https:\/\/help.mediaboard.com\/?page_id=4169"},"modified":"2024-07-08T17:41:57","modified_gmt":"2024-07-08T15:41:57","slug":"notatki-tagi-sentyment","status":"publish","type":"page","link":"https:\/\/help.mediaboard.com\/pl\/mediaboard\/jak-korzystac-z-mediaboard\/notatki-tagi-sentyment\/","title":{"rendered":"Notatki, tagi, sentyment"},"content":{"rendered":"\n<p class=\"has-text-color has-large-font-size\" style=\"color:#0b62ff\"><strong>Notatki<\/strong><\/p>\n\n\n\n<div class=\"wp-block-image\"><figure class=\"aligncenter size-large\"><img loading=\"lazy\" width=\"2176\" height=\"929\" src=\"https:\/\/help.mediaboard.com\/wp-content\/uploads\/\/2023\/10\/Untitled-design-13.svg\" alt=\"\" class=\"wp-image-4179\"\/><\/figure><\/div>\n\n\n\n<p>Mo\u017cesz dodawa\u0107 dowolne komentarze do ka\u017cdego materia\u0142u. Nast\u0119pnie mo\u017cesz filtrowa\u0107 materia\u0142y wed\u0142ug notatek (pasek filtr\u00f3w).<\/p>\n\n\n\n<div class=\"wp-block-image\"><figure class=\"aligncenter size-large\"><img loading=\"lazy\" width=\"1489\" height=\"485\" src=\"https:\/\/help.mediaboard.com\/wp-content\/uploads\/\/2023\/10\/Untitled-design-14.svg\" alt=\"\" class=\"wp-image-4180\"\/><\/figure><\/div>\n\n\n\n<p class=\"has-text-color has-large-font-size\" style=\"color:#0b62ff\"><strong>Tagi<\/strong><\/p>\n\n\n\n<div class=\"wp-block-image\"><figure class=\"aligncenter size-large\"><img loading=\"lazy\" width=\"2172\" height=\"988\" src=\"https:\/\/help.mediaboard.com\/wp-content\/uploads\/\/2023\/10\/Untitled-design-15.svg\" alt=\"\" class=\"wp-image-4181\"\/><\/figure><\/div>\n\n\n\n<p>Opr\u00f3cz komentarzy, mo\u017cesz r\u00f3wnie\u017c tagowa\u0107 materia\u0142y. Mo\u017cesz utworzy\u0107 tag albo bezpo\u015brednio obok materia\u0142u, albo po lewej stronie w przegl\u0105dzie tag\u00f3w. Mo\u017cesz tak\u017ce filtrowa\u0107 materia\u0142y za pomoc\u0105 tag\u00f3w. Je\u015bli klikniesz na tag, wygenerowane zostan\u0105 tylko materia\u0142u z tym tagiem.<\/p>\n\n\n\n<p class=\"has-text-color has-large-font-size\" style=\"color:#0b62ff\"><strong>Sentyment<\/strong><\/p>\n\n\n\n<div class=\"wp-block-image\"><figure class=\"aligncenter size-large\"><img loading=\"lazy\" width=\"1843\" height=\"494\" src=\"https:\/\/help.mediaboard.com\/wp-content\/uploads\/\/2023\/10\/Untitled-design-16.svg\" alt=\"\" class=\"wp-image-4184\"\/><\/figure><\/div>\n\n\n\n<p>Mo\u017cesz tak\u017ce doda\u0107 sentyment do materia\u0142u. Sentyment informuje, czy wiadomo\u015b\u0107 jest pozytywna, negatywna, neutralna czy ambiwalentna. Na podstawie tej oceny poszczeg\u00f3lnych raport\u00f3w medialnych mo\u017cesz oceni\u0107 propozycj\u0119 warto\u015bci og\u00f3lnego wizerunku medialnego danego podmiotu.<\/p>\n\n\n\n<p class=\"has-text-color\" style=\"color:#0b62ff\"><strong><strong>Automatyczny sentyment<\/strong><\/strong><br><\/p>\n\n\n\n<p>Sentyment jest automatycznie przypisywany do materia\u0142\u00f3w na podstawie uczenia maszynowego i bazy danych wyra\u017ce\u0144 s\u0142ownych.<\/p>\n\n\n\n<p>Automatyczny sentyment nale\u017cy do us\u0142ug rozszerzonych. <strong>Je\u015bli jeste\u015b zainteresowany automatycznym <\/strong>sentymentem, skontaktuj si\u0119 z nami.<\/p>\n","protected":false},"excerpt":{"rendered":"<p>Notatki Mo\u017cesz dodawa\u0107 dowolne komentarze do ka\u017cdego materia\u0142u. Nast\u0119pnie mo\u017cesz filtrowa\u0107 materia\u0142y wed\u0142ug notatek (pasek filtr\u00f3w). Tagi Opr\u00f3cz komentarzy, mo\u017cesz r\u00f3wnie\u017c tagowa\u0107 materia\u0142y. Mo\u017cesz utworzy\u0107&#8230;<\/p>\n","protected":false},"author":1,"featured_media":0,"parent":3941,"menu_order":0,"comment_status":"closed","ping_status":"closed","template":"","meta":[],"_links":{"self":[{"href":"https:\/\/help.mediaboard.com\/pl\/wp-json\/wp\/v2\/pages\/4169\/"}],"collection":[{"href":"https:\/\/help.mediaboard.com\/pl\/wp-json\/wp\/v2\/pages\/"}],"about":[{"href":"https:\/\/help.mediaboard.com\/pl\/wp-json\/wp\/v2\/types\/page\/"}],"author":[{"embeddable":true,"href":"https:\/\/help.mediaboard.com\/pl\/wp-json\/wp\/v2\/users\/1\/"}],"replies":[{"embeddable":true,"href":"https:\/\/help.mediaboard.com\/pl\/wp-json\/wp\/v2\/comments\/?post=4169"}],"version-history":[{"count":9,"href":"https:\/\/help.mediaboard.com\/pl\/wp-json\/wp\/v2\/pages\/4169\/revisions\/"}],"predecessor-version":[{"id":4332,"href":"https:\/\/help.mediaboard.com\/pl\/wp-json\/wp\/v2\/pages\/4169\/revisions\/4332\/"}],"up":[{"embeddable":true,"href":"https:\/\/help.mediaboard.com\/pl\/wp-json\/wp\/v2\/pages\/3941\/"}],"wp:attachment":[{"href":"https:\/\/help.mediaboard.com\/pl\/wp-json\/wp\/v2\/media\/?parent=4169"}],"curies":[{"name":"wp","href":"https:\/\/api.w.org\/{rel}","templated":true}]}}