{"id":4195,"date":"2024-06-12T10:57:13","date_gmt":"2024-06-12T08:57:13","guid":{"rendered":"https:\/\/help.mediaboard.com\/?page_id=4195"},"modified":"2024-06-12T10:57:13","modified_gmt":"2024-06-12T08:57:13","slug":"tematy-i-slowa-kluczowe","status":"publish","type":"page","link":"https:\/\/help.mediaboard.com\/pl\/mediaboard\/jak-korzystac-z-mediaboard\/tematy-i-slowa-kluczowe\/","title":{"rendered":"Tematy i s\u0142owa kluczowe"},"content":{"rendered":"\n<p class=\"has-text-align-left has-text-color\" style=\"color:#0b62ff\">Monitorowanie opiera si\u0119 na wcze\u015bniej ustawionych tematach i s\u0142owach kluczowych.<\/p>\n\n\n\n<p><strong>S\u0142owa kluczowe reprezentuj\u0105 projekty,<\/strong> kt\u00f3re chcesz monitorowa\u0107. Mog\u0105 to by\u0107 na przyk\u0142ad nazwa twojej firmy, nazwiska przedstawicieli firmy, konkurenci, wydarzenia, a nawet og\u00f3lne obszary tematyczne. Istniej\u0105 jasne regu\u0142y dotycz\u0105ce s\u0142\u00f3w kluczowych, dzi\u0119ki kt\u00f3rym zawsze wyszukiwane s\u0105 tylko istotne wyniki w monitoringu.<br><br>Aby monitoring by\u0142 klarowniejszy, masz mo\u017cliwo\u015b\u0107 podzia\u0142u swoich grup s\u0142\u00f3w kluczowych na tzw. Tematy. W ramach temat\u00f3w masz mo\u017cliwo\u015b\u0107 ustawie\u0144 szczeg\u00f3\u0142owych, na przyk\u0142ad wyboru konkretnej listy \u017ar\u00f3de\u0142 medialnych, w kt\u00f3rych b\u0119d\u0105 wyszukiwane projekty.<\/p>\n","protected":false},"excerpt":{"rendered":"<p>Monitorowanie opiera si\u0119 na wcze\u015bniej ustawionych tematach i s\u0142owach kluczowych. S\u0142owa kluczowe reprezentuj\u0105 projekty, kt\u00f3re chcesz monitorowa\u0107. Mog\u0105 to by\u0107 na przyk\u0142ad nazwa twojej firmy,&#8230;<\/p>\n","protected":false},"author":1,"featured_media":0,"parent":3941,"menu_order":0,"comment_status":"closed","ping_status":"closed","template":"","meta":[],"_links":{"self":[{"href":"https:\/\/help.mediaboard.com\/pl\/wp-json\/wp\/v2\/pages\/4195\/"}],"collection":[{"href":"https:\/\/help.mediaboard.com\/pl\/wp-json\/wp\/v2\/pages\/"}],"about":[{"href":"https:\/\/help.mediaboard.com\/pl\/wp-json\/wp\/v2\/types\/page\/"}],"author":[{"embeddable":true,"href":"https:\/\/help.mediaboard.com\/pl\/wp-json\/wp\/v2\/users\/1\/"}],"replies":[{"embeddable":true,"href":"https:\/\/help.mediaboard.com\/pl\/wp-json\/wp\/v2\/comments\/?post=4195"}],"version-history":[{"count":2,"href":"https:\/\/help.mediaboard.com\/pl\/wp-json\/wp\/v2\/pages\/4195\/revisions\/"}],"predecessor-version":[{"id":4198,"href":"https:\/\/help.mediaboard.com\/pl\/wp-json\/wp\/v2\/pages\/4195\/revisions\/4198\/"}],"up":[{"embeddable":true,"href":"https:\/\/help.mediaboard.com\/pl\/wp-json\/wp\/v2\/pages\/3941\/"}],"wp:attachment":[{"href":"https:\/\/help.mediaboard.com\/pl\/wp-json\/wp\/v2\/media\/?parent=4195"}],"curies":[{"name":"wp","href":"https:\/\/api.w.org\/{rel}","templated":true}]}}