{"id":4207,"date":"2024-06-12T13:24:50","date_gmt":"2024-06-12T11:24:50","guid":{"rendered":"https:\/\/help.mediaboard.com\/?page_id=4207"},"modified":"2024-06-12T13:24:51","modified_gmt":"2024-06-12T11:24:51","slug":"konto-uzytkownika","status":"publish","type":"page","link":"https:\/\/help.mediaboard.com\/pl\/mediaboard\/jak-korzystac-z-mediaboard\/konto-uzytkownika\/","title":{"rendered":"Konto u\u017cytkownika"},"content":{"rendered":"\n<div class=\"wp-block-image\"><figure class=\"aligncenter size-large\"><img loading=\"lazy\" width=\"2161\" height=\"748\" src=\"https:\/\/help.mediaboard.com\/wp-content\/uploads\/\/2023\/10\/Untitled-design-18.svg\" alt=\"\" class=\"wp-image-4212\"\/><figcaption><br><\/figcaption><\/figure><\/div>\n\n\n\n<p>W sekcji <strong>Ustawienia<\/strong> znajdziesz informacje dotycz\u0105ce swojego konta, limit\u00f3w, monitorowanych medi\u00f3w oraz dost\u0119pnych dla Ciebie funkcji aplikacji oraz tych, kt\u00f3re nie s\u0105 dost\u0119pne.<\/p>\n\n\n\n<p><strong>Informacje o taryfie<\/strong> \u2013 w sekcji Ustawienia znajdziesz status limit\u00f3w dla eksportowanych materia\u0142\u00f3w oraz znalezionych materia\u0142\u00f3w poprzez tematy. Mo\u017cesz tak\u017ce poprosi\u0107 o ich zwi\u0119kszenie.<\/p>\n\n\n\n<p><strong>Logo<\/strong> \u2013 w sekcji Ustawienia mo\u017cesz przes\u0142a\u0107 w\u0142asne logo, kt\u00f3re zostanie wy\u015bwietlane w raportach, eksportach oraz w samej aplikacji.<\/p>\n\n\n\n<p><strong>Waluta <\/strong>\u2013 mo\u017cesz r\u00f3wnie\u017c wybra\u0107, w jakiej walucie b\u0119dzie obliczane AVE.<\/p>\n\n\n\n<p><strong>Zmiana has\u0142a <\/strong>\u2013 w sekcji Ustawienia mo\u017cesz tak\u017ce zmieni\u0107 swoje obecne has\u0142o.<\/p>\n","protected":false},"excerpt":{"rendered":"<p>W sekcji Ustawienia znajdziesz informacje dotycz\u0105ce swojego konta, limit\u00f3w, monitorowanych medi\u00f3w oraz dost\u0119pnych dla Ciebie funkcji aplikacji oraz tych, kt\u00f3re nie s\u0105 dost\u0119pne. Informacje o&#8230;<\/p>\n","protected":false},"author":1,"featured_media":0,"parent":3941,"menu_order":0,"comment_status":"closed","ping_status":"closed","template":"","meta":[],"_links":{"self":[{"href":"https:\/\/help.mediaboard.com\/pl\/wp-json\/wp\/v2\/pages\/4207\/"}],"collection":[{"href":"https:\/\/help.mediaboard.com\/pl\/wp-json\/wp\/v2\/pages\/"}],"about":[{"href":"https:\/\/help.mediaboard.com\/pl\/wp-json\/wp\/v2\/types\/page\/"}],"author":[{"embeddable":true,"href":"https:\/\/help.mediaboard.com\/pl\/wp-json\/wp\/v2\/users\/1\/"}],"replies":[{"embeddable":true,"href":"https:\/\/help.mediaboard.com\/pl\/wp-json\/wp\/v2\/comments\/?post=4207"}],"version-history":[{"count":5,"href":"https:\/\/help.mediaboard.com\/pl\/wp-json\/wp\/v2\/pages\/4207\/revisions\/"}],"predecessor-version":[{"id":4217,"href":"https:\/\/help.mediaboard.com\/pl\/wp-json\/wp\/v2\/pages\/4207\/revisions\/4217\/"}],"up":[{"embeddable":true,"href":"https:\/\/help.mediaboard.com\/pl\/wp-json\/wp\/v2\/pages\/3941\/"}],"wp:attachment":[{"href":"https:\/\/help.mediaboard.com\/pl\/wp-json\/wp\/v2\/media\/?parent=4207"}],"curies":[{"name":"wp","href":"https:\/\/api.w.org\/{rel}","templated":true}]}}